{"id":147,"date":"2024-03-18T17:38:29","date_gmt":"2024-03-18T17:38:29","guid":{"rendered":"https:\/\/fn.se\/nykoping\/?page_id=147"},"modified":"2024-06-05T18:44:04","modified_gmt":"2024-06-05T18:44:04","slug":"naringslivsfragor-2024","status":"publish","type":"page","link":"https:\/\/fn.se\/nykoping\/naringslivsfragor-2024\/","title":{"rendered":"N\u00c4RINGSLIVSFR\u00c5GOR 2024"},"content":{"rendered":"\n<p>Markus Berg, ny styrelseledamot f.o.m. 2024, har utsetts till ansvarig f\u00f6r n\u00e4ringslivsfr\u00e5gor i Nyk\u00f6pings FN-f\u00f6rening och kommer l\u00e4gga upp information h\u00e4r fram\u00f6ver. Vi jobbar f\u00f6r att fler sm\u00e5, medelstora och stora f\u00f6retag ska upp \u00f6gonen f\u00f6r <strong>organisationsmedlemskap<\/strong> (350kr\/\u00e5r) och h\u00e5llbar utveckling kopplat till Agenda 2030, FN:s 17 globala m\u00e5l. <\/p>\n\n\n\n<p><strong>Vad inneb\u00e4r d\u00e5 ett organisationsmedlemskap?<\/strong><\/p>\n\n\n\n<p><strong><em>Vilken v\u00e4rld vill ni se? <\/em><\/strong>Ditt f\u00f6retag kan st\u00e5 upp f\u00f6r en fredligare och s\u00e4krare v\u00e4rld. F\u00f6r klimatkampen och en h\u00e5llbar utveckling. Och f\u00f6r \u00f6kad respekt f\u00f6r m\u00e4nskliga r\u00e4ttigheter och demokrati.<\/p>\n\n\n\n<p>Internationellt samarbete f\u00f6r en fredlig och h\u00e5llbar v\u00e4rld beh\u00f6vs i dag mer \u00e4n n\u00e5gonsin och FN \u00e4r, trots sina brister och utmaningar, den enda plattform vi har f\u00f6r detta. Nu befinner vi oss i en period d\u00e5 demokratiska principer utmanas, regler om fredlig konfliktl\u00f6sning \u00e5sidos\u00e4tts, grundl\u00e4ggande r\u00e4ttigheter i fred och krig bryts mot, och klimatkrisen blir alltmer ett faktum. Dessutom kapas finansieringen till civilsamh\u00e4llet utan tanke p\u00e5 konsekvenserna. <strong>Det g\u00f6r att behovet av samarbeten och st\u00f6d \u00e4r viktigare \u00e4n n\u00e5gonsin!<\/strong><br><br>Tillsammans med oss kan ditt f\u00f6retag bidra till en positiv kraft f\u00f6r fred, h\u00e5llbar utveckling och m\u00e4nskliga r\u00e4ttigheter. Nu och i framtiden. <strong>Bli medlem h\u00e4r:<\/strong> <a href=\"https:\/\/betalning.fn.se\/pfs\/memberregistration\/\">https:\/\/betalning.fn.se\/pfs\/memberregistration\/<\/a> <\/p>\n\n\n\n<p><strong>V\u00e4lj medlemskap:<\/strong> Organisation (350kr\/\u00e5r), <strong>distrikt: <\/strong>S\u00f6dermanlands l\u00e4ns FN-distrikt <strong>lokalf\u00f6rening:<\/strong> Nyk\u00f6pings FN-f\u00f6rening<\/p>\n\n\n\n<h4 class=\"wp-block-heading\">Det h\u00e4r f\u00e5r Ni som ORGANISATIONSmedlem<\/h4>\n\n\n\n<ul class=\"wp-block-list\">\n<li>Tidningen V\u00e4rldshorisont fyra g\u00e5nger per \u00e5r<\/li>\n\n\n\n<li>FN-pin, att s\u00e4tta p\u00e5 tr\u00f6jan, v\u00e4skan eller kavajen s\u00e5 att ni kan visa ditt st\u00f6d<\/li>\n\n\n\n<li>Inbjudningar till v\u00e5ra utbildningar, seminarier och event. Oftast till reducerat pris<\/li>\n\n\n\n<li>Erbjudanden i FN-f\u00f6rbundets webshop<\/li>\n\n\n\n<li>M\u00f6jlighet att bli aktiv \u2013 ni som vill kan engagera er i fr\u00e5gor som handlar om m\u00e4nskliga r\u00e4ttigheter, fred och s\u00e4kerhet och h\u00e5llbar utveckling<\/li>\n\n\n\n<li>M\u00f6jlighet att agera genom namninsamlingar och olika aktioner<\/li>\n\n\n\n<li>Nyhetsbrev till din mailinbox med FN-nyheter och aktuella tips f\u00f6r er som vill engagera er i FN-fr\u00e5gor<\/li>\n\n\n\n<li>M\u00f6jlighet att st\u00f6dja olika kampanjer och insamlingar<\/li>\n\n\n\n<li>M\u00f6jlighet att p\u00e5verka och n\u00e4tverka inom FN-r\u00f6relsen lokalt, nationellt och internationellt<\/li>\n<\/ul>\n\n\n\n<p><\/p>\n\n\n\n<p><strong>EN GLAD NYHET!<\/strong><\/p>\n\n\n\n<p>F\u00f6retaget CTT i Nyk\u00f6ping v\u00e4ljer att sponsra v\u00e5rt stipendium &#8221;En ung eldsj\u00e4l&#8221; (3000kr) f\u00f6r att uppmuntra fler att nominera ungdomar i \u00e5ldern 18-26 \u00e5r som v\u00e5gar visa mod, civilkurage eller stort engagemang i aktuella viktiga fr\u00e5gor som exempelvis j\u00e4mst\u00e4lldhet, HBTQI, likabehandling, m\u00e5ngfaldsarbete, psykisk h\u00e4lsa och v\u00e4lbefinnande mfl. Vi \u00e4r glada f\u00f6r att ett f\u00f6retag som CTT v\u00e4ljer att sponsra Nyk\u00f6pings FN-f\u00f6rening. <\/p>\n\n\n\n<p>Arbetar du med <strong>h\u00e5llbarhetsarbete<\/strong> eller \u00e4r v\u00e4l insatt i din arbetsplats vision om ett b\u00e4ttre och starkare Nyk\u00f6ping, <em>i enlighet med FN:s konvention om m\u00e4nskliga r\u00e4ttigheter, klimatavtal, mm. <\/em>f\u00e5r du g\u00e4rna <strong>kontakta oss<\/strong> s\u00e5 ber\u00e4ttar vi mer om vad ett lokalt f\u00f6retag kan bidra med f\u00f6r att lyfta v\u00e5ra barn och unga genom sponsring av stipendier. <strong>Maila oss p\u00e5: <\/strong>fnforeningen.nykoping@gmail.com \ud83d\udc9a<\/p>\n","protected":false},"excerpt":{"rendered":"<p>Markus Berg, ny styrelseledamot f.o.m. 2024, har utsetts till ansvarig f\u00f6r n\u00e4ringslivsfr\u00e5gor i Nyk\u00f6pings FN-f\u00f6rening och kommer l\u00e4gga upp information&hellip;<\/p>\n","protected":false},"author":74,"featured_media":0,"parent":0,"menu_order":0,"comment_status":"closed","ping_status":"closed","template":"","meta":{"_acf_changed":false,"footnotes":"","_links_to":"","_links_to_target":""},"class_list":["post-147","page","type-page","status-publish","hentry"],"acf":[],"_links":{"self":[{"href":"https:\/\/fn.se\/nykoping\/wp-json\/wp\/v2\/pages\/147","targetHints":{"allow":["GET"]}}],"collection":[{"href":"https:\/\/fn.se\/nykoping\/wp-json\/wp\/v2\/pages"}],"about":[{"href":"https:\/\/fn.se\/nykoping\/wp-json\/wp\/v2\/types\/page"}],"author":[{"embeddable":true,"href":"https:\/\/fn.se\/nykoping\/wp-json\/wp\/v2\/users\/74"}],"replies":[{"embeddable":true,"href":"https:\/\/fn.se\/nykoping\/wp-json\/wp\/v2\/comments?post=147"}],"version-history":[{"count":3,"href":"https:\/\/fn.se\/nykoping\/wp-json\/wp\/v2\/pages\/147\/revisions"}],"predecessor-version":[{"id":167,"href":"https:\/\/fn.se\/nykoping\/wp-json\/wp\/v2\/pages\/147\/revisions\/167"}],"wp:attachment":[{"href":"https:\/\/fn.se\/nykoping\/wp-json\/wp\/v2\/media?parent=147"}],"curies":[{"name":"wp","href":"https:\/\/api.w.org\/{rel}","templated":true}]}}