{"id":14,"date":"2016-10-04T14:27:09","date_gmt":"2016-10-04T14:27:09","guid":{"rendered":"http:\/\/fn.se\/nykoping\/?page_id=14"},"modified":"2025-03-19T15:13:32","modified_gmt":"2025-03-19T15:13:32","slug":"styrelse","status":"publish","type":"page","link":"https:\/\/fn.se\/nykoping\/styrelse\/","title":{"rendered":"Styrelsen"},"content":{"rendered":"<h1>Styrelsen 2025<\/h1>\n<p class=\"intro\"><strong>F\u00f6ljande personer utg\u00f6r f\u00f6reningens styrelse <\/strong><\/p>\n<p><strong>Ordf\u00f6rande:<\/strong> Lara St\u00e5lnacke<\/p>\n<p><strong>Vice ordf\u00f6rande:<\/strong><\/p>\n<p><strong>Kass\u00f6r:<\/strong> Shahad Abdi (omval 28 februari 2025)<\/p>\n<p><strong>Ordinarie ledam\u00f6ter:<\/strong><\/p>\n<p><strong>Revisor:<\/strong><\/p>\n<p><strong>Styrelsen tr\u00e4ffas under fyra ordinarie styrelsem\u00f6ten under ett \u00e5r<\/strong> och ibland extrainsatta m\u00f6tet vid aktiviteter. Totalt best\u00e5r den av 8 personer som kan hj\u00e4lpas \u00e5t att planera och genomf\u00f6ra motiverade aktiviteter som <strong>alla medlemmar<\/strong> g\u00e4rna ocks\u00e5 f\u00e5r engagera sig och delta i vid intresse! <em>I dessa tuffa tider beh\u00f6vs fler starka r\u00f6ster f\u00f6r medm\u00e4nsklighet, fred och ett \u00f6ppet j\u00e4mst\u00e4llt och inkluderande samh\u00e4lle.<\/em><\/p>\n<p><strong>Valberedning:<\/strong> Kent Pettersson (ansvarig l\u00e4rare f\u00f6r FN-gruppen p\u00e5 Nyk\u00f6pings gymnasium)<\/p>\n<p><img loading=\"lazy\" decoding=\"async\" class=\"alignnone  wp-image-85\" src=\"https:\/\/fn.se\/nykoping\/wp-content\/uploads\/sites\/88\/2023\/09\/276295899_311247607742891_4660251516459414412_n-241x300.jpg\" alt=\"\" width=\"222\" height=\"276\" srcset=\"https:\/\/fn.se\/nykoping\/wp-content\/uploads\/sites\/88\/2023\/09\/276295899_311247607742891_4660251516459414412_n-241x300.jpg 241w, https:\/\/fn.se\/nykoping\/wp-content\/uploads\/sites\/88\/2023\/09\/276295899_311247607742891_4660251516459414412_n-768x956.jpg 768w, https:\/\/fn.se\/nykoping\/wp-content\/uploads\/sites\/88\/2023\/09\/276295899_311247607742891_4660251516459414412_n-650x809.jpg 650w, https:\/\/fn.se\/nykoping\/wp-content\/uploads\/sites\/88\/2023\/09\/276295899_311247607742891_4660251516459414412_n.jpg 771w\" sizes=\"auto, (max-width: 222px) 100vw, 222px\" \/> <img loading=\"lazy\" decoding=\"async\" class=\"alignnone  wp-image-86\" src=\"https:\/\/fn.se\/nykoping\/wp-content\/uploads\/sites\/88\/2023\/09\/344003641_596365492231284_4355701115569239266_n-300x225.jpg\" alt=\"\" width=\"367\" height=\"275\" srcset=\"https:\/\/fn.se\/nykoping\/wp-content\/uploads\/sites\/88\/2023\/09\/344003641_596365492231284_4355701115569239266_n-300x225.jpg 300w, https:\/\/fn.se\/nykoping\/wp-content\/uploads\/sites\/88\/2023\/09\/344003641_596365492231284_4355701115569239266_n-1024x769.jpg 1024w, https:\/\/fn.se\/nykoping\/wp-content\/uploads\/sites\/88\/2023\/09\/344003641_596365492231284_4355701115569239266_n-768x577.jpg 768w, https:\/\/fn.se\/nykoping\/wp-content\/uploads\/sites\/88\/2023\/09\/344003641_596365492231284_4355701115569239266_n-650x488.jpg 650w, https:\/\/fn.se\/nykoping\/wp-content\/uploads\/sites\/88\/2023\/09\/344003641_596365492231284_4355701115569239266_n.jpg 1440w\" sizes=\"auto, (max-width: 367px) 100vw, 367px\" \/><\/p>\n","protected":false},"excerpt":{"rendered":"<p>Styrelsen 2025 F\u00f6ljande personer utg\u00f6r f\u00f6reningens styrelse Ordf\u00f6rande: Lara St\u00e5lnacke Vice ordf\u00f6rande: Kass\u00f6r: Shahad Abdi (omval 28 februari 2025) Ordinarie&hellip;<\/p>\n","protected":false},"author":17,"featured_media":0,"parent":0,"menu_order":0,"comment_status":"closed","ping_status":"closed","template":"templates\/template-sub.php","meta":{"_acf_changed":false,"footnotes":"","_links_to":"","_links_to_target":""},"class_list":["post-14","page","type-page","status-publish","hentry"],"acf":[],"_links":{"self":[{"href":"https:\/\/fn.se\/nykoping\/wp-json\/wp\/v2\/pages\/14","targetHints":{"allow":["GET"]}}],"collection":[{"href":"https:\/\/fn.se\/nykoping\/wp-json\/wp\/v2\/pages"}],"about":[{"href":"https:\/\/fn.se\/nykoping\/wp-json\/wp\/v2\/types\/page"}],"author":[{"embeddable":true,"href":"https:\/\/fn.se\/nykoping\/wp-json\/wp\/v2\/users\/17"}],"replies":[{"embeddable":true,"href":"https:\/\/fn.se\/nykoping\/wp-json\/wp\/v2\/comments?post=14"}],"version-history":[{"count":11,"href":"https:\/\/fn.se\/nykoping\/wp-json\/wp\/v2\/pages\/14\/revisions"}],"predecessor-version":[{"id":190,"href":"https:\/\/fn.se\/nykoping\/wp-json\/wp\/v2\/pages\/14\/revisions\/190"}],"wp:attachment":[{"href":"https:\/\/fn.se\/nykoping\/wp-json\/wp\/v2\/media?parent=14"}],"curies":[{"name":"wp","href":"https:\/\/api.w.org\/{rel}","templated":true}]}}