{"id":64,"date":"2016-10-06T09:28:13","date_gmt":"2016-10-06T09:28:13","guid":{"rendered":"http:\/\/fn.se\/nedansiljan\/?page_id=64"},"modified":"2016-10-17T14:09:39","modified_gmt":"2016-10-17T14:09:39","slug":"verksamhet","status":"publish","type":"page","link":"https:\/\/fn.se\/nedansiljan\/verksamhet\/","title":{"rendered":"Verksamhet"},"content":{"rendered":"<h3 class=\"intro\"><strong><em>K\u00e4ra medlemmar \u2026<\/em><\/strong><\/h3>\n<p class=\"intro\"><em>L\u00e4get i v\u00e4rlden g\u00f6r att det k\u00e4nns h\u00f6gst angel\u00e4get med FN engagemang. Vi i styrelsen planerar f\u00f6r att \u00f6ka kunskapen om detta och att ocks\u00e5 hitta v\u00e4gar att hj\u00e4lpa. Vi vill g\u00e4rna bli fler, s\u00e5 kom p\u00e5 v\u00e5ra tr\u00e4ffar och ta g\u00e4rna med en v\u00e4n eller tv\u00e5.\u00a0<\/em><\/p>\n<p class=\"intro\"><a href=\"https:\/\/fn.se\/nedansiljan\/styrelse\/\">Styrelse<\/a><\/p>\n<p class=\"intro\"><a href=\"https:\/\/fn.se\/nedansiljan\/protokoll\/\">Protokoll fr\u00e5n tidigare m\u00f6ten<\/a><\/p>\n<p class=\"intro\"><a href=\"https:\/\/fn.se\/nedansiljan\/arkiv\/\">Arkiv<\/a><\/p>\n","protected":false},"excerpt":{"rendered":"<p>K\u00e4ra medlemmar \u2026 L\u00e4get i v\u00e4rlden g\u00f6r att det k\u00e4nns h\u00f6gst angel\u00e4get med FN engagemang. Vi i styrelsen planerar f\u00f6r&hellip;<\/p>\n","protected":false},"author":17,"featured_media":0,"parent":0,"menu_order":0,"comment_status":"closed","ping_status":"closed","template":"templates\/template-sub.php","meta":{"_acf_changed":false,"footnotes":"","_links_to":"","_links_to_target":""},"class_list":["post-64","page","type-page","status-publish","hentry"],"acf":[],"_links":{"self":[{"href":"https:\/\/fn.se\/nedansiljan\/wp-json\/wp\/v2\/pages\/64","targetHints":{"allow":["GET"]}}],"collection":[{"href":"https:\/\/fn.se\/nedansiljan\/wp-json\/wp\/v2\/pages"}],"about":[{"href":"https:\/\/fn.se\/nedansiljan\/wp-json\/wp\/v2\/types\/page"}],"author":[{"embeddable":true,"href":"https:\/\/fn.se\/nedansiljan\/wp-json\/wp\/v2\/users\/17"}],"replies":[{"embeddable":true,"href":"https:\/\/fn.se\/nedansiljan\/wp-json\/wp\/v2\/comments?post=64"}],"version-history":[{"count":1,"href":"https:\/\/fn.se\/nedansiljan\/wp-json\/wp\/v2\/pages\/64\/revisions"}],"predecessor-version":[{"id":66,"href":"https:\/\/fn.se\/nedansiljan\/wp-json\/wp\/v2\/pages\/64\/revisions\/66"}],"wp:attachment":[{"href":"https:\/\/fn.se\/nedansiljan\/wp-json\/wp\/v2\/media?parent=64"}],"curies":[{"name":"wp","href":"https:\/\/api.w.org\/{rel}","templated":true}]}}