{"id":59,"date":"2016-10-06T09:25:31","date_gmt":"2016-10-06T09:25:31","guid":{"rendered":"http:\/\/fn.se\/nedansiljan\/?page_id=59"},"modified":"2016-10-17T14:09:27","modified_gmt":"2016-10-17T14:09:27","slug":"tidigare-fn-dagar","status":"publish","type":"page","link":"https:\/\/fn.se\/nedansiljan\/tidigare-fn-dagar\/","title":{"rendered":"Tidigare FN-dagar"},"content":{"rendered":"<h1>Tidigare FN-dagar<\/h1>\n<p class=\"intro\"><strong>FN-dagen firades med film!<\/strong><\/p>\n<p class=\"intro\">N\u00e4rmare best\u00e4mt kortfilmerna &#8221;Frihetens gr\u00e4nser&#8221; som tar upp problemen kring och bristen p\u00e5 m\u00e4nskliga r\u00e4ttigheter. Det fanns mycket att prata om.<\/p>\n<p class=\"intro\">Kv\u00e4llen blev trevlig med t\u00e4nda ljus och god fika.<\/p>\n<p class=\"intro\"><strong>De \u00e5tta m\u00e5len som kan f\u00f6r\u00e4ndra v\u00e4rlden<\/strong><\/p>\n<p class=\"intro\">Kv\u00e4llen den 24 november till\u00e4gnades millenniem\u00e5len. Lejla Rizvanbegovic, millenniem\u00e5lsambassad\u00f6r och ordf\u00f6rande i Vetlanda FN-f\u00f6rening, kom p\u00e5 bes\u00f6k och pratade om de viktiga m\u00e5len.<\/p>\n","protected":false},"excerpt":{"rendered":"<p>Tidigare FN-dagar FN-dagen firades med film! N\u00e4rmare best\u00e4mt kortfilmerna &#8221;Frihetens gr\u00e4nser&#8221; som tar upp problemen kring och bristen p\u00e5 m\u00e4nskliga&hellip;<\/p>\n","protected":false},"author":17,"featured_media":0,"parent":0,"menu_order":0,"comment_status":"closed","ping_status":"closed","template":"templates\/template-sub.php","meta":{"_acf_changed":false,"footnotes":"","_links_to":"","_links_to_target":""},"class_list":["post-59","page","type-page","status-publish","hentry"],"acf":[],"_links":{"self":[{"href":"https:\/\/fn.se\/nedansiljan\/wp-json\/wp\/v2\/pages\/59","targetHints":{"allow":["GET"]}}],"collection":[{"href":"https:\/\/fn.se\/nedansiljan\/wp-json\/wp\/v2\/pages"}],"about":[{"href":"https:\/\/fn.se\/nedansiljan\/wp-json\/wp\/v2\/types\/page"}],"author":[{"embeddable":true,"href":"https:\/\/fn.se\/nedansiljan\/wp-json\/wp\/v2\/users\/17"}],"replies":[{"embeddable":true,"href":"https:\/\/fn.se\/nedansiljan\/wp-json\/wp\/v2\/comments?post=59"}],"version-history":[{"count":1,"href":"https:\/\/fn.se\/nedansiljan\/wp-json\/wp\/v2\/pages\/59\/revisions"}],"predecessor-version":[{"id":61,"href":"https:\/\/fn.se\/nedansiljan\/wp-json\/wp\/v2\/pages\/59\/revisions\/61"}],"wp:attachment":[{"href":"https:\/\/fn.se\/nedansiljan\/wp-json\/wp\/v2\/media?parent=59"}],"curies":[{"name":"wp","href":"https:\/\/api.w.org\/{rel}","templated":true}]}}