{"id":49,"date":"2016-10-06T09:23:39","date_gmt":"2016-10-06T09:23:39","guid":{"rendered":"http:\/\/fn.se\/nedansiljan\/?page_id=49"},"modified":"2016-10-17T14:08:53","modified_gmt":"2016-10-17T14:08:53","slug":"arsmote-25-februari-2015","status":"publish","type":"page","link":"https:\/\/fn.se\/nedansiljan\/arsmote-25-februari-2015\/","title":{"rendered":"\u00c5rsm\u00f6te 25 februari 2015"},"content":{"rendered":"<h1>\u00c5rsm\u00f6te 25 februari 2015<\/h1>\n<h2><\/h2>\n<h2><img loading=\"lazy\" decoding=\"async\" class=\"wp-image-50 size-medium alignright\" src=\"https:\/\/fn.se\/nedansiljan\/wp-content\/uploads\/sites\/39\/2016\/10\/1-28-feb-2015-VM-fotokurs-014-300x200.jpg\" alt=\"1-28-feb-2015-vm-fotokurs-014\" width=\"300\" height=\"200\" srcset=\"https:\/\/fn.se\/nedansiljan\/wp-content\/uploads\/sites\/39\/2016\/10\/1-28-feb-2015-VM-fotokurs-014-300x200.jpg 300w, https:\/\/fn.se\/nedansiljan\/wp-content\/uploads\/sites\/39\/2016\/10\/1-28-feb-2015-VM-fotokurs-014-768x512.jpg 768w, https:\/\/fn.se\/nedansiljan\/wp-content\/uploads\/sites\/39\/2016\/10\/1-28-feb-2015-VM-fotokurs-014-1024x683.jpg 1024w, https:\/\/fn.se\/nedansiljan\/wp-content\/uploads\/sites\/39\/2016\/10\/1-28-feb-2015-VM-fotokurs-014-450x300.jpg 450w\" sizes=\"auto, (max-width: 300px) 100vw, 300px\" \/><\/h2>\n<p class=\"intro\">Nedansiljans FN f\u00f6rening har haft \u00e5rsm\u00f6te. Till \u00e5rsm\u00f6tet kom ett 10 tal personer samt ordf\u00f6rande fr\u00e5n FN distriktet i Dalarna, Bj\u00f6rn Gr\u00fcnewald. Han inledde med att k\u00e5sera om sitt sp\u00e4nnande arbetsliv som representant f\u00f6r ILO, vilket \u00e4r FN:s fackorgan f\u00f6r syssels\u00e4ttnings- och arbetslivsfr\u00e5gor.<\/p>\n<p class=\"intro\">D\u00e4rp\u00e5 f\u00f6ljde \u00e5rsm\u00f6te enligt f\u00f6reningens stadgar.<\/p>\n<p class=\"intro\">Val av ordf\u00f6rande: Lena Forssell (1 \u00e5r).<\/p>\n<p class=\"intro\">Val av styrelseledam\u00f6ter: : Kass\u00f6r Solveig Bergqvist (2 \u00e5r), Sekreterare Else-Maj-Hellborg (2 \u00e5r). Carin Palmcrantz (1 \u00e5r) och Liselotte \u00c5str\u00f6m (1 \u00e5r).<\/p>\n<p class=\"intro\">Val av suppleanter (1 \u00e5r): Marita Castenhag, Marwan Ali, Lennart Hedberg, Johan Palmcrantz.<\/p>\n","protected":false},"excerpt":{"rendered":"<p>\u00c5rsm\u00f6te 25 februari 2015 Nedansiljans FN f\u00f6rening har haft \u00e5rsm\u00f6te. Till \u00e5rsm\u00f6tet kom ett 10 tal personer samt ordf\u00f6rande fr\u00e5n&hellip;<\/p>\n","protected":false},"author":17,"featured_media":0,"parent":0,"menu_order":0,"comment_status":"closed","ping_status":"closed","template":"templates\/template-sub.php","meta":{"_acf_changed":false,"footnotes":"","_links_to":"","_links_to_target":""},"class_list":["post-49","page","type-page","status-publish","hentry"],"acf":[],"_links":{"self":[{"href":"https:\/\/fn.se\/nedansiljan\/wp-json\/wp\/v2\/pages\/49","targetHints":{"allow":["GET"]}}],"collection":[{"href":"https:\/\/fn.se\/nedansiljan\/wp-json\/wp\/v2\/pages"}],"about":[{"href":"https:\/\/fn.se\/nedansiljan\/wp-json\/wp\/v2\/types\/page"}],"author":[{"embeddable":true,"href":"https:\/\/fn.se\/nedansiljan\/wp-json\/wp\/v2\/users\/17"}],"replies":[{"embeddable":true,"href":"https:\/\/fn.se\/nedansiljan\/wp-json\/wp\/v2\/comments?post=49"}],"version-history":[{"count":4,"href":"https:\/\/fn.se\/nedansiljan\/wp-json\/wp\/v2\/pages\/49\/revisions"}],"predecessor-version":[{"id":54,"href":"https:\/\/fn.se\/nedansiljan\/wp-json\/wp\/v2\/pages\/49\/revisions\/54"}],"wp:attachment":[{"href":"https:\/\/fn.se\/nedansiljan\/wp-json\/wp\/v2\/media?parent=49"}],"curies":[{"name":"wp","href":"https:\/\/api.w.org\/{rel}","templated":true}]}}