{"id":43,"date":"2016-10-06T09:26:38","date_gmt":"2016-10-06T09:26:38","guid":{"rendered":"http:\/\/fn.se\/nedansiljan\/?page_id=43"},"modified":"2016-10-17T14:08:47","modified_gmt":"2016-10-17T14:08:47","slug":"arkiv","status":"publish","type":"page","link":"https:\/\/fn.se\/nedansiljan\/arkiv\/","title":{"rendered":"Arkiv"},"content":{"rendered":"<h2>Arkiv<\/h2>\n<p>H\u00e4r kan du hitta utdrag ur v\u00e5r tidigare verksamhet.<\/p>\n<p><a href=\"https:\/\/fn.se\/nedansiljan\/arsmote-25-februari-2015\/\">\u00c5rsm\u00f6te 25 februari 2015<\/a><\/p>\n<p><a href=\"https:\/\/fn.se\/nedansiljan\/referat-fran-nedansiljans-fn-forenings-arsmote-2013-02-27\/\">Referat fr\u00e5n Nedansiljans FN-f\u00f6renings \u00e5rsm\u00f6te 2013-02-27<\/a><\/p>\n<p><a href=\"https:\/\/fn.se\/nedansiljan\/tipspromenad-7-aug-2008\/\">Tipspromenad 7 aug 2008<\/a><\/p>\n<p><a href=\"https:\/\/fn.se\/nedansiljan\/tidigare-fn-dagar\/\">Tidigare FN-dagar<\/a><\/p>\n<p>&nbsp;<\/p>\n<p>&nbsp;<\/p>\n","protected":false},"excerpt":{"rendered":"<p>Arkiv H\u00e4r kan du hitta utdrag ur v\u00e5r tidigare verksamhet. \u00c5rsm\u00f6te 25 februari 2015 Referat fr\u00e5n Nedansiljans FN-f\u00f6renings \u00e5rsm\u00f6te 2013-02-27&hellip;<\/p>\n","protected":false},"author":17,"featured_media":0,"parent":0,"menu_order":0,"comment_status":"closed","ping_status":"closed","template":"templates\/template-sub.php","meta":{"_acf_changed":false,"footnotes":"","_links_to":"","_links_to_target":""},"class_list":["post-43","page","type-page","status-publish","hentry"],"acf":[],"_links":{"self":[{"href":"https:\/\/fn.se\/nedansiljan\/wp-json\/wp\/v2\/pages\/43","targetHints":{"allow":["GET"]}}],"collection":[{"href":"https:\/\/fn.se\/nedansiljan\/wp-json\/wp\/v2\/pages"}],"about":[{"href":"https:\/\/fn.se\/nedansiljan\/wp-json\/wp\/v2\/types\/page"}],"author":[{"embeddable":true,"href":"https:\/\/fn.se\/nedansiljan\/wp-json\/wp\/v2\/users\/17"}],"replies":[{"embeddable":true,"href":"https:\/\/fn.se\/nedansiljan\/wp-json\/wp\/v2\/comments?post=43"}],"version-history":[{"count":1,"href":"https:\/\/fn.se\/nedansiljan\/wp-json\/wp\/v2\/pages\/43\/revisions"}],"predecessor-version":[{"id":63,"href":"https:\/\/fn.se\/nedansiljan\/wp-json\/wp\/v2\/pages\/43\/revisions\/63"}],"wp:attachment":[{"href":"https:\/\/fn.se\/nedansiljan\/wp-json\/wp\/v2\/media?parent=43"}],"curies":[{"name":"wp","href":"https:\/\/api.w.org\/{rel}","templated":true}]}}