{"id":32,"date":"2016-10-06T09:14:04","date_gmt":"2016-10-06T09:14:04","guid":{"rendered":"http:\/\/fn.se\/nedansiljan\/?page_id=32"},"modified":"2016-10-17T14:09:08","modified_gmt":"2016-10-17T14:09:08","slug":"protokoll","status":"publish","type":"page","link":"https:\/\/fn.se\/nedansiljan\/protokoll\/","title":{"rendered":"Protokoll"},"content":{"rendered":"<h2>Protokoll<\/h2>\n<p>H\u00e4r hittar du protokoll fr\u00e5n n\u00e5gra av v\u00e5ra tidigare m\u00f6ten.<\/p>\n<h3>M\u00f6tesprotokoll<\/h3>\n<p><a href=\"https:\/\/fn.se\/nedansiljan\/wp-content\/uploads\/sites\/39\/2016\/10\/Nedansiljan-Styrelsesammantr\u00e4de-160125.pdf\">Styrelsesammantr\u00e4de 160125<\/a><\/p>\n<p><a href=\"https:\/\/fn.se\/nedansiljan\/wp-content\/uploads\/sites\/39\/2016\/10\/Nedansiljan-M\u00f6tesprotokoll-151020.pdf\">M\u00f6tesprotokoll 151020<\/a><\/p>\n<h3>\u00c5rsm\u00f6tesprotokoll<\/h3>\n<p><a href=\"https:\/\/fn.se\/nedansiljan\/wp-content\/uploads\/sites\/39\/2016\/10\/Nedansiljan-\u00c5rsmotesprotokoll-2016.pdf\">\u00c5rsm\u00f6tesprotokoll 2016<\/a><\/p>\n<p><a href=\"https:\/\/fn.se\/nedansiljan\/wp-content\/uploads\/sites\/39\/2016\/10\/Nedansiljan-\u00c5rsm\u00f6tesprotokoll-150225.pdf\">\u00c5rsm\u00f6tesprotokoll 150225<\/a><\/p>\n<p><a href=\"https:\/\/fn.se\/nedansiljan\/wp-content\/uploads\/sites\/39\/2016\/10\/Nedansiljan-\u00c5rsm\u00f6tesprotokoll-2014.pdf\">\u00c5rsm\u00f6tesprotokoll 2014<\/a><\/p>\n<p><a href=\"https:\/\/fn.se\/nedansiljan\/wp-content\/uploads\/sites\/39\/2016\/10\/Nedansiljan-\u00c5rsm\u00f6tesprotokoll-2013.pdf\">\u00c5rsm\u00f6tesprotokoll 2013<\/a><\/p>\n<p><a href=\"https:\/\/fn.se\/nedansiljan\/wp-content\/uploads\/sites\/39\/2016\/10\/Nedansiljan-\u00c5rsmotesprotokoll-2012.pdf\">\u00c5rsm\u00f6tesprotokoll 2012<\/a><\/p>\n<h3>Verksamhetsber\u00e4ttelser<\/h3>\n<p><a href=\"https:\/\/fn.se\/nedansiljan\/wp-content\/uploads\/sites\/39\/2016\/10\/Nedansiljan-Verksamhetsber\u00e4ttelse-2013.pdf\">Verksamhetsber\u00e4ttelse 2013<\/a><\/p>\n","protected":false},"excerpt":{"rendered":"<p>Protokoll H\u00e4r hittar du protokoll fr\u00e5n n\u00e5gra av v\u00e5ra tidigare m\u00f6ten. M\u00f6tesprotokoll Styrelsesammantr\u00e4de 160125 M\u00f6tesprotokoll 151020 \u00c5rsm\u00f6tesprotokoll \u00c5rsm\u00f6tesprotokoll 2016 \u00c5rsm\u00f6tesprotokoll&hellip;<\/p>\n","protected":false},"author":17,"featured_media":0,"parent":0,"menu_order":0,"comment_status":"closed","ping_status":"closed","template":"templates\/template-sub.php","meta":{"_acf_changed":false,"footnotes":"","_links_to":"","_links_to_target":""},"class_list":["post-32","page","type-page","status-publish","hentry"],"acf":[],"_links":{"self":[{"href":"https:\/\/fn.se\/nedansiljan\/wp-json\/wp\/v2\/pages\/32","targetHints":{"allow":["GET"]}}],"collection":[{"href":"https:\/\/fn.se\/nedansiljan\/wp-json\/wp\/v2\/pages"}],"about":[{"href":"https:\/\/fn.se\/nedansiljan\/wp-json\/wp\/v2\/types\/page"}],"author":[{"embeddable":true,"href":"https:\/\/fn.se\/nedansiljan\/wp-json\/wp\/v2\/users\/17"}],"replies":[{"embeddable":true,"href":"https:\/\/fn.se\/nedansiljan\/wp-json\/wp\/v2\/comments?post=32"}],"version-history":[{"count":1,"href":"https:\/\/fn.se\/nedansiljan\/wp-json\/wp\/v2\/pages\/32\/revisions"}],"predecessor-version":[{"id":42,"href":"https:\/\/fn.se\/nedansiljan\/wp-json\/wp\/v2\/pages\/32\/revisions\/42"}],"wp:attachment":[{"href":"https:\/\/fn.se\/nedansiljan\/wp-json\/wp\/v2\/media?parent=32"}],"curies":[{"name":"wp","href":"https:\/\/api.w.org\/{rel}","templated":true}]}}