{"id":29,"date":"2016-10-06T08:51:25","date_gmt":"2016-10-06T08:51:25","guid":{"rendered":"http:\/\/fn.se\/nedansiljan\/?page_id=29"},"modified":"2024-02-07T10:29:17","modified_gmt":"2024-02-07T10:29:17","slug":"kontakt","status":"publish","type":"page","link":"https:\/\/fn.se\/nedansiljan\/kontakt\/","title":{"rendered":"Kontakt"},"content":{"rendered":"<h2>Kontakta oss<\/h2>\n<p>Tveka inte att kontakta oss, du n\u00e5r oss via mail: nedansiljansfn@gmail.com<\/p>\n<p>Du kan ocks\u00e5 n\u00e5 oss via v\u00e5r Facebook som du hittar h\u00e4r https:\/\/www.facebook.com\/nedansiljansfnforening<\/p>\n","protected":false},"excerpt":{"rendered":"<p>Kontakta oss Tveka inte att kontakta oss, du n\u00e5r oss via mail: nedansiljansfn@gmail.com Du kan ocks\u00e5 n\u00e5 oss via v\u00e5r&hellip;<\/p>\n","protected":false},"author":17,"featured_media":0,"parent":0,"menu_order":0,"comment_status":"closed","ping_status":"closed","template":"templates\/template-sub.php","meta":{"_acf_changed":false,"footnotes":"","_links_to":"","_links_to_target":""},"class_list":["post-29","page","type-page","status-publish","hentry"],"acf":[],"_links":{"self":[{"href":"https:\/\/fn.se\/nedansiljan\/wp-json\/wp\/v2\/pages\/29","targetHints":{"allow":["GET"]}}],"collection":[{"href":"https:\/\/fn.se\/nedansiljan\/wp-json\/wp\/v2\/pages"}],"about":[{"href":"https:\/\/fn.se\/nedansiljan\/wp-json\/wp\/v2\/types\/page"}],"author":[{"embeddable":true,"href":"https:\/\/fn.se\/nedansiljan\/wp-json\/wp\/v2\/users\/17"}],"replies":[{"embeddable":true,"href":"https:\/\/fn.se\/nedansiljan\/wp-json\/wp\/v2\/comments?post=29"}],"version-history":[{"count":4,"href":"https:\/\/fn.se\/nedansiljan\/wp-json\/wp\/v2\/pages\/29\/revisions"}],"predecessor-version":[{"id":135,"href":"https:\/\/fn.se\/nedansiljan\/wp-json\/wp\/v2\/pages\/29\/revisions\/135"}],"wp:attachment":[{"href":"https:\/\/fn.se\/nedansiljan\/wp-json\/wp\/v2\/media?parent=29"}],"curies":[{"name":"wp","href":"https:\/\/api.w.org\/{rel}","templated":true}]}}