{"id":19,"date":"2016-10-06T08:48:31","date_gmt":"2016-10-06T08:48:31","guid":{"rendered":"http:\/\/fn.se\/nedansiljan\/?page_id=19"},"modified":"2023-04-22T18:16:14","modified_gmt":"2023-04-22T18:16:14","slug":"styrelse","status":"publish","type":"page","link":"https:\/\/fn.se\/nedansiljan\/styrelse\/","title":{"rendered":"Styrelse"},"content":{"rendered":"<h1>Styrelsen<\/h1>\n<p>H\u00e4r kan du se vilka som sitter i v\u00e5r styrelse eller innehar andra f\u00f6rtroendeuppdrag i v\u00e5r f\u00f6rening!<\/p>\n<h3 style=\"text-align: left\">Ann-Sofie R\u00f6nneg\u00e5rd<\/h3>\n<p style=\"text-align: left\"><em>Ordf\u00f6rande<\/em><\/p>\n<p style=\"text-align: left\">E-post: <a href=\"mailto:annsofie.ronnegard@telia.com\">annsofie.ronnegard@telia.com<\/a><\/p>\n<h3 style=\"text-align: left\">Lena Forsell<\/h3>\n<p style=\"text-align: left\"><em>Sekreterare<\/em><\/p>\n<p><img loading=\"lazy\" decoding=\"async\" class=\"wp-image-21 alignnone\" src=\"https:\/\/fn.se\/nedansiljan\/wp-content\/uploads\/sites\/39\/2016\/10\/1-Lena.jpg\" alt=\"1-lena\" width=\"100\" height=\"133\" \/><\/p>\n<p>E-post: <a href=\"mailto:lforssell@hotmail.com\">Lena Forssell<\/a><\/p>\n<h3 style=\"text-align: left\">Anna G\u00e5sste<\/h3>\n<p><em>Kass\u00f6r<\/em><\/p>\n<h3 style=\"text-align: left\">Johan Palmcrantz<\/h3>\n<p><i>Ledamot<\/i><\/p>\n<p><img loading=\"lazy\" decoding=\"async\" class=\"wp-image-23 alignleft\" src=\"https:\/\/fn.se\/nedansiljan\/wp-content\/uploads\/sites\/39\/2016\/10\/1-JohanPalmcrantzStor.jpg\" alt=\"1-johanpalmcrantzstor\" width=\"120\" height=\"159\" \/><strong>Mobil:\u00a0<\/strong>073-152 47 91<br \/>\n<strong>Adress:\u00a0<\/strong>Sj\u00f6\u00e5kersv\u00e4gen 40 , 793 33 Leksand<br \/>\nE-post:<a href=\"mailto:carin.palmcrantz@telia.com\">Johan Palmcrantz<\/a><\/p>\n<p>Johan Palmcrantz \u00e4r grafiker, illustrat\u00f6r och musiker som bor i Leksand med sin familj p\u00e5 g\u00e5rd med h\u00e4star, f\u00e5r, kaniner och h\u00f6nor. Johan har ett omfattande samh\u00e4llsengagemang och anser att inget annat enskilt organ \u00e4r s\u00e5 betydelsefullt som FN f\u00f6r arbetet mot en b\u00e4ttre och m\u00e4nskligare v\u00e4rld.<\/p>\n<h3 style=\"text-align: left\">Lotta Eriksson<\/h3>\n<p style=\"text-align: left\"><em>Ledamot<br \/>\n<\/em><\/p>\n<h3 style=\"text-align: left\">Mirja Vinter<\/h3>\n<p style=\"text-align: left\"><em>Ledamot<\/em><\/p>\n<h3 style=\"text-align: left\">Fanny Nobelius<\/h3>\n<p style=\"text-align: left\"><em>Ledamot<\/em><\/p>\n<p>E-post: <a href=\"mailto:fanny.nobelius@gmail.com\">fanny.nobelius@gmail.com<\/a><\/p>\n<h3 style=\"text-align: left\">Elisabeth Johansson<\/h3>\n<p style=\"text-align: left\"><em>Suppleant<\/em><\/p>\n<h3 style=\"text-align: left\">Kerstin Fur\u00f6stam<\/h3>\n<p><em>Revisor<br \/>\n<\/em><\/p>\n<h3 style=\"text-align: left\">Solveig Bergkvist<\/h3>\n<p style=\"text-align: left\"><em>Revisorssuppleant<\/em><\/p>\n","protected":false},"excerpt":{"rendered":"<p>Styrelsen H\u00e4r kan du se vilka som sitter i v\u00e5r styrelse eller innehar andra f\u00f6rtroendeuppdrag i v\u00e5r f\u00f6rening! Ann-Sofie R\u00f6nneg\u00e5rd&hellip;<\/p>\n","protected":false},"author":17,"featured_media":0,"parent":0,"menu_order":0,"comment_status":"closed","ping_status":"closed","template":"templates\/template-sub.php","meta":{"_acf_changed":false,"footnotes":"","_links_to":"","_links_to_target":""},"class_list":["post-19","page","type-page","status-publish","hentry"],"acf":[],"_links":{"self":[{"href":"https:\/\/fn.se\/nedansiljan\/wp-json\/wp\/v2\/pages\/19","targetHints":{"allow":["GET"]}}],"collection":[{"href":"https:\/\/fn.se\/nedansiljan\/wp-json\/wp\/v2\/pages"}],"about":[{"href":"https:\/\/fn.se\/nedansiljan\/wp-json\/wp\/v2\/types\/page"}],"author":[{"embeddable":true,"href":"https:\/\/fn.se\/nedansiljan\/wp-json\/wp\/v2\/users\/17"}],"replies":[{"embeddable":true,"href":"https:\/\/fn.se\/nedansiljan\/wp-json\/wp\/v2\/comments?post=19"}],"version-history":[{"count":26,"href":"https:\/\/fn.se\/nedansiljan\/wp-json\/wp\/v2\/pages\/19\/revisions"}],"predecessor-version":[{"id":126,"href":"https:\/\/fn.se\/nedansiljan\/wp-json\/wp\/v2\/pages\/19\/revisions\/126"}],"wp:attachment":[{"href":"https:\/\/fn.se\/nedansiljan\/wp-json\/wp\/v2\/media?parent=19"}],"curies":[{"name":"wp","href":"https:\/\/api.w.org\/{rel}","templated":true}]}}