{"id":84,"date":"2020-09-29T16:56:53","date_gmt":"2020-09-29T16:56:53","guid":{"rendered":"https:\/\/fn.se\/nacka-varmdo\/?page_id=84"},"modified":"2023-10-08T12:01:45","modified_gmt":"2023-10-08T12:01:45","slug":"forelasningsserie-agenda-2030-under-hosten-2020","status":"publish","type":"page","link":"https:\/\/fn.se\/nacka-varmdo\/forelasningsserie-agenda-2030-under-hosten-2020\/","title":{"rendered":"F\u00f6rel\u00e4sningsserie Agenda 2030 under h\u00f6sten 2020"},"content":{"rendered":"\n<figure class=\"wp-block-image size-large\"><img loading=\"lazy\" decoding=\"async\" width=\"636\" height=\"155\" src=\"https:\/\/fn.se\/nacka-varmdo\/wp-content\/uploads\/sites\/84\/2020\/09\/Ska\u0308rmavbild-2020-09-29-kl.-19.12.02.png\" alt=\"\" class=\"wp-image-94\" srcset=\"https:\/\/fn.se\/nacka-varmdo\/wp-content\/uploads\/sites\/84\/2020\/09\/Ska\u0308rmavbild-2020-09-29-kl.-19.12.02.png 636w, https:\/\/fn.se\/nacka-varmdo\/wp-content\/uploads\/sites\/84\/2020\/09\/Ska\u0308rmavbild-2020-09-29-kl.-19.12.02-300x73.png 300w\" sizes=\"auto, (max-width: 636px) 100vw, 636px\" \/><\/figure>\n\n\n\n<h2 class=\"wp-block-heading\"><strong>F\u00f6rel\u00e4sningsserie Agenda 2030 under h\u00f6sten 2020<\/strong><\/h2>\n\n\n\n<p>F\u00f6rel\u00e4sningarna sker digitalt via Zoom och riktar sig brett till intresserade personer och organisationer inom och utanf\u00f6r Nacka-V\u00e4rmd\u00f6s upptagningsomr\u00e5de. Samtliga f\u00f6rel\u00e4sningar \u00e4r 45 minuter l\u00e5nga(35 minuter f\u00f6rel\u00e4sning + 10 minuter fr\u00e5gestund).&nbsp;<\/p>\n\n\n\n<p class=\"has-medium-font-size\" id=\"block-fcc7f80d-280a-4af5-9307-f4cf7781c4ea\"><strong><em>Vad \u00e4r Agenda 2030?<\/em><\/strong><\/p>\n\n\n\n<p id=\"block-58ba8ee2-6916-421e-988b-1598d6fcc1ee\">Under den f\u00f6rsta f\u00f6rel\u00e4sningen ges en introduktion i begreppet \u201dH\u00e5llbar utveckling\u201d, en beskrivning av hur de Globala m\u00e5len f\u00f6r h\u00e5llbar utveckling tillkom, vad de inneb\u00e4r och hur de \u00e4r strukturerade.<\/p>\n\n\n\n<p id=\"block-a6dcd534-fe66-4663-addf-9aabf9a899a2\"><\/p>\n\n\n\n<p class=\"has-medium-font-size\" id=\"block-0a22f0d6-6df3-4b56-bd2c-fb1f5cbfc422\"><em><strong>Hur ska Agenda 2030 genomf\u00f6ras och vem \u00e4r ansvarig?<\/strong><\/em><\/p>\n\n\n\n<p id=\"block-4af7c63b-e972-4ff7-95f1-c0d9ed56575f\">De Globala m\u00e5len f\u00f6r h\u00e5llbar utveckling ber\u00f6r oss alla och vi har alla ett ansvar f\u00f6r dess genomf\u00f6rande. Fokus vid f\u00f6rel\u00e4sningen \u00e4r att ge en bild av hur genomf\u00f6randet av Agenda 2030:s m\u00e5l och delm\u00e5l sker p\u00e5 nationell och lokal niv\u00e5 i Sverige. Vi ger \u00e4ven exempel p\u00e5 vad man b\u00f6r t\u00e4nka p\u00e5 som f\u00f6retag eller organisation, d\u00e5 man integrerar dessa m\u00e5l i verksamhetsstyrningen.<\/p>\n\n\n\n<p id=\"block-980bd16d-cfc3-43d6-b987-f6cfa4dbfbb8\"><\/p>\n\n\n\n<p class=\"has-medium-font-size\" id=\"block-3820815f-4f8a-4c0b-a11b-1ae26372215e\"><strong><em>Kommer vi n\u00e5 m\u00e5len? En internationell utblick.<\/em><\/strong><\/p>\n\n\n\n<p id=\"block-dab356cf-ba8a-4d89-a5ba-e770f2f8e8fd\">Med mindre \u00e4n tio \u00e5r kvar s\u00e5 beh\u00f6ver v\u00e5ra anstr\u00e4ngningar f\u00f6r att n\u00e5 de Globala m\u00e5len \u00f6ka. Fokus vid detta sista tillf\u00e4lle blir att beskriva hur respektive lands rapportering g\u00e5r till och hur nul\u00e4get i v\u00e4rlden ser ut enligt den senaste rapporteringen.<\/p>\n\n\n\n<p id=\"block-52b367b4-12a4-47b5-ab71-08feac67ca09\"><\/p>\n","protected":false},"excerpt":{"rendered":"<p>F\u00f6rel\u00e4sningsserie Agenda 2030 under h\u00f6sten 2020 F\u00f6rel\u00e4sningarna sker digitalt via Zoom och riktar sig brett till intresserade personer och organisationer&hellip;<\/p>\n","protected":false},"author":69,"featured_media":0,"parent":0,"menu_order":0,"comment_status":"closed","ping_status":"closed","template":"","meta":{"_acf_changed":false,"footnotes":"","_links_to":"","_links_to_target":""},"class_list":["post-84","page","type-page","status-publish","hentry"],"acf":[],"_links":{"self":[{"href":"https:\/\/fn.se\/nacka-varmdo\/wp-json\/wp\/v2\/pages\/84","targetHints":{"allow":["GET"]}}],"collection":[{"href":"https:\/\/fn.se\/nacka-varmdo\/wp-json\/wp\/v2\/pages"}],"about":[{"href":"https:\/\/fn.se\/nacka-varmdo\/wp-json\/wp\/v2\/types\/page"}],"author":[{"embeddable":true,"href":"https:\/\/fn.se\/nacka-varmdo\/wp-json\/wp\/v2\/users\/69"}],"replies":[{"embeddable":true,"href":"https:\/\/fn.se\/nacka-varmdo\/wp-json\/wp\/v2\/comments?post=84"}],"version-history":[{"count":4,"href":"https:\/\/fn.se\/nacka-varmdo\/wp-json\/wp\/v2\/pages\/84\/revisions"}],"predecessor-version":[{"id":108,"href":"https:\/\/fn.se\/nacka-varmdo\/wp-json\/wp\/v2\/pages\/84\/revisions\/108"}],"wp:attachment":[{"href":"https:\/\/fn.se\/nacka-varmdo\/wp-json\/wp\/v2\/media?parent=84"}],"curies":[{"name":"wp","href":"https:\/\/api.w.org\/{rel}","templated":true}]}}