{"id":75,"date":"2020-09-29T16:14:05","date_gmt":"2020-09-29T16:14:05","guid":{"rendered":"https:\/\/fn.se\/nacka-varmdo\/?page_id=75"},"modified":"2023-10-09T15:25:38","modified_gmt":"2023-10-09T15:25:38","slug":"ungdomssektionen","status":"publish","type":"page","link":"https:\/\/fn.se\/nacka-varmdo\/ungdomssektionen\/","title":{"rendered":"Ungdomssektionen"},"content":{"rendered":"\n<h2 class=\"wp-block-heading\" id=\"block-2e866034-2bdc-429e-b020-97d7b17b0318\"><br>V\u00e4lkommen till Nacka-V\u00e4rmd\u00f6 FN-f\u00f6renings Ungdomssektion<\/h2>\n\n\n\n<figure class=\"wp-block-image size-large\"><img loading=\"lazy\" decoding=\"async\" width=\"1024\" height=\"331\" src=\"https:\/\/fn.se\/nacka-varmdo\/wp-content\/uploads\/sites\/84\/2023\/10\/ny-bild-ungdomssektionen-1024x331.jpg\" alt=\"\" class=\"wp-image-119\" srcset=\"https:\/\/fn.se\/nacka-varmdo\/wp-content\/uploads\/sites\/84\/2023\/10\/ny-bild-ungdomssektionen-1024x331.jpg 1024w, https:\/\/fn.se\/nacka-varmdo\/wp-content\/uploads\/sites\/84\/2023\/10\/ny-bild-ungdomssektionen-300x97.jpg 300w, https:\/\/fn.se\/nacka-varmdo\/wp-content\/uploads\/sites\/84\/2023\/10\/ny-bild-ungdomssektionen-768x248.jpg 768w, https:\/\/fn.se\/nacka-varmdo\/wp-content\/uploads\/sites\/84\/2023\/10\/ny-bild-ungdomssektionen-1536x496.jpg 1536w, https:\/\/fn.se\/nacka-varmdo\/wp-content\/uploads\/sites\/84\/2023\/10\/ny-bild-ungdomssektionen-650x210.jpg 650w, https:\/\/fn.se\/nacka-varmdo\/wp-content\/uploads\/sites\/84\/2023\/10\/ny-bild-ungdomssektionen.jpg 1675w\" sizes=\"auto, (max-width: 1024px) 100vw, 1024px\" \/><\/figure>\n\n\n\n<p id=\"block-9eba667c-6adc-40b7-862c-9f749f831924\">Ungdomssektionen \u00e4r en del av f\u00f6reningen f\u00f6r medlemmar upp till 26 \u00e5r. Vi \u00e4r \u00e5teruppstartade sedan 2020 och har som m\u00e5l att driva projekt utifr\u00e5n unga i Nacka-V\u00e4rmd\u00f6s hj\u00e4rtefr\u00e5gor. \u00c4ven att h\u00e5lla i fika-tr\u00e4ffar, diskussionsm\u00f6ten, och f\u00f6rel\u00e4sningar f\u00f6r att uppm\u00e4rksamma olika delar av Agenda 2030 lokalt. <\/p>\n\n\n\n<p><\/p>\n\n\n\n<p id=\"block-9eba667c-6adc-40b7-862c-9f749f831924\">Sedan v\u00e5r uppstart 2020 har vi uppdaterat v\u00e5r instagram, samt haft ett projekt tillsammans med Unizons lokala kvinnojour. P\u00e5 v\u00e5r instagram finns f\u00f6rel\u00e4sningen de h\u00f6ll i samarbete med oss fortfarande uppladdad. <br><br>Alla \u00e4r v\u00e4lkomna som medlemmar oavsett vem man \u00e4r och vart man bor. Tveka inte p\u00e5 att kontakta oss via mail eller Instagram DM om ni har fr\u00e5gor om f\u00f6reningen, vad vi g\u00f6r, vad du kan g\u00f6ra tillsammans med oss eller medlemskap. <\/p>\n\n\n\n<p><\/p>\n\n\n\n<p id=\"block-9eba667c-6adc-40b7-862c-9f749f831924\">Vi ser fram emot att h\u00f6ra fr\u00e5n er och att tr\u00e4ffa er!<\/p>\n\n\n\n<p><\/p>\n\n\n\n<p>\/Louisa och Linnea, Ungdomsansvariga i Nacka V\u00e4rmd\u00f6 FN-f\u00f6renings styrelse<\/p>\n\n\n\n<p id=\"block-c10ac0f3-408f-4b4f-ac2d-0fd12cf66acc\"><strong>KONTAKT<\/strong><br>E-post: lovisacharan@gmail.com<\/p>\n\n\n\n<p>Instagram: @unayouthnacka<\/p>\n\n\n\n<p id=\"block-51a00e28-f8f3-4588-82b5-3ede64b30839\"><strong>UNGDOMSSEKTIONEN P\u00c5 SOCIALA MEDIER<\/strong><br><a href=\"http:\/\/instagram.com\/unayouthnacka\">Instagram<\/a><\/p>\n","protected":false},"excerpt":{"rendered":"<p>V\u00e4lkommen till Nacka-V\u00e4rmd\u00f6 FN-f\u00f6renings Ungdomssektion Ungdomssektionen \u00e4r en del av f\u00f6reningen f\u00f6r medlemmar upp till 26 \u00e5r. Vi \u00e4r \u00e5teruppstartade&hellip;<\/p>\n","protected":false},"author":69,"featured_media":0,"parent":0,"menu_order":0,"comment_status":"closed","ping_status":"closed","template":"","meta":{"_acf_changed":false,"footnotes":"","_links_to":"","_links_to_target":""},"class_list":["post-75","page","type-page","status-publish","hentry"],"acf":[],"_links":{"self":[{"href":"https:\/\/fn.se\/nacka-varmdo\/wp-json\/wp\/v2\/pages\/75","targetHints":{"allow":["GET"]}}],"collection":[{"href":"https:\/\/fn.se\/nacka-varmdo\/wp-json\/wp\/v2\/pages"}],"about":[{"href":"https:\/\/fn.se\/nacka-varmdo\/wp-json\/wp\/v2\/types\/page"}],"author":[{"embeddable":true,"href":"https:\/\/fn.se\/nacka-varmdo\/wp-json\/wp\/v2\/users\/69"}],"replies":[{"embeddable":true,"href":"https:\/\/fn.se\/nacka-varmdo\/wp-json\/wp\/v2\/comments?post=75"}],"version-history":[{"count":4,"href":"https:\/\/fn.se\/nacka-varmdo\/wp-json\/wp\/v2\/pages\/75\/revisions"}],"predecessor-version":[{"id":120,"href":"https:\/\/fn.se\/nacka-varmdo\/wp-json\/wp\/v2\/pages\/75\/revisions\/120"}],"wp:attachment":[{"href":"https:\/\/fn.se\/nacka-varmdo\/wp-json\/wp\/v2\/media?parent=75"}],"curies":[{"name":"wp","href":"https:\/\/api.w.org\/{rel}","templated":true}]}}