{"id":2,"date":"2016-08-11T11:03:33","date_gmt":"2016-08-11T11:03:33","guid":{"rendered":"http:\/\/fn.se\/nacka-fn-forening\/?page_id=2"},"modified":"2020-09-08T14:58:15","modified_gmt":"2020-09-08T14:58:15","slug":"sample-page","status":"publish","type":"page","link":"https:\/\/fn.se\/nacka-varmdo\/","title":{"rendered":"Hem"},"content":{"rendered":"<h1>V\u00e4lkommen till\u00a0Nacka-V\u00e4rmd\u00f6 FN-f\u00f6rening!<img loading=\"lazy\" decoding=\"async\" class=\"size-full wp-image-9 alignright\" src=\"https:\/\/fn.se\/nacka\/wp-content\/uploads\/sites\/84\/2016\/08\/SFN_F\u00d6RENING_Nacka.jpg\" alt=\"sfn_logopayoff_pos_right\" width=\"117\" height=\"291\" \/><\/h1>\n<p>Nackas FN-f\u00f6rening \u00e4r en del av den svenska FN-r\u00f6relsen och knuten till Svenska FN-f\u00f6rbundet. F\u00f6reningen \u00e4r partipolitiskt och religi\u00f6st obunden. All verksamhet bygger p\u00e5 lokala och n\u00e4ra krafter, vi t\u00e4nker globalt men handlar n\u00e4ra och lokalt. I v\u00e5r r\u00f6relse levandeg\u00f6rs visioner. Id\u00e9er formas om hur internationellt samarbete kan fr\u00e4mjas. Det \u00e4r berikande p\u00e5 m\u00e5nga s\u00e4tt.<\/p>\n<p>H\u00e4r f\u00e5r du m\u00f6jlighet att m\u00f6ta nya m\u00e4nniskor, l\u00e4ra dig mer om FN och internationella fr\u00e5gor, arbeta med insamlingsprojekt, p\u00e5verka och framf\u00f6r allt bidra till det viktiga arbetet f\u00f6r en b\u00e4ttre v\u00e4rld.<\/p>\n<p><strong>VI VILL HA DIG SOM MEDLEM!<\/strong><br \/>\nOavsett om du vill vara aktiv medlem eller st\u00f6dmedlem, beh\u00f6ver FN dig och vi beh\u00f6ver FN!\u00a0 <a href=\"https:\/\/betalning.fn.se\/pfs\/memberregistration\/\">V\u00e4lkommen som medlem i v\u00e5r f\u00f6rening!<\/a><\/p>\n<p><strong>NACKA-V\u00c4RMD\u00d6S FN-F\u00d6RENING P\u00c5 SOCIALA MEDIER<br \/>\n<\/strong><a href=\"https:\/\/www.facebook.com\/NackaFN\">Facebook<\/a><strong><br \/>\n<\/strong><a href=\"http:\/\/instagram.com\/unayouthnacka\">Ungdomsf\u00f6reningen Instagram<\/a><\/p>\n","protected":false},"excerpt":{"rendered":"<p>V\u00e4lkommen till\u00a0Nacka-V\u00e4rmd\u00f6 FN-f\u00f6rening! Nackas FN-f\u00f6rening \u00e4r en del av den svenska FN-r\u00f6relsen och knuten till Svenska FN-f\u00f6rbundet. F\u00f6reningen \u00e4r partipolitiskt&hellip;<\/p>\n","protected":false},"author":16,"featured_media":5,"parent":0,"menu_order":0,"comment_status":"closed","ping_status":"open","template":"templates\/template-sub.php","meta":{"_acf_changed":false,"footnotes":"","_links_to":"","_links_to_target":""},"class_list":["post-2","page","type-page","status-publish","has-post-thumbnail","hentry"],"acf":[],"_links":{"self":[{"href":"https:\/\/fn.se\/nacka-varmdo\/wp-json\/wp\/v2\/pages\/2","targetHints":{"allow":["GET"]}}],"collection":[{"href":"https:\/\/fn.se\/nacka-varmdo\/wp-json\/wp\/v2\/pages"}],"about":[{"href":"https:\/\/fn.se\/nacka-varmdo\/wp-json\/wp\/v2\/types\/page"}],"author":[{"embeddable":true,"href":"https:\/\/fn.se\/nacka-varmdo\/wp-json\/wp\/v2\/users\/16"}],"replies":[{"embeddable":true,"href":"https:\/\/fn.se\/nacka-varmdo\/wp-json\/wp\/v2\/comments?post=2"}],"version-history":[{"count":13,"href":"https:\/\/fn.se\/nacka-varmdo\/wp-json\/wp\/v2\/pages\/2\/revisions"}],"predecessor-version":[{"id":61,"href":"https:\/\/fn.se\/nacka-varmdo\/wp-json\/wp\/v2\/pages\/2\/revisions\/61"}],"wp:featuredmedia":[{"embeddable":true,"href":"https:\/\/fn.se\/nacka-varmdo\/wp-json\/wp\/v2\/media\/5"}],"wp:attachment":[{"href":"https:\/\/fn.se\/nacka-varmdo\/wp-json\/wp\/v2\/media?parent=2"}],"curies":[{"name":"wp","href":"https:\/\/api.w.org\/{rel}","templated":true}]}}