{"id":11,"date":"2016-09-22T14:31:52","date_gmt":"2016-09-22T14:31:52","guid":{"rendered":"http:\/\/fn.se\/nacka\/?page_id=11"},"modified":"2023-10-08T12:02:19","modified_gmt":"2023-10-08T12:02:19","slug":"styrelsen","status":"publish","type":"page","link":"https:\/\/fn.se\/nacka-varmdo\/styrelsen\/","title":{"rendered":"Styrelsen"},"content":{"rendered":"\n<h2 class=\"wp-block-heading\">    <strong>Styrelsen<\/strong><\/h2>\n\n\n\n<p>Beata Pont\u00e9n, ordf\u00f6rande<\/p>\n\n\n\n<p>Anders Tiger, kass\u00f6r&nbsp; &nbsp; &nbsp; &nbsp; &nbsp; &nbsp; &nbsp; &nbsp; &nbsp; &nbsp; &nbsp; &nbsp; &nbsp; &nbsp; &nbsp; &nbsp; &nbsp; &nbsp; &nbsp; &nbsp;<\/p>\n\n\n\n<p>Sebastian K\u00e4rrman, sekretare&nbsp; &nbsp; &nbsp; &nbsp; &nbsp; &nbsp; &nbsp; &nbsp; &nbsp; &nbsp; &nbsp; &nbsp; &nbsp; &nbsp; &nbsp; &nbsp; &nbsp; &nbsp; &nbsp; &nbsp; &nbsp; &nbsp; &nbsp; &nbsp; &nbsp; &nbsp; &nbsp; &nbsp; &nbsp; &nbsp; &nbsp; &nbsp; &nbsp; &nbsp; &nbsp; &nbsp; &nbsp; &nbsp;<\/p>\n\n\n\n<p>Lotta Ams\u00e9n, Agenda 2030 samordnare<\/p>\n\n\n\n<p>Louisa Charan, ungdomsansvarig<\/p>\n\n\n\n<p>Linnea S\u00f6derlund, ungdomsansvarig<\/p>\n\n\n\n<p>Marie Ahlgren, ledamot<\/p>\n","protected":false},"excerpt":{"rendered":"<p>Styrelsen Beata Pont\u00e9n, ordf\u00f6rande Anders Tiger, kass\u00f6r&nbsp; &nbsp; &nbsp; &nbsp; &nbsp; &nbsp; &nbsp; &nbsp; &nbsp; &nbsp; &nbsp; &nbsp; &nbsp; &nbsp;&hellip;<\/p>\n","protected":false},"author":16,"featured_media":0,"parent":0,"menu_order":0,"comment_status":"closed","ping_status":"closed","template":"templates\/template-sub.php","meta":{"_acf_changed":false,"footnotes":"","_links_to":"","_links_to_target":""},"class_list":["post-11","page","type-page","status-publish","hentry"],"acf":[],"_links":{"self":[{"href":"https:\/\/fn.se\/nacka-varmdo\/wp-json\/wp\/v2\/pages\/11","targetHints":{"allow":["GET"]}}],"collection":[{"href":"https:\/\/fn.se\/nacka-varmdo\/wp-json\/wp\/v2\/pages"}],"about":[{"href":"https:\/\/fn.se\/nacka-varmdo\/wp-json\/wp\/v2\/types\/page"}],"author":[{"embeddable":true,"href":"https:\/\/fn.se\/nacka-varmdo\/wp-json\/wp\/v2\/users\/16"}],"replies":[{"embeddable":true,"href":"https:\/\/fn.se\/nacka-varmdo\/wp-json\/wp\/v2\/comments?post=11"}],"version-history":[{"count":14,"href":"https:\/\/fn.se\/nacka-varmdo\/wp-json\/wp\/v2\/pages\/11\/revisions"}],"predecessor-version":[{"id":109,"href":"https:\/\/fn.se\/nacka-varmdo\/wp-json\/wp\/v2\/pages\/11\/revisions\/109"}],"wp:attachment":[{"href":"https:\/\/fn.se\/nacka-varmdo\/wp-json\/wp\/v2\/media?parent=11"}],"curies":[{"name":"wp","href":"https:\/\/api.w.org\/{rel}","templated":true}]}}