{"id":73,"date":"2016-10-13T15:18:21","date_gmt":"2016-10-13T15:18:21","guid":{"rendered":"http:\/\/fn.se\/mjolby-motala\/?page_id=73"},"modified":"2024-10-04T08:36:14","modified_gmt":"2024-10-04T08:36:14","slug":"protokoll","status":"publish","type":"page","link":"https:\/\/fn.se\/mjolby-motala\/verksamhet\/protokoll\/","title":{"rendered":"Protokoll"},"content":{"rendered":"<h2>Protokoll<\/h2>\n<p><a href=\"https:\/\/fn.se\/mjolby-motala\/wp-content\/uploads\/sites\/104\/2016\/10\/Verksamhetsber\u00e4ttelse-2011.pdf\">Verksamhetsber\u00e4ttelse 2011<\/a><\/p>\n<p><a href=\"https:\/\/fn.se\/mjolby-motala\/wp-content\/uploads\/sites\/104\/2016\/10\/Verksamhetsbera\u0308ttelse-2016.pdf\">Verksamhetsbera\u0308ttelse 2016<\/a><\/p>\n<p><a href=\"https:\/\/fn.se\/mjolby-motala\/wp-content\/uploads\/sites\/104\/2024\/10\/FN-protokoll-2024.pdf\">\u00c5rsm\u00f6tesprotokoll 2024<\/a><\/p>\n\n\n<p><a href=\"https:\/\/fn.se\/mjolby-motala\/wp-content\/uploads\/sites\/104\/2024\/10\/Verksamhetsberattelse-FN-Mjolby-Motala-2023.pdf\">Verksamhetsber\u00e4ttelse 2023<\/a><\/p>\n","protected":false},"excerpt":{"rendered":"<p>Protokoll Verksamhetsber\u00e4ttelse 2011 Verksamhetsbera\u0308ttelse 2016 \u00c5rsm\u00f6tesprotokoll 2024 Verksamhetsber\u00e4ttelse 2023<\/p>\n","protected":false},"author":17,"featured_media":0,"parent":15,"menu_order":0,"comment_status":"closed","ping_status":"closed","template":"templates\/template-sub.php","meta":{"_acf_changed":false,"footnotes":"","_links_to":"","_links_to_target":""},"class_list":["post-73","page","type-page","status-publish","hentry"],"acf":[],"_links":{"self":[{"href":"https:\/\/fn.se\/mjolby-motala\/wp-json\/wp\/v2\/pages\/73","targetHints":{"allow":["GET"]}}],"collection":[{"href":"https:\/\/fn.se\/mjolby-motala\/wp-json\/wp\/v2\/pages"}],"about":[{"href":"https:\/\/fn.se\/mjolby-motala\/wp-json\/wp\/v2\/types\/page"}],"author":[{"embeddable":true,"href":"https:\/\/fn.se\/mjolby-motala\/wp-json\/wp\/v2\/users\/17"}],"replies":[{"embeddable":true,"href":"https:\/\/fn.se\/mjolby-motala\/wp-json\/wp\/v2\/comments?post=73"}],"version-history":[{"count":5,"href":"https:\/\/fn.se\/mjolby-motala\/wp-json\/wp\/v2\/pages\/73\/revisions"}],"predecessor-version":[{"id":116,"href":"https:\/\/fn.se\/mjolby-motala\/wp-json\/wp\/v2\/pages\/73\/revisions\/116"}],"up":[{"embeddable":true,"href":"https:\/\/fn.se\/mjolby-motala\/wp-json\/wp\/v2\/pages\/15"}],"wp:attachment":[{"href":"https:\/\/fn.se\/mjolby-motala\/wp-json\/wp\/v2\/media?parent=73"}],"curies":[{"name":"wp","href":"https:\/\/api.w.org\/{rel}","templated":true}]}}