{"id":63,"date":"2016-10-13T15:14:47","date_gmt":"2016-10-13T15:14:47","guid":{"rendered":"http:\/\/fn.se\/mjolby-motala\/?page_id=63"},"modified":"2025-03-26T11:38:46","modified_gmt":"2025-03-26T11:38:46","slug":"styrelse","status":"publish","type":"page","link":"https:\/\/fn.se\/mjolby-motala\/styrelse\/","title":{"rendered":"Styrelse"},"content":{"rendered":"<h1>Styrelsen<\/h1>\n<p class=\"intro\">Mj\u00f6lby FN-f\u00f6renings styrelse fungerar som en l\u00e4nk mellan f\u00f6reningen, dess medlemmar och allm\u00e4nheten.<\/p>\n<p>Styrelsen \u00e4r ansvarig f\u00f6r evenemangen under \u00e5ret samt den l\u00f6pande verksamheten. Styrelsen har m\u00f6ten cirka 1 g\u00e5ng per m\u00e5nad, planerar och diskuterar aktiviteter.<\/p>\n<p>Om du har id\u00e9er om vad f\u00f6rening kan arbeta med eller synpunkter p\u00e5 verksamheten \u00e4r du alltid v\u00e4lkommen att kontakta\u00a0ordf\u00f6rande Kristina Post.<\/p>\n<p><strong>Under \u00e5rsm\u00f6tet 2025 valdes f\u00f6ljande medlemmar till Styrelsen<\/strong><\/p>\n<p>Kristina Post Ordf\u00f6rande<\/p>\n<p>Tonny Henriksson Kass\u00f6r<\/p>\n<p>Jonas Nord\u00e9n Ledamot<\/p>\n<p>Alexandra Abdallah Ledamot<\/p>\n<p>Charlie Johansson Ledamot<\/p>\n<p>Seppo Pukari Ledamot<\/p>\n<p>Josefina Hall\u00e9n Ledamot<\/p>\n<p>Jangunnar Hjalmarsson Ledamot<\/p>\n","protected":false},"excerpt":{"rendered":"<p>Styrelsen Mj\u00f6lby FN-f\u00f6renings styrelse fungerar som en l\u00e4nk mellan f\u00f6reningen, dess medlemmar och allm\u00e4nheten. Styrelsen \u00e4r ansvarig f\u00f6r evenemangen under&hellip;<\/p>\n","protected":false},"author":17,"featured_media":0,"parent":0,"menu_order":0,"comment_status":"closed","ping_status":"closed","template":"templates\/template-sub.php","meta":{"_acf_changed":false,"footnotes":"","_links_to":"","_links_to_target":""},"class_list":["post-63","page","type-page","status-publish","hentry"],"acf":[],"_links":{"self":[{"href":"https:\/\/fn.se\/mjolby-motala\/wp-json\/wp\/v2\/pages\/63","targetHints":{"allow":["GET"]}}],"collection":[{"href":"https:\/\/fn.se\/mjolby-motala\/wp-json\/wp\/v2\/pages"}],"about":[{"href":"https:\/\/fn.se\/mjolby-motala\/wp-json\/wp\/v2\/types\/page"}],"author":[{"embeddable":true,"href":"https:\/\/fn.se\/mjolby-motala\/wp-json\/wp\/v2\/users\/17"}],"replies":[{"embeddable":true,"href":"https:\/\/fn.se\/mjolby-motala\/wp-json\/wp\/v2\/comments?post=63"}],"version-history":[{"count":6,"href":"https:\/\/fn.se\/mjolby-motala\/wp-json\/wp\/v2\/pages\/63\/revisions"}],"predecessor-version":[{"id":115,"href":"https:\/\/fn.se\/mjolby-motala\/wp-json\/wp\/v2\/pages\/63\/revisions\/115"}],"wp:attachment":[{"href":"https:\/\/fn.se\/mjolby-motala\/wp-json\/wp\/v2\/media?parent=63"}],"curies":[{"name":"wp","href":"https:\/\/api.w.org\/{rel}","templated":true}]}}