{"id":44,"date":"2016-09-22T14:18:19","date_gmt":"2016-09-22T14:18:19","guid":{"rendered":"http:\/\/fn.se\/mjolby-motala\/?page_id=44"},"modified":"2017-04-03T11:55:39","modified_gmt":"2017-04-03T11:55:39","slug":"fairtradeundersokning","status":"publish","type":"page","link":"https:\/\/fn.se\/mjolby-motala\/fairtradeundersokning\/","title":{"rendered":"Fairtrade-unders\u00f6kning"},"content":{"rendered":"<h1>Fairtradeunders\u00f6kning<\/h1>\n<p class=\"intro\"><a href=\"https:\/\/fn.se\/mjolby-motala\/wp-content\/uploads\/sites\/104\/2016\/09\/MJ\u00d6LBY-FN-FT-inventering2.pdf\" target=\"_blank\">Bed\u00f6mningsskala<\/a><\/p>\n<p class=\"intro\"><a href=\"https:\/\/fn.se\/mjolby-motala\/wp-content\/uploads\/sites\/104\/2016\/09\/MJ\u00d6LBY-FN-FT-inventering2.pdf\" target=\"_blank\">Inventering<\/a><\/p>\n<p class=\"intro\"><a href=\"https:\/\/fn.se\/mjolby-motala\/wp-content\/uploads\/sites\/104\/2016\/09\/MJ\u00d6LBY-FN-\u00c5terkoppling-2.pdf\" target=\"_blank\">\u00c5terkoppling<\/a><\/p>\n","protected":false},"excerpt":{"rendered":"<p>Fairtradeunders\u00f6kning Bed\u00f6mningsskala Inventering \u00c5terkoppling<\/p>\n","protected":false},"author":3,"featured_media":0,"parent":0,"menu_order":0,"comment_status":"closed","ping_status":"closed","template":"templates\/template-sub.php","meta":{"_acf_changed":false,"footnotes":"","_links_to":"","_links_to_target":""},"class_list":["post-44","page","type-page","status-publish","hentry"],"acf":[],"_links":{"self":[{"href":"https:\/\/fn.se\/mjolby-motala\/wp-json\/wp\/v2\/pages\/44","targetHints":{"allow":["GET"]}}],"collection":[{"href":"https:\/\/fn.se\/mjolby-motala\/wp-json\/wp\/v2\/pages"}],"about":[{"href":"https:\/\/fn.se\/mjolby-motala\/wp-json\/wp\/v2\/types\/page"}],"author":[{"embeddable":true,"href":"https:\/\/fn.se\/mjolby-motala\/wp-json\/wp\/v2\/users\/3"}],"replies":[{"embeddable":true,"href":"https:\/\/fn.se\/mjolby-motala\/wp-json\/wp\/v2\/comments?post=44"}],"version-history":[{"count":6,"href":"https:\/\/fn.se\/mjolby-motala\/wp-json\/wp\/v2\/pages\/44\/revisions"}],"predecessor-version":[{"id":91,"href":"https:\/\/fn.se\/mjolby-motala\/wp-json\/wp\/v2\/pages\/44\/revisions\/91"}],"wp:attachment":[{"href":"https:\/\/fn.se\/mjolby-motala\/wp-json\/wp\/v2\/media?parent=44"}],"curies":[{"name":"wp","href":"https:\/\/api.w.org\/{rel}","templated":true}]}}