{"id":15,"date":"2016-09-22T14:11:09","date_gmt":"2016-09-22T14:11:09","guid":{"rendered":"http:\/\/fn.se\/mjolby-motala\/?page_id=15"},"modified":"2025-03-26T13:36:26","modified_gmt":"2025-03-26T13:36:26","slug":"verksamhet","status":"publish","type":"page","link":"https:\/\/fn.se\/mjolby-motala\/verksamhet\/","title":{"rendered":"Verksamhet"},"content":{"rendered":"<p>Vi vill arbeta f\u00f6r FN:s m\u00e5l och v\u00e4rderingar s\u00e5 praktiskt som vi kan. Vi har valt 4 saker vi jobbar s\u00e4rskilt f\u00f6r:<\/p>\n<h1>Fredsarbete<\/h1>\n<p>Sen Ryssland anf\u00f6ll Ukraina har v\u00e5rt fokus i f\u00f6reningen skiftat mot att lyfta fredsfr\u00e5gan mer aktivt. V\u00e5r FN-h\u00f6gtid 2022 hade rubriken &#8221;<strong><em>Hur bygga fred i en orolig tid?<\/em><\/strong>&#8221; Vi tror att fred m\u00e5ste byggas hela tiden, med goda relationer och samarbete p\u00e5 alla niv\u00e5er. Att hj\u00e4lpas \u00e5t att f\u00f6rverkliga Agenda 2030 \u00e4r ett mycket bra fredsprojekt d\u00e4r alla kan vara delaktiga. Under 2024 drog vi ig\u00e5ng <strong>Forum F\u00f6r Fred<\/strong>, ett samtalsforum f\u00f6r att lyfta oro och id\u00e9er runt hur vi kan st\u00e4rka freden. Vi samtalade och lyssnade p\u00e5 f\u00f6redragsh\u00e5llare med olika perspektiv. Det avslutades p\u00e5 FN-dagen 2024 d\u00e5 vi dels genomf\u00f6rde en fredsdemonstration i Motala och lyssnade p\u00e5 f\u00f6rel\u00e4sning av Anders Wijkman p\u00e5 kv\u00e4llen. Han talade om FN-organisationen och m\u00f6jligheter och sv\u00e5righeter fram\u00e5t. Att arbeta lokalt och driva p\u00e5 utvecklingen underifr\u00e5n \u00e4r avg\u00f6rande, och n\u00e5got vi alla kan bidra till. FN borde reformeras totalt i sin topporganisation ocks\u00e5, d\u00e4r\u00a0 s\u00e4kerhetsr\u00e5dets utformning nu blockerar mycket av n\u00f6dv\u00e4ndiga \u00e5tg\u00e4rder f\u00f6r att agera mot konflikter och m\u00f6jligg\u00f6ra fredlig konflikthantering. D\u00e4r f\u00e5r vi trycka p\u00e5 i den m\u00e5n det \u00e4r m\u00f6jligt, och st\u00e4lla oss bakom alla f\u00f6rs\u00f6k till f\u00f6rnyelse.<\/p>\n<p>Vi forts\u00e4tter Forum F\u00f6r Fred \u00e4ven 2025, nu med rubriken &#8221;<strong>Fredens r\u00f6st beh\u00f6ver h\u00f6jas &#8211; men vad ska den s\u00e4ga?<\/strong>&#8221; I b\u00e4sta fall kan det resultera i ett verktyg f\u00f6r att h\u00f6ja fredens r\u00f6st med ett l\u00e4ttbegripligt &#8221;<strong>Fred p\u00e5 riktigt &#8211; enkla metoder<\/strong>&#8221;.<\/p>\n<h1>Agenda 2030<\/h1>\n<p>Vi vill sprida medvetenhet om FN:s m\u00e5l och v\u00e4cka engagemang f\u00f6r detta viktiga verktyg f\u00f6r en l\u00e5ngsiktigt h\u00e5llbar v\u00e4rld. Vi g\u00f6r detta bl.a. genom att \u00e5rligen bjuda in politiker och tj\u00e4nstem\u00e4n i kommunerna i n\u00e4romr\u00e5det till en inspirationsf\u00f6rel\u00e4sning och n\u00e4tverksbyggande samtal runt hur vi kan samverka f\u00f6r att uppn\u00e5 m\u00e5len i Agenda 2030 i v\u00e5r region.<\/p>\n<h1>Integration<\/h1>\n<p>Det betyder att bli v\u00e4nner, l\u00e4ra av varandra och hj\u00e4lpas \u00e5t. Vi vill ordna tillf\u00e4llen d\u00e5 m\u00e4nniskor fr\u00e5n olika l\u00e4nder<br \/>\nsom bor h\u00e4r ska kunna tr\u00e4ffas och l\u00e4ra k\u00e4nna varandra. Detta \u00e4r att bygga fred h\u00e4r och nu.<\/p>\n<h1>Fairtrade<\/h1>\n<p class=\"intro\">Mj\u00f6lby-Motala FN-f\u00f6rening har sen 2015 jobbat med att sprida information om Fairtrade.<\/p>\n<h4>Vad \u00e4r r\u00e4ttvis handel?<\/h4>\n<p>M\u00e5nga producenter i utvecklingsl\u00e4nder har ofta begr\u00e4nsade resurser och har sv\u00e5rt att h\u00e4vda sig p\u00e5 v\u00e4rldsmarknaden. F\u00f6r att kunna agera d\u00e4r, och s\u00e4lja sina produkter, tvingas de pressa sina priser, s\u00e4nka kraven p\u00e5 arbetsf\u00f6rh\u00e5llanden samt s\u00e4lja via flera mellanh\u00e4nder som sj\u00e4lva tar en stor del av f\u00f6rtj\u00e4nsten. Detta leder till att m\u00e5nga inte f\u00e5r tillr\u00e4ckligt betalt f\u00f6r sitt arbete och d\u00e4rmed inte kan f\u00f6rs\u00f6rja sig sj\u00e4lva, sin familj och utveckla sitt lokalsamh\u00e4lle<\/p>\n<p>Det \u00e4r mot denna bakgrund r\u00e4ttvis handelsr\u00f6relsen har vuxit fram. Genom att fr\u00e4mja en handel d\u00e4r m\u00e4nniskan och lokalsamh\u00e4llets utveckling s\u00e4tts i centrum kan fattigdom och social utslagning undvikas. R\u00e4ttvis handel \u00e4r inte bist\u00e5nd &#8211; det \u00e4r ett handelssamarbete mellan producenter, import\u00f6rer, butiker och konsumenter, som pr\u00e4glas av \u00f6ppenhet, \u00f6msesidighet och respekt f\u00f6r alla parter. R\u00e4ttvis betalning, goda arbetsf\u00f6rh\u00e5llanden, l\u00e5ngsiktighet, respekt f\u00f6r m\u00e4nskliga r\u00e4ttigheter och f\u00f6r milj\u00f6n m\u00f6jligg\u00f6r p\u00e5 sikt ekonomisk och social utveckling.<\/p>\n<p>R\u00e4ttvis handel \u00e4r en folkr\u00f6relse som har sina r\u00f6tter i 100-tals studiecirklar med fokus p\u00e5 utvecklingsl\u00e4nder, fredsfr\u00e5gor och bist\u00e5ndspolitik, anordnade av framf\u00f6rallt solidaritets- och fackf\u00f6reningsr\u00f6relser, milj\u00f6organisationer samt kristna samfund och f\u00f6rsamlingar. Under 90-talet b\u00f6rjade dagens r\u00f6relse ta en tydligare form. Fokus flyttas till tillverkningsprocessen och till producentens, den enskilde individens, arbets- och levnadsvillkor. Fr\u00e5gor kring demokrati och organisationsform f\u00e5r \u00f6kad vikt.<\/p>\n<p><img loading=\"lazy\" decoding=\"async\" class=\"alignnone wp-image-16 size-full\" src=\"https:\/\/fn.se\/mjolby-motala\/wp-content\/uploads\/sites\/104\/2016\/09\/fairtrade-A.jpg\" alt=\"fairtrade-a\" width=\"800\" height=\"260\" srcset=\"https:\/\/fn.se\/mjolby-motala\/wp-content\/uploads\/sites\/104\/2016\/09\/fairtrade-A.jpg 800w, https:\/\/fn.se\/mjolby-motala\/wp-content\/uploads\/sites\/104\/2016\/09\/fairtrade-A-300x98.jpg 300w, https:\/\/fn.se\/mjolby-motala\/wp-content\/uploads\/sites\/104\/2016\/09\/fairtrade-A-768x250.jpg 768w, https:\/\/fn.se\/mjolby-motala\/wp-content\/uploads\/sites\/104\/2016\/09\/fairtrade-A-450x146.jpg 450w\" sizes=\"auto, (max-width: 800px) 100vw, 800px\" \/><\/p>\n","protected":false},"excerpt":{"rendered":"<p>Vi vill arbeta f\u00f6r FN:s m\u00e5l och v\u00e4rderingar s\u00e5 praktiskt som vi kan. Vi har valt 4 saker vi jobbar&hellip;<\/p>\n","protected":false},"author":3,"featured_media":0,"parent":0,"menu_order":0,"comment_status":"closed","ping_status":"closed","template":"templates\/template-sub.php","meta":{"_acf_changed":false,"footnotes":"","_links_to":"","_links_to_target":""},"class_list":["post-15","page","type-page","status-publish","hentry"],"acf":[],"_links":{"self":[{"href":"https:\/\/fn.se\/mjolby-motala\/wp-json\/wp\/v2\/pages\/15","targetHints":{"allow":["GET"]}}],"collection":[{"href":"https:\/\/fn.se\/mjolby-motala\/wp-json\/wp\/v2\/pages"}],"about":[{"href":"https:\/\/fn.se\/mjolby-motala\/wp-json\/wp\/v2\/types\/page"}],"author":[{"embeddable":true,"href":"https:\/\/fn.se\/mjolby-motala\/wp-json\/wp\/v2\/users\/3"}],"replies":[{"embeddable":true,"href":"https:\/\/fn.se\/mjolby-motala\/wp-json\/wp\/v2\/comments?post=15"}],"version-history":[{"count":8,"href":"https:\/\/fn.se\/mjolby-motala\/wp-json\/wp\/v2\/pages\/15\/revisions"}],"predecessor-version":[{"id":120,"href":"https:\/\/fn.se\/mjolby-motala\/wp-json\/wp\/v2\/pages\/15\/revisions\/120"}],"wp:attachment":[{"href":"https:\/\/fn.se\/mjolby-motala\/wp-json\/wp\/v2\/media?parent=15"}],"curies":[{"name":"wp","href":"https:\/\/api.w.org\/{rel}","templated":true}]}}