{"id":2,"date":"2016-08-11T10:57:20","date_gmt":"2016-08-11T10:57:20","guid":{"rendered":"http:\/\/fn.se\/malmo-fn-forening\/?page_id=2"},"modified":"2026-03-19T20:37:51","modified_gmt":"2026-03-19T20:37:51","slug":"sample-page","status":"publish","type":"page","link":"https:\/\/fn.se\/malmo\/","title":{"rendered":"Hem"},"content":{"rendered":"\n<hr class=\"wp-block-separator has-text-color has-vivid-cyan-blue-color has-css-opacity has-vivid-cyan-blue-background-color has-background is-style-wide\" \/>\n\n\n\n<h1 class=\"wp-block-heading\">V\u00e4lkommen till&nbsp;Malm\u00f6 FN-f\u00f6rening!<\/h1>\n\n\n\n<p><img loading=\"lazy\" decoding=\"async\" width=\"205\" height=\"509\" class=\" wp-image-183 alignright\" src=\"https:\/\/fn.se\/malmo\/wp-content\/uploads\/sites\/80\/2016\/08\/SFN_FO\u00a6\u00eaRENING_Malmo\u00a6\u00ea-121x300.jpg\" alt=\"\" srcset=\"https:\/\/fn.se\/malmo\/wp-content\/uploads\/sites\/80\/2016\/08\/SFN_FO\u00a6\u00eaRENING_Malmo\u00a6\u00ea-121x300.jpg 121w, https:\/\/fn.se\/malmo\/wp-content\/uploads\/sites\/80\/2016\/08\/SFN_FO\u00a6\u00eaRENING_Malmo\u00a6\u00ea-413x1024.jpg 413w, https:\/\/fn.se\/malmo\/wp-content\/uploads\/sites\/80\/2016\/08\/SFN_FO\u00a6\u00eaRENING_Malmo\u00a6\u00ea-129x320.jpg 129w, https:\/\/fn.se\/malmo\/wp-content\/uploads\/sites\/80\/2016\/08\/SFN_FO\u00a6\u00eaRENING_Malmo\u00a6\u00ea-282x700.jpg 282w, https:\/\/fn.se\/malmo\/wp-content\/uploads\/sites\/80\/2016\/08\/SFN_FO\u00a6\u00eaRENING_Malmo\u00a6\u00ea.jpg 489w\" sizes=\"auto, (max-width: 205px) 100vw, 205px\" \/><\/p>\n\n\n\n<p>B\u00e4ste medlem,&nbsp;<\/p>\n\n\n\n<p>Vi \u00e4r glada att kunna meddela att Malm\u00f6 FN-f\u00f6rening nu har en ny legitimt vald styrelse vald p\u00e5 det extra \u00e5rsm\u00f6tet den 21 februari 2026.&nbsp;<\/p>\n\n\n\n<p>Sk\u00e4let till att det beh\u00f6vdes utse en ny styrelse var att det inte l\u00e4ngre fanns en beh\u00f6rig styrelse d\u00e5 det endast fanns tv\u00e5 personer kvar i den tidigare styrelsen.<\/p>\n\n\n\n<p>Men tyv\u00e4rr \u00e4r det s\u00e5 att dessa tv\u00e5 personer valt att tolka stadgarna p\u00e5 sitt eget s\u00e4tt och inte vill acceptera dessa. I strid med f\u00f6reningens stadgar har de valt att genomf\u00f6ra ett icke legitimt \u00e5rsm\u00f6te en vecka tidigare. Dessa personer g\u00f6r ocks\u00e5 utskick till flera av er medlemmar i FN-f\u00f6reningens namn. Vi beklagar detta.<\/p>\n\n\n\n<p>Svenska FN-f\u00f6rbundet st\u00e5r bakom den nya styrelsen vald den 21 februari. De mejl som kommer fr\u00e5n den legitima styrelsen i Malm\u00f6 FN-f\u00f6rening s\u00e4nds genom medlemsregistret fr\u00e5n samma adress som detta meddelande, FN.Noreply@fn.se och information finns ocks\u00e5 p\u00e5 FN-f\u00f6reningens hemsida <a href=\"https:\/\/fn.se\/malmo\/\" target=\"_blank\" rel=\"noreferrer noopener\">fn.se\/malmo<\/a><\/p>\n\n\n\n<p>Den nya styrelsens f\u00f6rsta uppgift \u00e4r nu att avsluta verksamhets\u00e5ret 2025 och ta fram \u00e5rsm\u00f6teshandlingar och utlysa ett nytt \u00e5rsm\u00f6te snarast m\u00f6jligt.&nbsp;<\/p>\n\n\n\n<p>Har du som medlem fr\u00e5gor \u00e4r du v\u00e4lkommen att kontakta den nyvalda styrelseordf\u00f6randen i Malm\u00f6 FN-f\u00f6rening Anne Slot Einarsson p\u00e5 <a href=\"mailto:annesloteinarsson@hotmail.com\">annesloteinarsson@hotmail.com<\/a> eller f\u00f6rbundsordf\u00f6rande Sanna Wolk p\u00e5 <a href=\"mailto:sanna.wolk@fn.se\">sanna.wolk@fn.se<\/a>.<\/p>\n\n\n\n<p>Med v\u00e4nliga h\u00e4lsningar<br>Sanna Wolk och Anne Slot Einarsson<br><\/p>\n\n\n\n<p class=\"has-text-align-left\"><\/p>\n\n\n\n<h2 class=\"wp-block-heading\" style=\"text-transform:uppercase\"><strong>\u00e5rsm\u00f6te 202<\/strong>6<\/h2>\n\n\n\n<p><em><strong>H\u00e4r hittar du alla handlingar inf\u00f6r \u00e5rsm\u00f6tet 2026:<\/strong><\/em><\/p>\n\n\n\n<div class=\"wp-block-file\"><a id=\"wp-block-file--media-ad5ec4d9-7f35-462c-a0e4-cfdcb5cd6a6e\" href=\"https:\/\/fn.se\/malmo\/wp-content\/uploads\/sites\/80\/2026\/03\/Kallelse-Arsmote-2026-FN-Malmo-Forening-1.pdf\">Kallelse A\u030arsmo\u0308te 2026 &#8211; FN Malmo\u0308-Fo\u0308rening (1)<\/a><a href=\"https:\/\/fn.se\/malmo\/wp-content\/uploads\/sites\/80\/2026\/03\/Kallelse-Arsmote-2026-FN-Malmo-Forening-1.pdf\" class=\"wp-block-file__button wp-element-button\" download aria-describedby=\"wp-block-file--media-ad5ec4d9-7f35-462c-a0e4-cfdcb5cd6a6e\">Ladda ner<\/a><\/div>\n\n\n\n<div class=\"wp-block-file\"><a id=\"wp-block-file--media-c75a6d9d-dd0a-4d85-996e-92af96440399\" href=\"https:\/\/fn.se\/malmo\/wp-content\/uploads\/sites\/80\/2026\/03\/Valberedningen-\u2013-nomineringar-infor-arsmotet-11-april.docx.pdf\">Valberedningen \u2013 nomineringar inf\u00f6r \u00e5rsm\u00f6tet 11 april.docx<\/a><a href=\"https:\/\/fn.se\/malmo\/wp-content\/uploads\/sites\/80\/2026\/03\/Valberedningen-\u2013-nomineringar-infor-arsmotet-11-april.docx.pdf\" class=\"wp-block-file__button wp-element-button\" download aria-describedby=\"wp-block-file--media-c75a6d9d-dd0a-4d85-996e-92af96440399\">Ladda ner<\/a><\/div>\n\n\n\n<p><\/p>\n","protected":false},"excerpt":{"rendered":"<p>V\u00e4lkommen till&nbsp;Malm\u00f6 FN-f\u00f6rening! B\u00e4ste medlem,&nbsp; Vi \u00e4r glada att kunna meddela att Malm\u00f6 FN-f\u00f6rening nu har en ny legitimt vald&hellip;<\/p>\n","protected":false},"author":1,"featured_media":0,"parent":0,"menu_order":0,"comment_status":"closed","ping_status":"closed","template":"","meta":{"_acf_changed":false,"footnotes":"","_links_to":"","_links_to_target":""},"class_list":["post-2","page","type-page","status-publish","hentry"],"acf":[],"_links":{"self":[{"href":"https:\/\/fn.se\/malmo\/wp-json\/wp\/v2\/pages\/2","targetHints":{"allow":["GET"]}}],"collection":[{"href":"https:\/\/fn.se\/malmo\/wp-json\/wp\/v2\/pages"}],"about":[{"href":"https:\/\/fn.se\/malmo\/wp-json\/wp\/v2\/types\/page"}],"author":[{"embeddable":true,"href":"https:\/\/fn.se\/malmo\/wp-json\/wp\/v2\/users\/1"}],"replies":[{"embeddable":true,"href":"https:\/\/fn.se\/malmo\/wp-json\/wp\/v2\/comments?post=2"}],"version-history":[{"count":187,"href":"https:\/\/fn.se\/malmo\/wp-json\/wp\/v2\/pages\/2\/revisions"}],"predecessor-version":[{"id":3370,"href":"https:\/\/fn.se\/malmo\/wp-json\/wp\/v2\/pages\/2\/revisions\/3370"}],"wp:attachment":[{"href":"https:\/\/fn.se\/malmo\/wp-json\/wp\/v2\/media?parent=2"}],"curies":[{"name":"wp","href":"https:\/\/api.w.org\/{rel}","templated":true}]}}