{"id":449,"date":"2025-05-20T06:32:19","date_gmt":"2025-05-20T06:32:19","guid":{"rendered":"https:\/\/fn.se\/lund\/?page_id=449"},"modified":"2025-05-20T06:36:18","modified_gmt":"2025-05-20T06:36:18","slug":"lunds-fn-forenings-alumni","status":"publish","type":"page","link":"https:\/\/fn.se\/lund\/lunds-fn-forenings-alumni\/","title":{"rendered":"Alumni"},"content":{"rendered":"\n<p>H\u00e4r kommer inom kort f\u00f6reningens alumnn\u00e4tverket presenteras. <\/p>\n","protected":false},"excerpt":{"rendered":"<p>H\u00e4r kommer inom kort f\u00f6reningens alumnn\u00e4tverket presenteras.<\/p>\n","protected":false},"author":64,"featured_media":0,"parent":0,"menu_order":0,"comment_status":"closed","ping_status":"closed","template":"","meta":{"_acf_changed":false,"footnotes":"","_links_to":"","_links_to_target":""},"class_list":["post-449","page","type-page","status-publish","hentry"],"acf":[],"_links":{"self":[{"href":"https:\/\/fn.se\/lund\/wp-json\/wp\/v2\/pages\/449","targetHints":{"allow":["GET"]}}],"collection":[{"href":"https:\/\/fn.se\/lund\/wp-json\/wp\/v2\/pages"}],"about":[{"href":"https:\/\/fn.se\/lund\/wp-json\/wp\/v2\/types\/page"}],"author":[{"embeddable":true,"href":"https:\/\/fn.se\/lund\/wp-json\/wp\/v2\/users\/64"}],"replies":[{"embeddable":true,"href":"https:\/\/fn.se\/lund\/wp-json\/wp\/v2\/comments?post=449"}],"version-history":[{"count":3,"href":"https:\/\/fn.se\/lund\/wp-json\/wp\/v2\/pages\/449\/revisions"}],"predecessor-version":[{"id":455,"href":"https:\/\/fn.se\/lund\/wp-json\/wp\/v2\/pages\/449\/revisions\/455"}],"wp:attachment":[{"href":"https:\/\/fn.se\/lund\/wp-json\/wp\/v2\/media?parent=449"}],"curies":[{"name":"wp","href":"https:\/\/api.w.org\/{rel}","templated":true}]}}