{"id":22,"date":"2016-09-22T13:32:56","date_gmt":"2016-09-22T13:32:56","guid":{"rendered":"http:\/\/fn.se\/lund\/?page_id=22"},"modified":"2022-09-27T12:26:00","modified_gmt":"2022-09-27T12:26:00","slug":"nyheter","status":"publish","type":"page","link":"https:\/\/fn.se\/lund\/nyheter\/","title":{"rendered":"Event och Nyheter"},"content":{"rendered":"<h1>Event och Nyheter<\/h1>\n<p>H\u00e4r publiceras de senaste nyheterna och tidigare event inom f\u00f6reningen.<\/p>\n<p>G\u00e5 till <a href=\"https:\/\/fn.se\/lund\/arkiv\/\">arkivet<\/a> f\u00f6r \u00e4ldre nyheter.<\/p>\n<p><strong>En dag p\u00e5 Dag Hammarsk\u00f6ld museet<\/strong><\/p>\n<p>Den 1 oktober 2022 \u00e4r det avf\u00e4rd till Back\u00e5kra f\u00f6r en dag p\u00e5 Dag Hammarskj\u00f6lds museum. Bes\u00f6ket innefattar en privat guidning av museet, med exklusiva inblickar i den tidigare FN generalsekreterarens liv och arbete<\/p>\n<p><img loading=\"lazy\" decoding=\"async\" class=\"alignnone size-medium wp-image-145\" src=\"https:\/\/fn.se\/lund\/wp-content\/uploads\/sites\/79\/2022\/09\/Skarmavbild-2022-09-27-kl.-14.21.25-298x300.png\" alt=\"\" width=\"298\" height=\"300\" srcset=\"https:\/\/fn.se\/lund\/wp-content\/uploads\/sites\/79\/2022\/09\/Skarmavbild-2022-09-27-kl.-14.21.25-298x300.png 298w, https:\/\/fn.se\/lund\/wp-content\/uploads\/sites\/79\/2022\/09\/Skarmavbild-2022-09-27-kl.-14.21.25-1017x1024.png 1017w, https:\/\/fn.se\/lund\/wp-content\/uploads\/sites\/79\/2022\/09\/Skarmavbild-2022-09-27-kl.-14.21.25-150x150.png 150w, https:\/\/fn.se\/lund\/wp-content\/uploads\/sites\/79\/2022\/09\/Skarmavbild-2022-09-27-kl.-14.21.25-768x773.png 768w, https:\/\/fn.se\/lund\/wp-content\/uploads\/sites\/79\/2022\/09\/Skarmavbild-2022-09-27-kl.-14.21.25-650x654.png 650w, https:\/\/fn.se\/lund\/wp-content\/uploads\/sites\/79\/2022\/09\/Skarmavbild-2022-09-27-kl.-14.21.25-1024x1031.png 1024w, https:\/\/fn.se\/lund\/wp-content\/uploads\/sites\/79\/2022\/09\/Skarmavbild-2022-09-27-kl.-14.21.25.png 1198w\" sizes=\"auto, (max-width: 298px) 100vw, 298px\" \/><\/p>\n<p><strong>Firandet av \u00e5rets FN-supporter, Gillian Nilsson\u00a0<\/strong><\/p>\n<p><img loading=\"lazy\" decoding=\"async\" class=\"alignnone wp-image-103\" src=\"https:\/\/fn.se\/lund\/wp-content\/uploads\/sites\/79\/2018\/10\/10.28.2018-212x300.png\" alt=\"\" width=\"292\" height=\"414\" srcset=\"https:\/\/fn.se\/lund\/wp-content\/uploads\/sites\/79\/2018\/10\/10.28.2018-212x300.png 212w, https:\/\/fn.se\/lund\/wp-content\/uploads\/sites\/79\/2018\/10\/10.28.2018-724x1024.png 724w, https:\/\/fn.se\/lund\/wp-content\/uploads\/sites\/79\/2018\/10\/10.28.2018-650x919.png 650w, https:\/\/fn.se\/lund\/wp-content\/uploads\/sites\/79\/2018\/10\/10.28.2018.png 764w\" sizes=\"auto, (max-width: 292px) 100vw, 292px\" \/><\/p>\n<p><strong>Ljusmanifestation f\u00f6r ett k\u00e4rnvapenf\u00f6rbud \/ Kick-Off HT18<\/strong><\/p>\n<p><img loading=\"lazy\" decoding=\"async\" class=\"alignnone wp-image-102\" src=\"https:\/\/fn.se\/lund\/wp-content\/uploads\/sites\/79\/2018\/10\/Ljusmanifestation-212x300.png\" alt=\"\" width=\"296\" height=\"419\" srcset=\"https:\/\/fn.se\/lund\/wp-content\/uploads\/sites\/79\/2018\/10\/Ljusmanifestation-212x300.png 212w, https:\/\/fn.se\/lund\/wp-content\/uploads\/sites\/79\/2018\/10\/Ljusmanifestation-724x1024.png 724w, https:\/\/fn.se\/lund\/wp-content\/uploads\/sites\/79\/2018\/10\/Ljusmanifestation-650x919.png 650w, https:\/\/fn.se\/lund\/wp-content\/uploads\/sites\/79\/2018\/10\/Ljusmanifestation.png 764w\" sizes=\"auto, (max-width: 296px) 100vw, 296px\" \/>\u00a0 \u00a0<img loading=\"lazy\" decoding=\"async\" class=\"alignnone wp-image-96\" src=\"https:\/\/fn.se\/lund\/wp-content\/uploads\/sites\/79\/2018\/09\/change-2-212x300.jpg\" alt=\"\" width=\"296\" height=\"419\" srcset=\"https:\/\/fn.se\/lund\/wp-content\/uploads\/sites\/79\/2018\/09\/change-2-212x300.jpg 212w, https:\/\/fn.se\/lund\/wp-content\/uploads\/sites\/79\/2018\/09\/change-2-768x1086.jpg 768w, https:\/\/fn.se\/lund\/wp-content\/uploads\/sites\/79\/2018\/09\/change-2-724x1024.jpg 724w, https:\/\/fn.se\/lund\/wp-content\/uploads\/sites\/79\/2018\/09\/change-2-650x919.jpg 650w, https:\/\/fn.se\/lund\/wp-content\/uploads\/sites\/79\/2018\/09\/change-2-1024x1448.jpg 1024w\" sizes=\"auto, (max-width: 296px) 100vw, 296px\" \/><\/p>\n<p><strong>Lunds FN-f\u00f6rening var p\u00e5 AFs h\u00e4lsningsgille! <\/strong><\/p>\n<p>Flera studenter kom och sa hej!<\/p>\n<p><img loading=\"lazy\" decoding=\"async\" class=\"alignnone wp-image-47\" src=\"https:\/\/fn.se\/lund\/wp-content\/uploads\/sites\/79\/2016\/09\/16996232_10154374009298857_3074525533935114213_n-300x200.jpg\" alt=\"\" width=\"303\" height=\"202\" srcset=\"https:\/\/fn.se\/lund\/wp-content\/uploads\/sites\/79\/2016\/09\/16996232_10154374009298857_3074525533935114213_n-300x200.jpg 300w, https:\/\/fn.se\/lund\/wp-content\/uploads\/sites\/79\/2016\/09\/16996232_10154374009298857_3074525533935114213_n-768x512.jpg 768w, https:\/\/fn.se\/lund\/wp-content\/uploads\/sites\/79\/2016\/09\/16996232_10154374009298857_3074525533935114213_n-450x300.jpg 450w, https:\/\/fn.se\/lund\/wp-content\/uploads\/sites\/79\/2016\/09\/16996232_10154374009298857_3074525533935114213_n.jpg 960w\" sizes=\"auto, (max-width: 303px) 100vw, 303px\" \/><\/p>\n<p><strong>Lunds FN-f\u00f6rening anordnade en popul\u00e4r paneldebatt!<\/strong><\/p>\n<p>Onsdagen den 16 november h\u00f6ll f\u00f6reningen i en otroligt popul\u00e4r paneldebatt. Man diskuterade hur man ska implementera agenda 2030 p\u00e5 ett bra s\u00e4tt! En streaming av eventet finns p\u00e5 v\u00e5r <a href=\"https:\/\/www.facebook.com\/lundsfnforening\/\">faceboksida<\/a>\u00a0g\u00e5 in ock kika! Tidningen panorama skrev \u00e4ven en artikel om eventet <a href=\"http:\/\/www.panorama.lupef.se\/2016\/11\/25\/7946\/\">l\u00e4s h\u00e4r!<\/a><\/p>\n","protected":false},"excerpt":{"rendered":"<p>Event och Nyheter H\u00e4r publiceras de senaste nyheterna och tidigare event inom f\u00f6reningen. G\u00e5 till arkivet f\u00f6r \u00e4ldre nyheter. En&hellip;<\/p>\n","protected":false},"author":16,"featured_media":0,"parent":0,"menu_order":0,"comment_status":"closed","ping_status":"closed","template":"templates\/template-sub.php","meta":{"_acf_changed":false,"footnotes":"","_links_to":"","_links_to_target":""},"class_list":["post-22","page","type-page","status-publish","hentry"],"acf":[],"_links":{"self":[{"href":"https:\/\/fn.se\/lund\/wp-json\/wp\/v2\/pages\/22","targetHints":{"allow":["GET"]}}],"collection":[{"href":"https:\/\/fn.se\/lund\/wp-json\/wp\/v2\/pages"}],"about":[{"href":"https:\/\/fn.se\/lund\/wp-json\/wp\/v2\/types\/page"}],"author":[{"embeddable":true,"href":"https:\/\/fn.se\/lund\/wp-json\/wp\/v2\/users\/16"}],"replies":[{"embeddable":true,"href":"https:\/\/fn.se\/lund\/wp-json\/wp\/v2\/comments?post=22"}],"version-history":[{"count":12,"href":"https:\/\/fn.se\/lund\/wp-json\/wp\/v2\/pages\/22\/revisions"}],"predecessor-version":[{"id":206,"href":"https:\/\/fn.se\/lund\/wp-json\/wp\/v2\/pages\/22\/revisions\/206"}],"wp:attachment":[{"href":"https:\/\/fn.se\/lund\/wp-json\/wp\/v2\/media?parent=22"}],"curies":[{"name":"wp","href":"https:\/\/api.w.org\/{rel}","templated":true}]}}