{"id":12,"date":"2016-09-22T13:24:05","date_gmt":"2016-09-22T13:24:05","guid":{"rendered":"http:\/\/fn.se\/lund\/?page_id=12"},"modified":"2018-09-20T15:36:27","modified_gmt":"2018-09-20T15:36:27","slug":"arkiv","status":"publish","type":"page","link":"https:\/\/fn.se\/lund\/arkiv\/","title":{"rendered":"Arkiv"},"content":{"rendered":"<h1><a href=\"https:\/\/www.facebook.com\/lundsfnforening\/\"><img loading=\"lazy\" decoding=\"async\" class=\"alignright wp-image-80\" src=\"https:\/\/fn.se\/lund\/wp-content\/uploads\/sites\/79\/2018\/09\/facebook-icon-circle-300x300.png\" alt=\"\" width=\"40\" height=\"40\" srcset=\"https:\/\/fn.se\/lund\/wp-content\/uploads\/sites\/79\/2018\/09\/facebook-icon-circle-300x300.png 300w, https:\/\/fn.se\/lund\/wp-content\/uploads\/sites\/79\/2018\/09\/facebook-icon-circle-150x150.png 150w, https:\/\/fn.se\/lund\/wp-content\/uploads\/sites\/79\/2018\/09\/facebook-icon-circle.png 512w\" sizes=\"auto, (max-width: 40px) 100vw, 40px\" \/><\/a><a href=\"https:\/\/www.instagram.com\/lundsfnforening\/\"><img loading=\"lazy\" decoding=\"async\" class=\"alignright wp-image-78\" src=\"https:\/\/fn.se\/lund\/wp-content\/uploads\/sites\/79\/2018\/09\/social-instagram-new-circle-512-300x300.png\" alt=\"\" width=\"40\" height=\"40\" srcset=\"https:\/\/fn.se\/lund\/wp-content\/uploads\/sites\/79\/2018\/09\/social-instagram-new-circle-512-300x300.png 300w, https:\/\/fn.se\/lund\/wp-content\/uploads\/sites\/79\/2018\/09\/social-instagram-new-circle-512-150x150.png 150w, https:\/\/fn.se\/lund\/wp-content\/uploads\/sites\/79\/2018\/09\/social-instagram-new-circle-512.png 512w\" sizes=\"auto, (max-width: 40px) 100vw, 40px\" \/><\/a><a href=\"https:\/\/twitter.com\/lundsfnforening\"><img loading=\"lazy\" decoding=\"async\" class=\"alignright wp-image-81\" src=\"https:\/\/fn.se\/lund\/wp-content\/uploads\/sites\/79\/2018\/09\/58e9196deb97430e819064f6-300x300.png\" alt=\"\" width=\"40\" height=\"40\" srcset=\"https:\/\/fn.se\/lund\/wp-content\/uploads\/sites\/79\/2018\/09\/58e9196deb97430e819064f6-300x300.png 300w, https:\/\/fn.se\/lund\/wp-content\/uploads\/sites\/79\/2018\/09\/58e9196deb97430e819064f6-150x150.png 150w, https:\/\/fn.se\/lund\/wp-content\/uploads\/sites\/79\/2018\/09\/58e9196deb97430e819064f6.png 512w\" sizes=\"auto, (max-width: 40px) 100vw, 40px\" \/><\/a><br \/>\nArkiv<\/h1>\n<div><strong>Verksamhets\u00e5ret 2018<\/strong><\/div>\n<p>Den 26e september drar vi \u00e4ntligen ig\u00e5ng h\u00f6sten med ungdomssektionens kick-off. D\u00e4r kommer vi prata om v\u00e5r f\u00f6rening samt m\u00f6jligheterna att engagera sig. Efter uppstartsm\u00f6tet rullar h\u00f6sten ig\u00e5ng p\u00e5 riktigt med m\u00f6ten, film och diskussionskv\u00e4llar, h\u00e5llbarhetsverkstad och annat trevligt. Arkivet h\u00e4r kommer uppdateras l\u00f6pande under h\u00f6sten. Stay tuned!<\/p>\n<div><strong>Verksamhets\u00e5ret 2016<\/strong><\/div>\n<div>Under h\u00f6sten b\u00f6rjade f\u00f6reningen komma ig\u00e5ng p\u00e5 riktigt! Mer fart p\u00e5 sociala medier har \u00f6kat k\u00e4nnedomen om f\u00f6reningens verksamhet!<\/div>\n<div><\/div>\n<div>Vi hade en ungdomstr\u00e4ff med m\u00e5nga taggade ungdomar, vi startade flera nya utskott som kommer bli aktiva under 2017 och vi hade en mycket popul\u00e4r paneldebatt tillsammans med UPF!<\/div>\n<p>Vill du se paneldebatten? Den spelades n\u00e4ligen in! Se den\u00a0<a href=\"https:\/\/www.facebook.com\/pg\/FUFLund\/videos\/?ref=page_internal\">h\u00e4r<\/a>!<\/p>\n<div><strong>Verksamhets\u00e5ret 2015<\/strong><\/div>\n<div><\/div>\n<div>\n<div>\n<p class=\"intro\">Under 2015 kommer Lunds FN-f\u00f6rening aktivt att forts\u00e4tta sitt arbete med kampanjen <em>Flicka<\/em>.<br \/>\nL\u00e4s mer om kampanjen <a href=\"https:\/\/fn.se\/vi-gor\/vi-stodjer-viktiga-fn-projekt-i-varlden\/flicka\/\">h\u00e4r<\/a>.<\/p>\n<p class=\"intro intro\"><strong>Nyhet fr\u00e5n FN-f\u00f6reningens ungdomsgrupp<\/strong><\/p>\n<p class=\"intro intro\">Nathalie Wikman och Jonna Koch fr\u00e5n ungdomsgruppen har blivit antagna till FN-f\u00f6rbundets C-kurs den 25-30 oktober 2015 i Gen\u00e8ve. FN-f\u00f6reningen vill h\u00e4rvid gratulera och rikta lyck\u00f6nskningar till Nathalie och Jonna.<\/p>\n<p><strong>Gl\u00f6ggkv\u00e4llen den 17 december<\/strong><\/p>\n<p>Den 17 december avrundade vi \u00e5r 2012 med f\u00f6reningens traditionsenliga gl\u00f6ggkv\u00e4ll. Det bj\u00f6ds p\u00e5 gl\u00f6gg, gr\u00f6t och pepparkakor. Kv\u00e4llens talare varSiwita Nasser som ber\u00e4ttade om Afghanistan.<\/p>\n<\/div>\n<ul>\n<li>Tid: 18.30<br \/>\nPlats: Kiliansgatan 9<\/li>\n<\/ul>\n<p><strong>MR-dagen den 10 december<\/strong><\/p>\n<p>Den internationella dagen f\u00f6r m\u00e4nskliga r\u00e4ttigheter uppm\u00e4rksammade romer och romska flickors situation med filmvisning och fterf\u00f6ljande samtal. FN-f\u00f6reningen och Folkets bj\u00f6d in Barina och David Starlund, romer ifr\u00e5n Lund samt Norma Montesino, lektor i socialt arbete vid Socialh\u00f6gskolan i Lund. Filmen som visades var <em>Me, My Gypsy Family and Woody Allen<\/em> kl. 18.30 p\u00e5 Kino i Lund. Efter filmen h\u00f6lls en diskussion om m\u00e4nskliga r\u00e4ttigheter och romska flickors situation. Fri entr\u00e9!<\/p>\n<\/div>\n<p><strong>FN-dagen 2012<\/strong><\/p>\n<p>Den 24 oktober firade Lunds FN-f\u00f6rening FN-dagen. Vi uppm\u00e4rksammade Syrien och Irak med tv\u00e5 intressanta f\u00f6rel\u00e4sningar.:Hanin Shakrah f\u00f6rel\u00e4ste om <em>Syriens v\u00e4g till frihet<\/em> och Shada Jawad om <em>Situationen f\u00f6r irakiska och kurdiska kvinnor i Irak idag<\/em>. ABF Mittsk\u00e5ne, Irakiska kvinnof\u00f6reningen, Unicef Lund och Svalorna Indien Bangladesh deltog \u00e4ven under arrangemanget.<br \/>\nStort tack till alla er som var d\u00e4r och gjorde FN-dagen minnesv\u00e4rd!<\/p>\n<p><strong>Internationella Flicka-dagen<\/strong><\/p>\n<p>Den 11 oktober uppm\u00e4rksammade Lunds FN-f\u00f6rening den internationella dagen f\u00f6r flickor i samarbete med Svenska Afghanistankommitt\u00e9n och Svalorna p\u00e5 V\u00e4sters bibliotek i Lund. Det visades film och h\u00f6lls samtal om flickors situation i v\u00e4rlden.<\/p>\n<p><strong>M\u00f6te med Sk\u00e5nes FN-distrikt<\/strong><\/p>\n<p>Ta tillf\u00e4llet i akt och kom och p\u00e5verka hur Sk\u00e5nes FN-distrikt arbetar. Om du \u00e4r intresserad av att representera Lunds FN-f\u00f6rening tillsammans med f\u00f6reningens distriktsombud den 29 september p\u00e5 distriktets h\u00f6stupptakt, mejla d\u00e5 lundsfnforening@gmail.com senast den 18 september.<\/p>\n<p><em>Plats<\/em>: Garvareg\u00e5rden, Hamngatan 4 i Trelleborg<br \/>\n<em>Tid:<\/em>\u00a010.00<\/p>\n<p><strong>\u00c5rsm\u00f6tet den 26 februari 2012<\/strong><\/p>\n<p><em>Kort sammanfattning<\/em><\/p>\n<ul>\n<li>Under \u00e5rsm\u00f6tet valdes en del nya personer in i styrelsen och andra omvaldes som ledam\u00f6ter.<\/li>\n<li>Ordf\u00f6rande Linnea Gustafsson avgick och Elisabet Farner tog \u00f6ver ordf\u00f6randeskapet.<\/li>\n<li>Fredrik Persson valdes till f\u00f6reningens representant till Sk\u00e5nedistriktet.<\/li>\n<li>Elisabet Farner valdes till f\u00f6reningens ombud till kongressen och Jan-Fredrik Wahlin till observat\u00f6r tillika suppleant.<\/li>\n<li>Jan-Fredrik Wahlin nominerades till f\u00f6rbundsstyrelsen.<\/li>\n<\/ul>\n<p><strong>FN-dagen 2011<\/strong><\/p>\n<p>Lunds FN-f\u00f6rening firade traditionsenligt FN-dagen med f\u00f6rel\u00e4sningar, bok -och informationsbord och FN-bakelser (f\u00f6rst\u00e5s!). Svenska FN-f\u00f6rbundets ordf\u00f6rande Aleksander Gabelic deltog ocks\u00e5 i firandet i Lund och talade om den arabiska v\u00e5ren och utmaningar som FN st\u00e5r inf\u00f6r.<br \/>\nUnder eftermiddagen f\u00f6rel\u00e4ste \u00e4ven Ragnar Hallgren fr\u00e5n f\u00f6reningen Svalorna Indien Bangladesh om M\u00e4nskliga r\u00e4ttigheter i Bangladesh samt Lundajuristen Anna Tarnovskaya om sitt f\u00e4ltarbete i Kambodja.<\/p>\n","protected":false},"excerpt":{"rendered":"<p>Arkiv Verksamhets\u00e5ret 2018 Den 26e september drar vi \u00e4ntligen ig\u00e5ng h\u00f6sten med ungdomssektionens kick-off. D\u00e4r kommer vi prata om v\u00e5r&hellip;<\/p>\n","protected":false},"author":16,"featured_media":0,"parent":0,"menu_order":0,"comment_status":"closed","ping_status":"closed","template":"templates\/template-sub.php","meta":{"_acf_changed":false,"footnotes":"","_links_to":"","_links_to_target":""},"class_list":["post-12","page","type-page","status-publish","hentry"],"acf":[],"_links":{"self":[{"href":"https:\/\/fn.se\/lund\/wp-json\/wp\/v2\/pages\/12","targetHints":{"allow":["GET"]}}],"collection":[{"href":"https:\/\/fn.se\/lund\/wp-json\/wp\/v2\/pages"}],"about":[{"href":"https:\/\/fn.se\/lund\/wp-json\/wp\/v2\/types\/page"}],"author":[{"embeddable":true,"href":"https:\/\/fn.se\/lund\/wp-json\/wp\/v2\/users\/16"}],"replies":[{"embeddable":true,"href":"https:\/\/fn.se\/lund\/wp-json\/wp\/v2\/comments?post=12"}],"version-history":[{"count":5,"href":"https:\/\/fn.se\/lund\/wp-json\/wp\/v2\/pages\/12\/revisions"}],"predecessor-version":[{"id":88,"href":"https:\/\/fn.se\/lund\/wp-json\/wp\/v2\/pages\/12\/revisions\/88"}],"wp:attachment":[{"href":"https:\/\/fn.se\/lund\/wp-json\/wp\/v2\/media?parent=12"}],"curies":[{"name":"wp","href":"https:\/\/api.w.org\/{rel}","templated":true}]}}