{"id":64,"date":"2023-04-24T10:10:54","date_gmt":"2023-04-24T10:10:54","guid":{"rendered":"https:\/\/fn.se\/lulea\/?page_id=64"},"modified":"2025-05-25T16:40:07","modified_gmt":"2025-05-25T16:40:07","slug":"styrlesen","status":"publish","type":"page","link":"https:\/\/fn.se\/lulea\/styrlesen\/","title":{"rendered":"Styrelsen 2025"},"content":{"rendered":"\n<div class=\"wp-block-group is-layout-constrained wp-block-group-is-layout-constrained\">\n<p><strong>Ordf\u00f6rande<\/strong><br>Lenitha Hedqvist<\/p>\n<\/div>\n\n\n\n<div class=\"wp-block-group is-layout-constrained wp-block-group-is-layout-constrained\">\n<p><strong>Kass\u00f6r<\/strong><br>Victor Andersson<\/p>\n<\/div>\n\n\n\n<div class=\"wp-block-group is-layout-constrained wp-block-group-is-layout-constrained\">\n<p><strong>Sekreterare<\/strong><br>Lena Andersson<\/p>\n<\/div>\n\n\n\n<div class=\"wp-block-group is-layout-constrained wp-block-group-is-layout-constrained\">\n<p><strong>Ledam\u00f6ter<\/strong><br>Gannica Olli<br>Alex Lindgren<br>Christine Henriksen<br>Kitayapat Chanpitak<br>Elise Cervantes<br>Erik Tannersj\u00f6<br>Emil Cervantes Lundstr\u00f6m<\/p>\n\n\n\n<p>Vill ni komma i kontakt med n\u00e5gon specifik i styrelsen s\u00e5 g\u00e5r det mejla till fornamn@luleafn.se<\/p>\n<\/div>\n\n\n\n<p><\/p>\n","protected":false},"excerpt":{"rendered":"<p>Ordf\u00f6randeLenitha Hedqvist Kass\u00f6rVictor Andersson SekreterareLena Andersson Ledam\u00f6terGannica OlliAlex LindgrenChristine HenriksenKitayapat ChanpitakElise CervantesErik Tannersj\u00f6Emil Cervantes Lundstr\u00f6m Vill ni komma i kontakt&hellip;<\/p>\n","protected":false},"author":63,"featured_media":0,"parent":0,"menu_order":0,"comment_status":"closed","ping_status":"closed","template":"","meta":{"_acf_changed":false,"footnotes":"","_links_to":"","_links_to_target":""},"class_list":["post-64","page","type-page","status-publish","hentry"],"acf":[],"_links":{"self":[{"href":"https:\/\/fn.se\/lulea\/wp-json\/wp\/v2\/pages\/64","targetHints":{"allow":["GET"]}}],"collection":[{"href":"https:\/\/fn.se\/lulea\/wp-json\/wp\/v2\/pages"}],"about":[{"href":"https:\/\/fn.se\/lulea\/wp-json\/wp\/v2\/types\/page"}],"author":[{"embeddable":true,"href":"https:\/\/fn.se\/lulea\/wp-json\/wp\/v2\/users\/63"}],"replies":[{"embeddable":true,"href":"https:\/\/fn.se\/lulea\/wp-json\/wp\/v2\/comments?post=64"}],"version-history":[{"count":9,"href":"https:\/\/fn.se\/lulea\/wp-json\/wp\/v2\/pages\/64\/revisions"}],"predecessor-version":[{"id":87,"href":"https:\/\/fn.se\/lulea\/wp-json\/wp\/v2\/pages\/64\/revisions\/87"}],"wp:attachment":[{"href":"https:\/\/fn.se\/lulea\/wp-json\/wp\/v2\/media?parent=64"}],"curies":[{"name":"wp","href":"https:\/\/api.w.org\/{rel}","templated":true}]}}