{"id":30,"date":"2019-05-15T13:27:16","date_gmt":"2019-05-15T13:27:16","guid":{"rendered":"https:\/\/fn.se\/lulea\/?page_id=30"},"modified":"2023-02-27T14:32:31","modified_gmt":"2023-02-27T14:32:31","slug":"projekt","status":"publish","type":"page","link":"https:\/\/fn.se\/lulea\/sample-page\/projekt\/","title":{"rendered":"Projekt"},"content":{"rendered":"\n<p>H\u00e4r kommer v\u00e5ra p\u00e5g\u00e5ende projekt att presenteras.<\/p>\n","protected":false},"excerpt":{"rendered":"<p>H\u00e4r kommer v\u00e5ra p\u00e5g\u00e5ende projekt att presenteras.<\/p>\n","protected":false},"author":63,"featured_media":34,"parent":2,"menu_order":0,"comment_status":"closed","ping_status":"closed","template":"","meta":{"_acf_changed":false,"footnotes":"","_links_to":"","_links_to_target":""},"class_list":["post-30","page","type-page","status-publish","has-post-thumbnail","hentry"],"acf":[],"_links":{"self":[{"href":"https:\/\/fn.se\/lulea\/wp-json\/wp\/v2\/pages\/30","targetHints":{"allow":["GET"]}}],"collection":[{"href":"https:\/\/fn.se\/lulea\/wp-json\/wp\/v2\/pages"}],"about":[{"href":"https:\/\/fn.se\/lulea\/wp-json\/wp\/v2\/types\/page"}],"author":[{"embeddable":true,"href":"https:\/\/fn.se\/lulea\/wp-json\/wp\/v2\/users\/63"}],"replies":[{"embeddable":true,"href":"https:\/\/fn.se\/lulea\/wp-json\/wp\/v2\/comments?post=30"}],"version-history":[{"count":4,"href":"https:\/\/fn.se\/lulea\/wp-json\/wp\/v2\/pages\/30\/revisions"}],"predecessor-version":[{"id":57,"href":"https:\/\/fn.se\/lulea\/wp-json\/wp\/v2\/pages\/30\/revisions\/57"}],"up":[{"embeddable":true,"href":"https:\/\/fn.se\/lulea\/wp-json\/wp\/v2\/pages\/2"}],"wp:featuredmedia":[{"embeddable":true,"href":"https:\/\/fn.se\/lulea\/wp-json\/wp\/v2\/media\/34"}],"wp:attachment":[{"href":"https:\/\/fn.se\/lulea\/wp-json\/wp\/v2\/media?parent=30"}],"curies":[{"name":"wp","href":"https:\/\/api.w.org\/{rel}","templated":true}]}}