{"id":14,"date":"2016-09-22T11:44:41","date_gmt":"2016-09-22T11:44:41","guid":{"rendered":"http:\/\/fn.se\/linkoping\/?page_id=14"},"modified":"2026-03-03T13:42:17","modified_gmt":"2026-03-03T13:42:17","slug":"kontakt","status":"publish","type":"page","link":"https:\/\/fn.se\/linkoping\/kontakt\/","title":{"rendered":"Styrelse\/Kontakt"},"content":{"rendered":"<h1>Styrelse\/Kontakt<\/h1>\n<p class=\"fn n\"><strong>Ordf\u00f6rande<br \/><\/strong>Mayar Tuqan<br \/>Telefon:\u00a0<span class=\"value\"><br \/><\/span>E-post: lkpg.nkpg.fn@gmail.com<\/p>\n<p><strong>Vice ordf\u00f6rande<br \/><\/strong>Lamya Aldroubi<br \/>Telefon:\u00a0<span class=\"value\"><br \/><\/span>E-post: lkpg.nkpg.fn@gmail.com<\/p>\n<p><strong>Kass\u00f6r<\/strong><br \/>Maria Kapagiannidou<br \/><br \/><\/p>\n<p><strong>Marknadsf\u00f6ringsansvariga<br \/><\/strong>Dania Qanbour<br \/>Meleyka<\/p>\n<p><strong>Revisor<\/strong><br \/>Ellen Martinson<\/p>\n<p><strong> Eventansvariga<\/strong><br \/>Loke Sunje<br \/>Amran Ali<\/p>\n<h4>Ledam\u00f6ter:<\/h4>\n<p>Fabiola<br \/>Vera<br \/>Simone<\/p>\n<h4>Suppleanter:<\/h4>\n<p>Isabella <br \/>Stina<\/p>\n\n\n<p><\/p>\n","protected":false},"excerpt":{"rendered":"<p>Styrelse\/Kontakt Ordf\u00f6randeMayar TuqanTelefon:\u00a0E-post: lkpg.nkpg.fn@gmail.com Vice ordf\u00f6randeLamya AldroubiTelefon:\u00a0E-post: lkpg.nkpg.fn@gmail.com Kass\u00f6rMaria Kapagiannidou Marknadsf\u00f6ringsansvarigaDania QanbourMeleyka RevisorEllen Martinson EventansvarigaLoke SunjeAmran Ali Ledam\u00f6ter: FabiolaVeraSimone Suppleanter:&hellip;<\/p>\n","protected":false},"author":3,"featured_media":0,"parent":0,"menu_order":0,"comment_status":"closed","ping_status":"closed","template":"templates\/template-sub.php","meta":{"_acf_changed":false,"footnotes":"","_links_to":"","_links_to_target":""},"class_list":["post-14","page","type-page","status-publish","hentry"],"acf":[],"_links":{"self":[{"href":"https:\/\/fn.se\/linkoping\/wp-json\/wp\/v2\/pages\/14","targetHints":{"allow":["GET"]}}],"collection":[{"href":"https:\/\/fn.se\/linkoping\/wp-json\/wp\/v2\/pages"}],"about":[{"href":"https:\/\/fn.se\/linkoping\/wp-json\/wp\/v2\/types\/page"}],"author":[{"embeddable":true,"href":"https:\/\/fn.se\/linkoping\/wp-json\/wp\/v2\/users\/3"}],"replies":[{"embeddable":true,"href":"https:\/\/fn.se\/linkoping\/wp-json\/wp\/v2\/comments?post=14"}],"version-history":[{"count":7,"href":"https:\/\/fn.se\/linkoping\/wp-json\/wp\/v2\/pages\/14\/revisions"}],"predecessor-version":[{"id":42,"href":"https:\/\/fn.se\/linkoping\/wp-json\/wp\/v2\/pages\/14\/revisions\/42"}],"wp:attachment":[{"href":"https:\/\/fn.se\/linkoping\/wp-json\/wp\/v2\/media?parent=14"}],"curies":[{"name":"wp","href":"https:\/\/api.w.org\/{rel}","templated":true}]}}