{"id":11,"date":"2016-09-22T11:40:39","date_gmt":"2016-09-22T11:40:39","guid":{"rendered":"http:\/\/fn.se\/linkoping\/?page_id=11"},"modified":"2016-10-13T14:31:14","modified_gmt":"2016-10-13T14:31:14","slug":"verksamhet","status":"publish","type":"page","link":"https:\/\/fn.se\/linkoping\/verksamhet\/","title":{"rendered":"Verksamhet"},"content":{"rendered":"<h1>Verksamhet<\/h1>\n<p>H\u00e4r kan du l\u00e4sa protokoll, verksamhetsber\u00e4ttelse och information om vad som h\u00e4nder i v\u00e5r f\u00f6rening.<\/p>\n<h4>Protokoll<\/h4>\n<p><a href=\"https:\/\/fn.se\/linkoping\/wp-content\/uploads\/sites\/103\/2016\/09\/Protokoll-\u00e5rsm\u00f6te-Link-FN-2011-03-20-sign-Linda.pdf\">\u00c5rsm\u00f6tesprotokoll 2011-03-20<\/a><\/p>\n<p>&nbsp;<\/p>\n<p>&nbsp;<\/p>\n","protected":false},"excerpt":{"rendered":"<p>Verksamhet H\u00e4r kan du l\u00e4sa protokoll, verksamhetsber\u00e4ttelse och information om vad som h\u00e4nder i v\u00e5r f\u00f6rening. Protokoll \u00c5rsm\u00f6tesprotokoll 2011-03-20 &nbsp;&hellip;<\/p>\n","protected":false},"author":3,"featured_media":0,"parent":0,"menu_order":0,"comment_status":"closed","ping_status":"closed","template":"templates\/template-sub.php","meta":{"_acf_changed":false,"footnotes":"","_links_to":"","_links_to_target":""},"class_list":["post-11","page","type-page","status-publish","hentry"],"acf":[],"_links":{"self":[{"href":"https:\/\/fn.se\/linkoping\/wp-json\/wp\/v2\/pages\/11","targetHints":{"allow":["GET"]}}],"collection":[{"href":"https:\/\/fn.se\/linkoping\/wp-json\/wp\/v2\/pages"}],"about":[{"href":"https:\/\/fn.se\/linkoping\/wp-json\/wp\/v2\/types\/page"}],"author":[{"embeddable":true,"href":"https:\/\/fn.se\/linkoping\/wp-json\/wp\/v2\/users\/3"}],"replies":[{"embeddable":true,"href":"https:\/\/fn.se\/linkoping\/wp-json\/wp\/v2\/comments?post=11"}],"version-history":[{"count":3,"href":"https:\/\/fn.se\/linkoping\/wp-json\/wp\/v2\/pages\/11\/revisions"}],"predecessor-version":[{"id":24,"href":"https:\/\/fn.se\/linkoping\/wp-json\/wp\/v2\/pages\/11\/revisions\/24"}],"wp:attachment":[{"href":"https:\/\/fn.se\/linkoping\/wp-json\/wp\/v2\/media?parent=11"}],"curies":[{"name":"wp","href":"https:\/\/api.w.org\/{rel}","templated":true}]}}