{"id":18,"date":"2016-10-13T14:11:54","date_gmt":"2016-10-13T14:11:54","guid":{"rendered":"http:\/\/fn.se\/lidkoping\/?page_id=18"},"modified":"2016-10-13T14:11:54","modified_gmt":"2016-10-13T14:11:54","slug":"2009-referat-fran-arsmotet","status":"publish","type":"page","link":"https:\/\/fn.se\/lidkoping\/2009-referat-fran-arsmotet\/","title":{"rendered":"2009 Referat fr\u00e5n \u00e5rsm\u00f6tet"},"content":{"rendered":"<h1>Referat fr\u00e5n \u00e5rsm\u00f6tet<\/h1>\n<p class=\"intro\">Lidk\u00f6pings FN-f\u00f6rening har haft \u00e5rsm\u00f6te. F\u00f6reningens ordf\u00f6rande, Bengt Klang, h\u00e4lsade alla v\u00e4lkomna och l\u00e4mnade ordet till kv\u00e4llens g\u00e4st, Karlolof Fernow som \u00e4r ordf\u00f6rande i V\u00e4stra G\u00f6talandsregionens prim\u00e4rv\u00e5rdsstyrelse.<\/p>\n<p>Fernow ber\u00e4ttade om den nya prim\u00e4rv\u00e5rdsorganisationen som tr\u00e4der i kraft 1 okt i \u00e5r. P\u00e5 ett l\u00e4ttfattligt s\u00e4tt beskrev han vad den kommer att inneb\u00e4ra f\u00f6r oss som medborgare. Efter fr\u00e5gestund, tack till Karlolof Fernow med en g\u00e5va fr\u00e5n V\u00e4rldsbutiken och fika var det dags f\u00f6r \u00e5rsm\u00f6tesf\u00f6rhandlingarna.<\/p>\n<p>F\u00f6reningen har haft m\u00e5nga aktiviteter under \u00e5ret. Den har bland annat ordnat \u00f6ppna f\u00f6rel\u00e4sningar om V\u00e4stsahara, om f\u00f6ljeslagare p\u00e5 V\u00e4stbanken och om olika bilbr\u00e4nslen vilka alla har varit v\u00e4lbes\u00f6kta. Medlemmarna har deltagit i studiecirklar, konferenser och seminarier. I samarbete med andra frivilligorganisationer har f\u00f6reningen medverkat i utst\u00e4llningar, demonstrationer och andra aktiviteter. Planen f\u00f6r 2009 ser ut p\u00e5 ett liknande s\u00e4tt, d\u00e4r man bland annat t\u00e4nker satsa p\u00e5 FN-dagsfirandet i h\u00f6st tillsammans med andra organisationer.<\/p>\n<p>Till 2009-\u00e5rs styrelse valdes: Bengt Klang (ordf\u00f6rande), Yvonne Karlsson (kass\u00f6r), Rolf Andersson (sekreterare), Leif Fredriksson, Ulrika Hellstr\u00f6m, Karin Hellstr\u00f6m-Zandelin, Kerstin H\u00f6gsborn, Cecilia Karlsson och Orvar Lager. Som ers\u00e4ttare valdes Clary Bertilsson, Inghar Fr\u00e4mberg och G\u00f6te Isaksson. Revisorer: Hans Algotsson och G\u00f6ran Kj\u00f6rk. Revisorssuppleant: Berndt Wolmsj\u00f6. Valberedning: Hans Alfredsson, Clary Bertilsson och Birgitta Johansson. \u00c5rsm\u00f6tet beslutade att tillstyrka en motion till Svenska FN-f\u00f6rbundets kongress om att verka f\u00f6r ett svenskt erk\u00e4nnande av V\u00e4stsahara. Kongressen h\u00e5lls i Sk\u00f6vde 13-14 juni.<\/p>\n","protected":false},"excerpt":{"rendered":"<p>Referat fr\u00e5n \u00e5rsm\u00f6tet Lidk\u00f6pings FN-f\u00f6rening har haft \u00e5rsm\u00f6te. F\u00f6reningens ordf\u00f6rande, Bengt Klang, h\u00e4lsade alla v\u00e4lkomna och l\u00e4mnade ordet till kv\u00e4llens&hellip;<\/p>\n","protected":false},"author":17,"featured_media":0,"parent":0,"menu_order":0,"comment_status":"closed","ping_status":"closed","template":"templates\/template-sub.php","meta":{"_acf_changed":false,"footnotes":"","_links_to":"","_links_to_target":""},"class_list":["post-18","page","type-page","status-publish","hentry"],"acf":[],"_links":{"self":[{"href":"https:\/\/fn.se\/lidkoping\/wp-json\/wp\/v2\/pages\/18","targetHints":{"allow":["GET"]}}],"collection":[{"href":"https:\/\/fn.se\/lidkoping\/wp-json\/wp\/v2\/pages"}],"about":[{"href":"https:\/\/fn.se\/lidkoping\/wp-json\/wp\/v2\/types\/page"}],"author":[{"embeddable":true,"href":"https:\/\/fn.se\/lidkoping\/wp-json\/wp\/v2\/users\/17"}],"replies":[{"embeddable":true,"href":"https:\/\/fn.se\/lidkoping\/wp-json\/wp\/v2\/comments?post=18"}],"version-history":[{"count":1,"href":"https:\/\/fn.se\/lidkoping\/wp-json\/wp\/v2\/pages\/18\/revisions"}],"predecessor-version":[{"id":20,"href":"https:\/\/fn.se\/lidkoping\/wp-json\/wp\/v2\/pages\/18\/revisions\/20"}],"wp:attachment":[{"href":"https:\/\/fn.se\/lidkoping\/wp-json\/wp\/v2\/media?parent=18"}],"curies":[{"name":"wp","href":"https:\/\/api.w.org\/{rel}","templated":true}]}}