{"id":15,"date":"2016-10-13T14:11:31","date_gmt":"2016-10-13T14:11:31","guid":{"rendered":"http:\/\/fn.se\/lidkoping\/?page_id=15"},"modified":"2016-10-13T14:17:59","modified_gmt":"2016-10-13T14:17:59","slug":"verksamhet","status":"publish","type":"page","link":"https:\/\/fn.se\/lidkoping\/verksamhet\/","title":{"rendered":"Verksamhet"},"content":{"rendered":"<p>H\u00e4r hittar du program f\u00f6r v\u00e5r kommande verksamhet. I <a href=\"https:\/\/fn.se\/engagera-dig\/kalender\/\">Svenska FN-f\u00f6rbundets kalendarium<\/a> kan du ocks\u00e5 hitta information om v\u00e5ra olika aktiviteter!<\/p>\n<p><a href=\"https:\/\/fn.se\/lidkoping\/wp-content\/uploads\/sites\/50\/2016\/10\/Lidkoping-FN-program-h\u00f6sten-16.pdf\">Program h\u00f6sten 2016<\/a><\/p>\n<h4>Tidigare aktiviteter<\/h4>\n<p><a href=\"https:\/\/fn.se\/lidkoping\/2009-forelasning-rent-vatten-ingen-sjalvklarhet\/\">2009- F\u00f6rel\u00e4sning: &#8221;Rent vatten ingen sj\u00e4lvklarhet&#8221;<\/a><\/p>\n<p><a href=\"https:\/\/fn.se\/lidkoping\/2009-referat-fran-arsmotet\/\">2009 Referat fr\u00e5n \u00e5rsm\u00f6tet<\/a><\/p>\n","protected":false},"excerpt":{"rendered":"<p>H\u00e4r hittar du program f\u00f6r v\u00e5r kommande verksamhet. I Svenska FN-f\u00f6rbundets kalendarium kan du ocks\u00e5 hitta information om v\u00e5ra olika&hellip;<\/p>\n","protected":false},"author":17,"featured_media":0,"parent":0,"menu_order":0,"comment_status":"closed","ping_status":"closed","template":"templates\/template-sub.php","meta":{"_acf_changed":false,"footnotes":"","_links_to":"","_links_to_target":""},"class_list":["post-15","page","type-page","status-publish","hentry"],"acf":[],"_links":{"self":[{"href":"https:\/\/fn.se\/lidkoping\/wp-json\/wp\/v2\/pages\/15","targetHints":{"allow":["GET"]}}],"collection":[{"href":"https:\/\/fn.se\/lidkoping\/wp-json\/wp\/v2\/pages"}],"about":[{"href":"https:\/\/fn.se\/lidkoping\/wp-json\/wp\/v2\/types\/page"}],"author":[{"embeddable":true,"href":"https:\/\/fn.se\/lidkoping\/wp-json\/wp\/v2\/users\/17"}],"replies":[{"embeddable":true,"href":"https:\/\/fn.se\/lidkoping\/wp-json\/wp\/v2\/comments?post=15"}],"version-history":[{"count":2,"href":"https:\/\/fn.se\/lidkoping\/wp-json\/wp\/v2\/pages\/15\/revisions"}],"predecessor-version":[{"id":27,"href":"https:\/\/fn.se\/lidkoping\/wp-json\/wp\/v2\/pages\/15\/revisions\/27"}],"wp:attachment":[{"href":"https:\/\/fn.se\/lidkoping\/wp-json\/wp\/v2\/media?parent=15"}],"curies":[{"name":"wp","href":"https:\/\/api.w.org\/{rel}","templated":true}]}}