{"id":24,"date":"2016-09-22T12:19:17","date_gmt":"2016-09-22T12:19:17","guid":{"rendered":"http:\/\/fn.se\/lerum\/?page_id=24"},"modified":"2025-05-27T12:46:33","modified_gmt":"2025-05-27T12:46:33","slug":"styrelsen","status":"publish","type":"page","link":"https:\/\/fn.se\/lerum-partille\/styrelsen\/","title":{"rendered":"Styrelsen"},"content":{"rendered":"<h1>Styrelsen<\/h1>\n<p>Lerum-Partilles FN-f\u00f6rening har en styrelse som best\u00e5r av fem ledam\u00f6ter och en suppleant.<\/p>\n<h4>Ledam\u00f6ter<\/h4>\n<p><strong>Christina Nilsson\u00a0 (Stenkullen)<br \/>\n<\/strong>Ordf\u00f6rande<\/p>\n<p><strong>Tomas Bylund \u00a0(Floda)<br \/>\n<\/strong>Vice ordf\u00f6rande<\/p>\n<p><strong>Rutger Fridholm \u00a0(Lerum)<br \/>\n<\/strong>Kass\u00f6r<\/p>\n<p><strong>Lisa Sattler \u00a0(Lerum)<\/strong><br \/>\nSekreterare<\/p>\n<p><strong>Bror-Inge Helmfridsson \u00a0(M\u00f6lnlycke)<br \/>\n<\/strong>Ledamot<\/p>\n<h4>Suppleanter<\/h4>\n<p><strong>Lena Johansson<\/strong><\/p>\n","protected":false},"excerpt":{"rendered":"<p>Styrelsen Lerum-Partilles FN-f\u00f6rening har en styrelse som best\u00e5r av fem ledam\u00f6ter och en suppleant. Ledam\u00f6ter Christina Nilsson\u00a0 (Stenkullen) Ordf\u00f6rande Tomas&hellip;<\/p>\n","protected":false},"author":3,"featured_media":0,"parent":0,"menu_order":0,"comment_status":"closed","ping_status":"closed","template":"","meta":{"_acf_changed":false,"footnotes":"","_links_to":"","_links_to_target":""},"class_list":["post-24","page","type-page","status-publish","hentry"],"acf":[],"_links":{"self":[{"href":"https:\/\/fn.se\/lerum-partille\/wp-json\/wp\/v2\/pages\/24","targetHints":{"allow":["GET"]}}],"collection":[{"href":"https:\/\/fn.se\/lerum-partille\/wp-json\/wp\/v2\/pages"}],"about":[{"href":"https:\/\/fn.se\/lerum-partille\/wp-json\/wp\/v2\/types\/page"}],"author":[{"embeddable":true,"href":"https:\/\/fn.se\/lerum-partille\/wp-json\/wp\/v2\/users\/3"}],"replies":[{"embeddable":true,"href":"https:\/\/fn.se\/lerum-partille\/wp-json\/wp\/v2\/comments?post=24"}],"version-history":[{"count":12,"href":"https:\/\/fn.se\/lerum-partille\/wp-json\/wp\/v2\/pages\/24\/revisions"}],"predecessor-version":[{"id":157,"href":"https:\/\/fn.se\/lerum-partille\/wp-json\/wp\/v2\/pages\/24\/revisions\/157"}],"wp:attachment":[{"href":"https:\/\/fn.se\/lerum-partille\/wp-json\/wp\/v2\/media?parent=24"}],"curies":[{"name":"wp","href":"https:\/\/api.w.org\/{rel}","templated":true}]}}