{"id":2,"date":"2016-08-11T10:44:58","date_gmt":"2016-08-11T10:44:58","guid":{"rendered":"http:\/\/fn.se\/lerum-fn-forening\/?page_id=2"},"modified":"2021-10-19T18:45:28","modified_gmt":"2021-10-19T18:45:28","slug":"sample-page","status":"publish","type":"page","link":"https:\/\/fn.se\/lerum-partille\/","title":{"rendered":"Hem"},"content":{"rendered":"<h1><img loading=\"lazy\" decoding=\"async\" class=\"wp-image-75 alignleft\" src=\"https:\/\/fn.se\/lerum\/wp-content\/uploads\/sites\/55\/2016\/08\/Lisa-3993-225x300.jpg\" alt=\"Lisa 3993\" width=\"230\" height=\"307\" srcset=\"https:\/\/fn.se\/lerum-partille\/wp-content\/uploads\/sites\/55\/2016\/08\/Lisa-3993-225x300.jpg 225w, https:\/\/fn.se\/lerum-partille\/wp-content\/uploads\/sites\/55\/2016\/08\/Lisa-3993-768x1024.jpg 768w, https:\/\/fn.se\/lerum-partille\/wp-content\/uploads\/sites\/55\/2016\/08\/Lisa-3993-240x320.jpg 240w, https:\/\/fn.se\/lerum-partille\/wp-content\/uploads\/sites\/55\/2016\/08\/Lisa-3993-525x700.jpg 525w\" sizes=\"auto, (max-width: 230px) 100vw, 230px\" \/><\/h1>\n<h1>V\u00e4lkommen till Lerum\/partille<br \/>\nFN-f\u00f6rening!<\/h1>\n<p>Lerum\/Partille FN-f\u00f6rening \u00e4r en del av den svenska<br \/>\nFN-r\u00f6relsen och knuten till Svenska FN-f\u00f6rbundet.<br \/>\n<img loading=\"lazy\" decoding=\"async\" class=\"size-medium wp-image-136 alignright\" src=\"https:\/\/fn.se\/lerum-partille\/wp-content\/uploads\/sites\/55\/2021\/10\/SFN_FORENING_Lerum_Partille-128x300.jpg\" alt=\"\" width=\"128\" height=\"300\" srcset=\"https:\/\/fn.se\/lerum-partille\/wp-content\/uploads\/sites\/55\/2021\/10\/SFN_FORENING_Lerum_Partille-128x300.jpg 128w, https:\/\/fn.se\/lerum-partille\/wp-content\/uploads\/sites\/55\/2021\/10\/SFN_FORENING_Lerum_Partille-438x1024.jpg 438w, https:\/\/fn.se\/lerum-partille\/wp-content\/uploads\/sites\/55\/2021\/10\/SFN_FORENING_Lerum_Partille.jpg 448w\" sizes=\"auto, (max-width: 128px) 100vw, 128px\" \/>F\u00f6reningen \u00e4r partipolitiskt och religi\u00f6st obunden.<br \/>\nAll verksamhet bygger p\u00e5 lokala och n\u00e4ra krafter.<br \/>\nVi t\u00e4nker globalt &#8211; men handlar n\u00e4ra och lokalt.<\/p>\n<p>H\u00e4r f\u00e5r du m\u00f6jlighet att m\u00f6ta nya m\u00e4nniskor, l\u00e4ra dig mer om FN och internationella fr\u00e5gor, arbeta med insamlingsprojekt, p\u00e5verka och framf\u00f6r\u00a0allt bidra till det viktiga arbetet f\u00f6r en b\u00e4ttre v\u00e4rld.<\/p>\n<p>Vi beh\u00f6ver FN!<br \/>\nFN beh\u00f6ver dig!<\/p>\n<p><a href=\"https:\/\/betalning.fn.se\/pfs\/memberregistration\/\">Vill du bli medlem ?\u00a0 Klicka h\u00e4r ! <\/a><\/p>\n<p><a href=\"https:\/\/www.facebook.com\/groups\/241828626228537\/\">H\u00e4r \u00e4r l\u00e4nk till v\u00e5r Facebook-sida.<\/a><\/p>\n","protected":false},"excerpt":{"rendered":"<p>V\u00e4lkommen till Lerum\/partille FN-f\u00f6rening! Lerum\/Partille FN-f\u00f6rening \u00e4r en del av den svenska FN-r\u00f6relsen och knuten till Svenska FN-f\u00f6rbundet. F\u00f6reningen \u00e4r&hellip;<\/p>\n","protected":false},"author":16,"featured_media":8,"parent":0,"menu_order":0,"comment_status":"closed","ping_status":"open","template":"templates\/template-sub.php","meta":{"_acf_changed":false,"footnotes":"","_links_to":"","_links_to_target":""},"class_list":["post-2","page","type-page","status-publish","has-post-thumbnail","hentry"],"acf":[],"_links":{"self":[{"href":"https:\/\/fn.se\/lerum-partille\/wp-json\/wp\/v2\/pages\/2","targetHints":{"allow":["GET"]}}],"collection":[{"href":"https:\/\/fn.se\/lerum-partille\/wp-json\/wp\/v2\/pages"}],"about":[{"href":"https:\/\/fn.se\/lerum-partille\/wp-json\/wp\/v2\/types\/page"}],"author":[{"embeddable":true,"href":"https:\/\/fn.se\/lerum-partille\/wp-json\/wp\/v2\/users\/16"}],"replies":[{"embeddable":true,"href":"https:\/\/fn.se\/lerum-partille\/wp-json\/wp\/v2\/comments?post=2"}],"version-history":[{"count":17,"href":"https:\/\/fn.se\/lerum-partille\/wp-json\/wp\/v2\/pages\/2\/revisions"}],"predecessor-version":[{"id":138,"href":"https:\/\/fn.se\/lerum-partille\/wp-json\/wp\/v2\/pages\/2\/revisions\/138"}],"wp:featuredmedia":[{"embeddable":true,"href":"https:\/\/fn.se\/lerum-partille\/wp-json\/wp\/v2\/media\/8"}],"wp:attachment":[{"href":"https:\/\/fn.se\/lerum-partille\/wp-json\/wp\/v2\/media?parent=2"}],"curies":[{"name":"wp","href":"https:\/\/api.w.org\/{rel}","templated":true}]}}