{"id":2,"date":"2016-08-11T10:48:54","date_gmt":"2016-08-11T10:48:54","guid":{"rendered":"http:\/\/fn.se\/laholms-fn-forening\/?page_id=2"},"modified":"2016-10-03T12:17:49","modified_gmt":"2016-10-03T12:17:49","slug":"sample-page","status":"publish","type":"page","link":"https:\/\/fn.se\/laholm\/","title":{"rendered":"Hem"},"content":{"rendered":"<h1>V\u00e4lkommen till\u00a0Laholms FN-f\u00f6rening!<img loading=\"lazy\" decoding=\"async\" class=\"size-full wp-image-10 alignright\" src=\"https:\/\/fn.se\/laholm\/wp-content\/uploads\/sites\/62\/2016\/08\/SFN_F\u00d6RENING_Laholms.jpg\" alt=\"sfn_logopayoff_pos_right\" width=\"117\" height=\"291\" \/><\/h1>\n<p class=\"intro\">Laholms FN-f\u00f6rening \u00e4r en del av den svenska FN-r\u00f6relsen och knuten till Svenska FN-f\u00f6rbundet. F\u00f6reningen \u00e4r partipolitiskt och religi\u00f6st obunden. All verksamhet bygger p\u00e5 lokala och n\u00e4ra krafter, vi t\u00e4nker globalt men handlar n\u00e4ra och lokalt. I v\u00e5r r\u00f6relse levandeg\u00f6rs visioner. Id\u00e9er formas om hur internationellt samarbete kan fr\u00e4mjas. Det \u00e4r berikande p\u00e5 m\u00e5nga s\u00e4tt.<\/p>\n<p>H\u00e4r f\u00e5r du m\u00f6jlighet att m\u00f6ta nya m\u00e4nniskor, l\u00e4ra dig mer om FN och internationella fr\u00e5gor, arbeta med insamlingsprojekt, p\u00e5verka och framf\u00f6r allt bidra till det viktiga arbetet f\u00f6r en b\u00e4ttre v\u00e4rld.\u00a0Detta g\u00f6r vi i Laholm genom att driva Fair Trade shop Laholm. I butiken s\u00e4ljer vi livsmedel och hantverk som \u00e4r producerat enligt fair tradevillkor. Det betyder bland annat genom\u00a0att producenten har f\u00e5tt schysst betalt f\u00f6r sitt arbete.\u00a0i butiken arbetar vi p\u00e5 volont\u00e4rbasis och det \u00e4r en viktig m\u00f6tesplats f\u00f6r oss som vill g\u00f6ra n\u00e5got\u00a0gott f\u00f6r andra i v\u00e4rlden\u00a0genom handel. V\u00e4lkommen med du ocks\u00e5!<\/p>\n<p>Vi beh\u00f6ver FN! FN beh\u00f6ver dig!\u00a0<a class=\"new-window\" href=\"https:\/\/betalning.fn.se\/pfs\/memberregistration\/\" target=\"_blank\">V\u00e4lkommen som medlem i v\u00e5r f\u00f6rening!<\/a><\/p>\n<h4>KONTAKT<\/h4>\n<p>Bodil Wiktorsson Bengtsson<br \/>\nOscarsf\u00e4lt<br \/>\n312 50 Vallberga<br \/>\nTel: 070-1721865<br \/>\nMail:\u00a0<a href=\"mailto:fairtradeshoplaholm@gmail.com\">Bodil Wiktorsson Bengtsson<\/a><\/p>\n","protected":false},"excerpt":{"rendered":"<p>V\u00e4lkommen till\u00a0Laholms FN-f\u00f6rening! Laholms FN-f\u00f6rening \u00e4r en del av den svenska FN-r\u00f6relsen och knuten till Svenska FN-f\u00f6rbundet. F\u00f6reningen \u00e4r partipolitiskt&hellip;<\/p>\n","protected":false},"author":16,"featured_media":5,"parent":0,"menu_order":0,"comment_status":"closed","ping_status":"open","template":"templates\/template-sub.php","meta":{"_acf_changed":false,"footnotes":"","_links_to":"","_links_to_target":""},"class_list":["post-2","page","type-page","status-publish","has-post-thumbnail","hentry"],"acf":[],"_links":{"self":[{"href":"https:\/\/fn.se\/laholm\/wp-json\/wp\/v2\/pages\/2","targetHints":{"allow":["GET"]}}],"collection":[{"href":"https:\/\/fn.se\/laholm\/wp-json\/wp\/v2\/pages"}],"about":[{"href":"https:\/\/fn.se\/laholm\/wp-json\/wp\/v2\/types\/page"}],"author":[{"embeddable":true,"href":"https:\/\/fn.se\/laholm\/wp-json\/wp\/v2\/users\/16"}],"replies":[{"embeddable":true,"href":"https:\/\/fn.se\/laholm\/wp-json\/wp\/v2\/comments?post=2"}],"version-history":[{"count":7,"href":"https:\/\/fn.se\/laholm\/wp-json\/wp\/v2\/pages\/2\/revisions"}],"predecessor-version":[{"id":16,"href":"https:\/\/fn.se\/laholm\/wp-json\/wp\/v2\/pages\/2\/revisions\/16"}],"wp:featuredmedia":[{"embeddable":true,"href":"https:\/\/fn.se\/laholm\/wp-json\/wp\/v2\/media\/5"}],"wp:attachment":[{"href":"https:\/\/fn.se\/laholm\/wp-json\/wp\/v2\/media?parent=2"}],"curies":[{"name":"wp","href":"https:\/\/api.w.org\/{rel}","templated":true}]}}