{"id":2,"date":"2016-08-11T10:31:21","date_gmt":"2016-08-11T10:31:21","guid":{"rendered":"http:\/\/fn.se\/kungsbacka-fn-forening\/?page_id=2"},"modified":"2026-04-11T12:12:54","modified_gmt":"2026-04-11T12:12:54","slug":"sample-page","status":"publish","type":"page","link":"https:\/\/fn.se\/kungsbacka\/","title":{"rendered":"Hem"},"content":{"rendered":"\n<h1 class=\"wp-block-heading\">V\u00e4lkommen till Kungsbacka FN-f\u00f6rening!<img loading=\"lazy\" decoding=\"async\" class=\"size-full wp-image-11 alignright\" src=\"https:\/\/fn.se\/kungsbacka\/wp-content\/uploads\/sites\/45\/2016\/08\/SFN_F\u00d6RENING_Kungsbacka.jpg\" alt=\"sfn_logopayoff_pos_right\" width=\"117\" height=\"291\"><\/h1>\n\n\n\n<p>Kungsbacka FN-f\u00f6rening \u00e4r en del av den svenska FN-r\u00f6relsen och knuten till Svenska FN-f\u00f6rbundet. F\u00f6reningen \u00e4r partipolitiskt och religi\u00f6st obunden. All verksamhet bygger p\u00e5 lokala och n\u00e4ra krafter, vi t\u00e4nker globalt men handlar n\u00e4ra och lokalt. I v\u00e5r r\u00f6relse levandeg\u00f6rs visioner. Id\u00e9er formas om hur internationellt samarbete kan fr\u00e4mjas. Det \u00e4r berikande p\u00e5 m\u00e5nga s\u00e4tt.<\/p>\n\n\n\n<p>H\u00e4r f\u00e5r du m\u00f6jlighet att m\u00f6ta nya m\u00e4nniskor, l\u00e4ra dig mer om FN och internationella fr\u00e5gor, arbeta med insamlingsprojekt, p\u00e5verka och framf\u00f6r allt bidra till det viktiga arbetet f\u00f6r en b\u00e4ttre v\u00e4rld.<\/p>\n\n\n\n<p>Vi beh\u00f6ver FN! FN beh\u00f6ver dig!&nbsp;<a class=\"new-window\" href=\"https:\/\/betalning.fn.se\/pfs\/memberregistration\/\" target=\"_blank\" rel=\"noopener noreferrer\">V\u00e4lkommen som medlem i v\u00e5r f\u00f6rening!<\/a><\/p>\n\n\n\n<p><a href=\"https:\/\/www.facebook.com\/kbafn\" target=\"_blank\" rel=\"noreferrer noopener\">Gilla oss p\u00e5 Facebook<\/a><\/p>\n\n\n\n<p>F\u00f6reningen f\u00e5r nya medlemmar men vi vill bli m\u00e5nga fler! Kanske \u00e4r det situationen i v\u00e4rlden som g\u00f6r att man vill engagera sig och l\u00e4ra mer om FN:s arbete i v\u00e4rlden. Du beh\u00f6vs b\u00e5de som st\u00f6dmedlem och som aktiv medlem.<\/p>\n\n\n\n<p>Vill du deltaga i arbetet i f\u00f6reningen eller ing\u00e5 i v\u00e5r styrelse s\u00e5 h\u00f6r av dig. Det \u00e4r roligare om man \u00e4r fler som jobbar tillsammans f\u00f6r att f\u00f6r\u00e4ndra v\u00e4rlden! Tillsammans kan vi g\u00f6ra skillnad!<\/p>\n\n\n\n<h2 class=\"wp-block-heading\">Aktuellt i Kungsbacka FN-f\u00f6rening<\/h2>\n\n\n\n<p class=\"has-extra-large-font-size\">Under 2026<\/p>\n\n\n\n<p class=\"has-large-font-size\">Vecka 17 &#8211; Utst\u00e4llning inspirerat av FN&#8217;s Globala m\u00e5l<br><em>s\u00f6ndag 25\/4 kl 10.00 &#8211; 18.00, Vernissage kl 12.00<\/em><br>Kungsm\u00e4ssan &#8211; stora eventytan vid ing\u00e5ngen mot kulturhuset Fyren, Kungsbacka<\/p>\n\n\n\n<p>Under vecka17 uppm\u00e4rksammas FN:s 17 Globala M\u00e5l i Agenda 2030 i de nordiska l\u00e4nderna..<br>F\u00f6r att uppm\u00e4rksamma detta bjuder Kungsbacka FN-f\u00f6rening in till en utst\u00e4llning med kreativa tolkningar av de 17 globala m\u00e5len fr\u00e5n lokala kreat\u00f6rer. <br>V\u00e4lkomna p\u00e5 vernissage klocka 12.00 med musik, talare, bubbel och snacks samt givetvis mingel bland kreationerna.<br>Under utst\u00e4llningen p\u00e5g\u00e5r en auktion som avslutas klockan 17 &#8211; bud kan l\u00e4ggas under hela dagen. Int\u00e4kterna fr\u00e5n f\u00f6rs\u00e4ljningen g\u00e5r oavkortat till Svenska FN-f\u00f6rbundets arbete.<\/p>\n\n\n\n<p>V\u00e4lkomna att uppm\u00e4rksamma de Globala M\u00e5len p\u00e5 ett nytt s\u00e4tt tillsammans med oss!<\/p>\n\n\n\n<figure class=\"wp-block-image size-full\"><img loading=\"lazy\" decoding=\"async\" width=\"960\" height=\"472\" src=\"https:\/\/fn.se\/kungsbacka\/wp-content\/uploads\/sites\/45\/2026\/04\/globala.jpg\" alt=\"\" class=\"wp-image-263\" srcset=\"https:\/\/fn.se\/kungsbacka\/wp-content\/uploads\/sites\/45\/2026\/04\/globala.jpg 960w, https:\/\/fn.se\/kungsbacka\/wp-content\/uploads\/sites\/45\/2026\/04\/globala-300x148.jpg 300w, https:\/\/fn.se\/kungsbacka\/wp-content\/uploads\/sites\/45\/2026\/04\/globala-768x378.jpg 768w, https:\/\/fn.se\/kungsbacka\/wp-content\/uploads\/sites\/45\/2026\/04\/globala-650x320.jpg 650w\" sizes=\"auto, (max-width: 960px) 100vw, 960px\" \/><\/figure>\n\n\n\n<p class=\"has-large-font-size\">&#8212;&#8212;&#8212;&#8212;&#8212;&#8212;&#8212;&#8212;&#8212;&#8212;&#8212;&#8212;&#8212;&#8212;&#8212;&#8212;&#8212;&#8212;&#8212;&#8212;&#8212;&#8212;&#8212;&#8212;&#8212;&#8212;&#8212;&#8212;&#8212;&#8212;&#8212;&#8212;&#8212;&#8212;&#8212;&#8212;&#8212;&#8212;&#8212;&#8212;&#8212;&#8212;&#8212;&#8212;&#8212;&#8211;<\/p>\n\n\n\n<p class=\"has-large-font-size\">L\u00f6rdag 28\/3 kl 11.00 &#8211; 13.00<br>Kungsbackaskogen<\/p>\n\n\n\n<p>Tusen tack alla glada FN-v\u00e4nner som kom idag och gick tipspromenad och fikade med oss. \u00c4r du nyfiken p\u00e5 vad som var r\u00e4tt svar p\u00e5 de ganska sv\u00e5ra fr\u00e5gorna s\u00e5 hittar du det h\u00e4r nedanf\u00f6r. Vinnarna meddelas separat.<\/p>\n\n\n\n<div data-wp-interactive=\"core\/file\" class=\"wp-block-file\"><object data-wp-bind--hidden=\"!state.hasPdfPreview\" hidden class=\"wp-block-file__embed\" data=\"https:\/\/fn.se\/kungsbacka\/wp-content\/uploads\/sites\/45\/2026\/03\/Tipsfragormed-svar-1.pdf\" type=\"application\/pdf\" style=\"width:100%;height:600px\" aria-label=\"Inb\u00e4ddning av Tipsfragormed svar.\"><\/object><a id=\"wp-block-file--media-09c90400-0a15-4d6f-b361-276276045593\" href=\"https:\/\/fn.se\/kungsbacka\/wp-content\/uploads\/sites\/45\/2026\/03\/Tipsfragormed-svar-1.pdf\">Tipsfragormed svar<\/a><a href=\"https:\/\/fn.se\/kungsbacka\/wp-content\/uploads\/sites\/45\/2026\/03\/Tipsfragormed-svar-1.pdf\" class=\"wp-block-file__button wp-element-button\" download aria-describedby=\"wp-block-file--media-09c90400-0a15-4d6f-b361-276276045593\">Ladda ner<\/a><\/div>\n\n\n\n<p>Tipspromenad i Kungsbacka skogen med fr\u00e5gor f\u00f6r b\u00e5de barn och vuxna. Kungsbacka FN-f\u00f6rening bjuder p\u00e5 grillad korv och dricka. Alla \u00e4r v\u00e4lkomna. <\/p>\n\n\n\n<p><\/p>\n\n\n\n<figure class=\"wp-block-image size-full\"><img loading=\"lazy\" decoding=\"async\" width=\"670\" height=\"766\" src=\"https:\/\/fn.se\/kungsbacka\/wp-content\/uploads\/sites\/45\/2026\/03\/Skarmbild-2026-03-18-183240.jpg\" alt=\"\" class=\"wp-image-252\" srcset=\"https:\/\/fn.se\/kungsbacka\/wp-content\/uploads\/sites\/45\/2026\/03\/Skarmbild-2026-03-18-183240.jpg 670w, https:\/\/fn.se\/kungsbacka\/wp-content\/uploads\/sites\/45\/2026\/03\/Skarmbild-2026-03-18-183240-262x300.jpg 262w, https:\/\/fn.se\/kungsbacka\/wp-content\/uploads\/sites\/45\/2026\/03\/Skarmbild-2026-03-18-183240-650x743.jpg 650w\" sizes=\"auto, (max-width: 670px) 100vw, 670px\" \/><\/figure>\n\n\n\n<p class=\"has-large-font-size\">&#8212;&#8212;&#8212;&#8212;&#8212;&#8212;&#8212;&#8212;&#8212;&#8212;&#8212;&#8212;&#8212;&#8212;&#8212;&#8212;&#8212;&#8212;&#8212;&#8212;&#8212;&#8212;&#8212;&#8212;&#8212;&#8212;&#8212;&#8212;&#8212;&#8212;&#8212;&#8212;&#8212;&#8212;&#8212;&#8212;&#8212;&#8212;&#8212;&#8212;&#8212;&#8212;&#8212;&#8212;&#8212;&#8211;<\/p>\n\n\n\n<p class=\"has-large-font-size\">L\u00f6rdag 14\/3 &#8211; G\u00f6teborg<\/p>\n\n\n\n<p>Boka in 14\/3 i din kalender redan nu. D\u00e5 \u00e4r det dags f\u00f6r \u00e5ret f\u00f6rsta stora klimatmarsch i G\u00f6teborg och vi hoppas att m\u00e5nga kungsbackabor tar denna chansen att st\u00e5 upp f\u00f6r milj\u00f6n inf\u00f6r valet.<\/p>\n\n\n\n<p>Vi i Kungsbackas FN-f\u00f6rening planerar att delta och hoppas att m\u00e5nga vill g\u00e5 tillsammans med oss.<\/p>\n\n\n\n<p>Vi planerar att resa fr\u00e5n Kungsbacka station kl 12.49 f\u00f6r att vara p\u00e5 plats i god tid p\u00e5 J\u00e4rntorget kl 14.00. <\/p>\n\n\n\n<figure class=\"wp-block-image size-full\"><img loading=\"lazy\" decoding=\"async\" width=\"451\" height=\"634\" src=\"https:\/\/fn.se\/kungsbacka\/wp-content\/uploads\/sites\/45\/2026\/03\/klimat14mars.png\" alt=\"\" class=\"wp-image-248\" srcset=\"https:\/\/fn.se\/kungsbacka\/wp-content\/uploads\/sites\/45\/2026\/03\/klimat14mars.png 451w, https:\/\/fn.se\/kungsbacka\/wp-content\/uploads\/sites\/45\/2026\/03\/klimat14mars-213x300.png 213w\" sizes=\"auto, (max-width: 451px) 100vw, 451px\" \/><\/figure>\n\n\n\n<p class=\"has-large-font-size\">&#8212;&#8212;&#8212;&#8212;&#8212;&#8212;&#8212;&#8212;&#8212;&#8212;&#8212;&#8212;&#8212;&#8212;&#8212;&#8212;&#8212;&#8212;&#8212;&#8212;&#8212;&#8212;&#8212;&#8212;&#8212;&#8212;&#8212;&#8212;&#8212;&#8212;&#8212;&#8212;&#8212;&#8212;&#8212;&#8212;&#8212;&#8212;&#8212;&#8212;&#8212;&#8212;&#8212;&#8212;&#8212;&#8211;<\/p>\n\n\n\n<p class=\"has-large-font-size\">Internationella kvinnodagen<br><em>s\u00f6ndag 8\/3 kl 1<\/em>2.00 &#8211; 14.30<br>Kulturhuset Fyren, Kungsbacka<\/p>\n\n\n\n<p><strong>Tema: Hennes val, v\u00e5r framtid! S\u00e5 lockar vi fler tjejer till teknik.<\/strong><\/p>\n\n\n\n<p>Programpunkter<\/p>\n\n\n\n<ul class=\"wp-block-list\">\n<li>Inledning  &#8211;  Ann Schau, Kungsbackas FN-f\u00f6rening<\/li>\n\n\n\n<li>Vad f\u00e5r tjejer att v\u00e4lja eller v\u00e4lja bort teknik  &#8211;  Ulrika Sultan, g\u00e4stforskare p\u00e5 Chalmers<\/li>\n\n\n\n<li>Att vara tjej inom STEM (Science, Technology, Engineering och Mathematics)  &#8211;  Moderator, Sonja Schough<\/li>\n\n\n\n<li>Fr\u00e5n gymnasiet till fram tiden &#8211; tjejer i STEM  &#8211;  Patrik Hellberg, Kungsbackas kommun<\/li>\n\n\n\n<li>Presentation av utst\u00e4llningen &#8221;Kvinnor i Kungsbacka &#8211; d\u00e5, nu och tillsammans&#8221;  &#8211;   Vanessa Hernandez<\/li>\n<\/ul>\n\n\n\n<p>Alla \u00e4r v\u00e4lkomna, ingen f\u00f6ranm\u00e4lan kr\u00e4vs.<\/p>\n\n\n\n<p>V\u00e4lkomna!<br>\u00f6nskar Kungsbacka FN-f\u00f6rening i samarbete med L\u00f6ftadalens Folkh\u00f6gskola<\/p>\n\n\n\n<figure class=\"wp-block-image size-full\"><img loading=\"lazy\" decoding=\"async\" width=\"603\" height=\"355\" src=\"https:\/\/fn.se\/kungsbacka\/wp-content\/uploads\/sites\/45\/2026\/02\/Skarmbild-2026-02-18-164609.png\" alt=\"\" class=\"wp-image-245\" srcset=\"https:\/\/fn.se\/kungsbacka\/wp-content\/uploads\/sites\/45\/2026\/02\/Skarmbild-2026-02-18-164609.png 603w, https:\/\/fn.se\/kungsbacka\/wp-content\/uploads\/sites\/45\/2026\/02\/Skarmbild-2026-02-18-164609-300x177.png 300w\" sizes=\"auto, (max-width: 603px) 100vw, 603px\" \/><\/figure>\n\n\n\n<p class=\"has-large-font-size\">&#8212;&#8212;&#8212;&#8212;&#8212;&#8212;&#8212;&#8212;&#8212;&#8212;&#8212;&#8212;&#8212;&#8212;&#8212;&#8212;&#8212;&#8212;&#8212;&#8212;&#8212;&#8212;&#8212;&#8212;&#8212;&#8212;&#8212;&#8212;&#8212;&#8212;&#8212;&#8212;&#8212;&#8212;&#8212;&#8212;&#8212;&#8212;&#8212;&#8212;&#8212;&#8212;&#8212;&#8212;&#8212;&#8211;<\/p>\n\n\n\n<p><\/p>\n\n\n\n<p><\/p>\n\n\n\n<figure class=\"wp-block-image size-full\"><img loading=\"lazy\" decoding=\"async\" width=\"1093\" height=\"610\" src=\"https:\/\/fn.se\/kungsbacka\/wp-content\/uploads\/sites\/45\/2026\/02\/Affisch-arsmotesinbjudan-2026.jpg\" alt=\"\" class=\"wp-image-233\" srcset=\"https:\/\/fn.se\/kungsbacka\/wp-content\/uploads\/sites\/45\/2026\/02\/Affisch-arsmotesinbjudan-2026.jpg 1093w, https:\/\/fn.se\/kungsbacka\/wp-content\/uploads\/sites\/45\/2026\/02\/Affisch-arsmotesinbjudan-2026-300x167.jpg 300w, https:\/\/fn.se\/kungsbacka\/wp-content\/uploads\/sites\/45\/2026\/02\/Affisch-arsmotesinbjudan-2026-1024x571.jpg 1024w, https:\/\/fn.se\/kungsbacka\/wp-content\/uploads\/sites\/45\/2026\/02\/Affisch-arsmotesinbjudan-2026-768x429.jpg 768w, https:\/\/fn.se\/kungsbacka\/wp-content\/uploads\/sites\/45\/2026\/02\/Affisch-arsmotesinbjudan-2026-650x363.jpg 650w\" sizes=\"auto, (max-width: 1093px) 100vw, 1093px\" \/><\/figure>\n\n\n\n<p>&#8212;&#8212;&#8212;&#8212;&#8212;&#8212;&#8212;&#8212;&#8212;&#8212;&#8212;&#8212;&#8212;&#8212;&#8212;&#8212;&#8212;&#8212;&#8212;&#8212;&#8212;&#8212;&#8212;&#8212;&#8212;&#8212;&#8212;&#8212;&#8212;&#8212;&#8212;&#8212;&#8212;&#8212;&#8212;&#8212;&#8212;&#8212;&#8212;&#8212;&#8212;&#8212;&#8212;&#8212;&#8212;&#8212;&#8212;&#8212;&#8212;&#8212;&#8211;<\/p>\n\n\n\n<p><\/p>\n\n\n<hr \/>\n\n\n<p><\/p>\n\n\n\n<p class=\"has-large-font-size\"><\/p>\n\n\n\n<p><\/p>\n\n\n\n<div style=\"height:37px\" aria-hidden=\"true\" class=\"wp-block-spacer\"><\/div>\n\n\n\n<p><\/p>\n\n\n\n<p><\/p>\n","protected":false},"excerpt":{"rendered":"<p>V\u00e4lkommen till Kungsbacka FN-f\u00f6rening! Kungsbacka FN-f\u00f6rening \u00e4r en del av den svenska FN-r\u00f6relsen och knuten till Svenska FN-f\u00f6rbundet. F\u00f6reningen \u00e4r&hellip;<\/p>\n","protected":false},"author":53,"featured_media":0,"parent":0,"menu_order":0,"comment_status":"closed","ping_status":"closed","template":"templates\/template-sub.php","meta":{"_acf_changed":false,"footnotes":"","_links_to":"","_links_to_target":""},"class_list":["post-2","page","type-page","status-publish","hentry"],"acf":[],"_links":{"self":[{"href":"https:\/\/fn.se\/kungsbacka\/wp-json\/wp\/v2\/pages\/2","targetHints":{"allow":["GET"]}}],"collection":[{"href":"https:\/\/fn.se\/kungsbacka\/wp-json\/wp\/v2\/pages"}],"about":[{"href":"https:\/\/fn.se\/kungsbacka\/wp-json\/wp\/v2\/types\/page"}],"author":[{"embeddable":true,"href":"https:\/\/fn.se\/kungsbacka\/wp-json\/wp\/v2\/users\/53"}],"replies":[{"embeddable":true,"href":"https:\/\/fn.se\/kungsbacka\/wp-json\/wp\/v2\/comments?post=2"}],"version-history":[{"count":117,"href":"https:\/\/fn.se\/kungsbacka\/wp-json\/wp\/v2\/pages\/2\/revisions"}],"predecessor-version":[{"id":270,"href":"https:\/\/fn.se\/kungsbacka\/wp-json\/wp\/v2\/pages\/2\/revisions\/270"}],"wp:attachment":[{"href":"https:\/\/fn.se\/kungsbacka\/wp-json\/wp\/v2\/media?parent=2"}],"curies":[{"name":"wp","href":"https:\/\/api.w.org\/{rel}","templated":true}]}}