{"id":16,"date":"2018-11-12T13:33:36","date_gmt":"2018-11-12T13:33:36","guid":{"rendered":"http:\/\/fn.se\/kumla-orebro\/?page_id=16"},"modified":"2018-11-26T16:16:12","modified_gmt":"2018-11-26T16:16:12","slug":"friskvardskonsulentenlive-se","status":"publish","type":"page","link":"https:\/\/fn.se\/kumla-orebro\/friskvardskonsulentenlive-se\/","title":{"rendered":"Kontakt\/Styrelse"},"content":{"rendered":"<h3>Kontakt<\/h3>\n<p>Ordf\u00f6rande och kontaktperson<br \/>\nTrudy Hellqvist, friskvardskonsulenten@live.se<\/p>\n<p>Vice ordf\u00f6rande<br \/>\nAnneli Kempe<\/p>\n<p>Sekreterare<br \/>\nKarl Bergstr\u00f6m<\/p>\n<p>Kass\u00f6r<br \/>\nHassad Faraz<\/p>\n","protected":false},"excerpt":{"rendered":"<p>Kontakt Ordf\u00f6rande och kontaktperson Trudy Hellqvist, friskvardskonsulenten@live.se Vice ordf\u00f6rande Anneli Kempe Sekreterare Karl Bergstr\u00f6m Kass\u00f6r Hassad Faraz<\/p>\n","protected":false},"author":16,"featured_media":0,"parent":0,"menu_order":0,"comment_status":"closed","ping_status":"closed","template":"templates\/template-sub.php","meta":{"_acf_changed":false,"footnotes":"","_links_to":"","_links_to_target":""},"class_list":["post-16","page","type-page","status-publish","hentry"],"acf":[],"_links":{"self":[{"href":"https:\/\/fn.se\/kumla-orebro\/wp-json\/wp\/v2\/pages\/16","targetHints":{"allow":["GET"]}}],"collection":[{"href":"https:\/\/fn.se\/kumla-orebro\/wp-json\/wp\/v2\/pages"}],"about":[{"href":"https:\/\/fn.se\/kumla-orebro\/wp-json\/wp\/v2\/types\/page"}],"author":[{"embeddable":true,"href":"https:\/\/fn.se\/kumla-orebro\/wp-json\/wp\/v2\/users\/16"}],"replies":[{"embeddable":true,"href":"https:\/\/fn.se\/kumla-orebro\/wp-json\/wp\/v2\/comments?post=16"}],"version-history":[{"count":5,"href":"https:\/\/fn.se\/kumla-orebro\/wp-json\/wp\/v2\/pages\/16\/revisions"}],"predecessor-version":[{"id":30,"href":"https:\/\/fn.se\/kumla-orebro\/wp-json\/wp\/v2\/pages\/16\/revisions\/30"}],"wp:attachment":[{"href":"https:\/\/fn.se\/kumla-orebro\/wp-json\/wp\/v2\/media?parent=16"}],"curies":[{"name":"wp","href":"https:\/\/api.w.org\/{rel}","templated":true}]}}