{"id":60,"date":"2016-10-12T13:28:53","date_gmt":"2016-10-12T13:28:53","guid":{"rendered":"http:\/\/fn.se\/kristianstad\/?page_id=60"},"modified":"2025-05-26T20:02:58","modified_gmt":"2025-05-26T20:02:58","slug":"verksamhet","status":"publish","type":"page","link":"https:\/\/fn.se\/kristianstad\/verksamhet\/","title":{"rendered":"Verksamhet"},"content":{"rendered":"<p><strong>S\u00f6ndag 25\/8 kl 15 p\u00e5 nya ABF,<\/strong><br \/>\nBlekingev\u00e4gen 6, Bj\u00f6rkhemsomr\u00e5det (mellan Fredholms och Sparbanken Sk\u00e5ne).<br \/>\n<strong>Globalcaf\u00e9 &#8211; Maria Pettersson ber\u00e4ttar om sin praktikperiod i Georgien<\/strong>, ett sp\u00e4nnande land som politiskt befinner sig mellan Ryssland och EU. Maria ber\u00e4ttar om landet men ocks\u00e5 om hur man skaffar sig som ung praktik i andra l\u00e4nder. S\u00e4rskilt intressant f\u00f6r dig som \u00e4r ung och vill ut och se dig om i v\u00e4rlden. Det blir fika.<\/p>\n<p><strong>L\u00f6rdag 14\/9 &#8211; s\u00f6ndag 22\/9 FRAMTIDSVECKAN F\u00d6R H\u00c5LLBAR UTVECKLING<\/strong><br \/>\nM\u00e5nga sp\u00e4nnande f\u00f6rel\u00e4sningar och aktiviteter p\u00e5 Regionmuseet, Naturum, Kulturkvarteret och andra lokaler.<br \/>\nKlimatfr\u00e5gor, h\u00e5llbar konsumtion, social h\u00e5llbarhet och demokrati \u00e4r teman med Agenda 2030 &#8211; FNs h\u00e5llbarhetsm\u00e5l som<br \/>\nplattform. Se hela programmet p\u00e5: www.kristianstad\/framtidsveckan<\/p>\n<p><strong>Torsdag 26\/9. Aktiviteter kring FNs internationella dag f\u00f6r k\u00e4rnvapens avskaffande.<\/strong><br \/>\nSvenska FN-f\u00f6rbundet och vi s\u00e4ger Nej till K\u00e4rnvapen och driver opinionsbildning f\u00f6r att Sveriges Riksdag ska skriva under FNs k\u00e4rnvapenf\u00f6rbud. Se FN-f\u00f6rbundets hemsida: www.fn.se<\/p>\n<p><strong>Tisdag 1\/10 kl 18.30 p\u00e5 Regionmuseet Mellan\u00f6stern efter den arabiska v\u00e5ren <\/strong>&#8211;<br \/>\nSituationen idag i Syrien, Hormutzsundet, Jemen, Israel\/Palestina osv. Anders Persson, forskare vid Mellan\u00f6sterncentrum vid Lunds universitet f\u00f6rel\u00e4ser.<\/p>\n<p><strong>Torsdag 24\/10 kl 18.30 p\u00e5 S\u00f6derportgymnasiet &#8211; Vi firar FN-dagen <\/strong><br \/>\ni Ing-Britt Pettersson Nyholms anda. Musik och s\u00e5ng med Lasse Berg och hans band, tal av representant fr\u00e5n Svenska FN-f\u00f6rbundet. Fika. Gratis intr\u00e4de men vi samlar in pengar till FN-f\u00f6rbundets Flicka-projekt i Etiopien.<\/p>\n<p><strong>L\u00f6rdag 23\/11 kl 12. Filmen Tornet visas p\u00e5 Roxy bistro.<\/strong><br \/>\nDen animerade vuxenfilmen Tornet handlar om palestinska flyktingar i Libanon och har f\u00e5tt mycket bra recensioner. Filmen visas d\u00e5 det den 29\/11 \u00e4r FNs dag f\u00f6r solidaritet med Palestinas folk. Intr\u00e4de: 50kr<\/p>\n<p><strong>Tisdag 10 december kl 18.30 p\u00e5 Regionmuseet Gabriella Fredriksson, Raoul Wallenberginstitutet i Lund f\u00f6rel\u00e4ser om M\u00e4nskliga r\u00e4ttigheter kopplat till Agenda 2030 &#8211; FNs globala h\u00e5llbarhetsm\u00e5l.<\/strong><br \/>\n10\/12 \u00e4r FNs dag f\u00f6r M\u00e4nskliga r\u00e4ttigheter.<\/p>\n","protected":false},"excerpt":{"rendered":"<p>S\u00f6ndag 25\/8 kl 15 p\u00e5 nya ABF, Blekingev\u00e4gen 6, Bj\u00f6rkhemsomr\u00e5det (mellan Fredholms och Sparbanken Sk\u00e5ne). Globalcaf\u00e9 &#8211; Maria Pettersson ber\u00e4ttar&hellip;<\/p>\n","protected":false},"author":50,"featured_media":0,"parent":0,"menu_order":0,"comment_status":"closed","ping_status":"closed","template":"templates\/template-sub.php","meta":{"_acf_changed":false,"footnotes":"","_links_to":"","_links_to_target":""},"class_list":["post-60","page","type-page","status-publish","hentry"],"acf":[],"_links":{"self":[{"href":"https:\/\/fn.se\/kristianstad\/wp-json\/wp\/v2\/pages\/60","targetHints":{"allow":["GET"]}}],"collection":[{"href":"https:\/\/fn.se\/kristianstad\/wp-json\/wp\/v2\/pages"}],"about":[{"href":"https:\/\/fn.se\/kristianstad\/wp-json\/wp\/v2\/types\/page"}],"author":[{"embeddable":true,"href":"https:\/\/fn.se\/kristianstad\/wp-json\/wp\/v2\/users\/50"}],"replies":[{"embeddable":true,"href":"https:\/\/fn.se\/kristianstad\/wp-json\/wp\/v2\/comments?post=60"}],"version-history":[{"count":2,"href":"https:\/\/fn.se\/kristianstad\/wp-json\/wp\/v2\/pages\/60\/revisions"}],"predecessor-version":[{"id":215,"href":"https:\/\/fn.se\/kristianstad\/wp-json\/wp\/v2\/pages\/60\/revisions\/215"}],"wp:attachment":[{"href":"https:\/\/fn.se\/kristianstad\/wp-json\/wp\/v2\/media?parent=60"}],"curies":[{"name":"wp","href":"https:\/\/api.w.org\/{rel}","templated":true}]}}