{"id":311,"date":"2021-04-24T18:20:31","date_gmt":"2021-04-24T18:20:31","guid":{"rendered":"https:\/\/fn.se\/kristianstad\/?page_id=311"},"modified":"2026-04-20T15:35:54","modified_gmt":"2026-04-20T15:35:54","slug":"styrelse-2021","status":"publish","type":"page","link":"https:\/\/fn.se\/kristianstad\/styrelse-2021\/","title":{"rendered":"Styrelse 2026"},"content":{"rendered":"\n<p>F\u00f6reningens styrelse best\u00e5r av f\u00f6ljande personer<\/p>\n\n\n\n<div class=\"wp-block-columns is-layout-flex wp-container-core-columns-is-layout-9d6595d7 wp-block-columns-is-layout-flex\">\n<div class=\"wp-block-column is-layout-flow wp-block-column-is-layout-flow\">\n<figure class=\"wp-block-table is-style-stripes\"><table class=\"has-fixed-layout\"><thead><tr><th class=\"has-text-align-left\" data-align=\"left\">Namn<\/th><th class=\"has-text-align-left\" data-align=\"left\">Roll<\/th><\/tr><\/thead><tbody><tr><td class=\"has-text-align-left\" data-align=\"left\">Jan Lindel\u00f6f <\/td><td class=\"has-text-align-left\" data-align=\"left\">Ordf\u00f6rande<\/td><\/tr><tr><td class=\"has-text-align-left\" data-align=\"left\">Martin Bengtsson<\/td><td class=\"has-text-align-left\" data-align=\"left\">Vice ordf\u00f6rande<\/td><\/tr><tr><td class=\"has-text-align-left\" data-align=\"left\">Viktor Persson<\/td><td class=\"has-text-align-left\" data-align=\"left\">Sekreterare<\/td><\/tr><tr><td class=\"has-text-align-left\" data-align=\"left\">Bo Olsson<\/td><td class=\"has-text-align-left\" data-align=\"left\">Kass\u00f6r<\/td><\/tr><tr><td class=\"has-text-align-left\" data-align=\"left\">Anne Siivola<\/td><td class=\"has-text-align-left\" data-align=\"left\"><\/td><\/tr><tr><td class=\"has-text-align-left\" data-align=\"left\">Eva Gehander<\/td><td class=\"has-text-align-left\" data-align=\"left\"><\/td><\/tr><tr><td class=\"has-text-align-left\" data-align=\"left\"><\/td><td class=\"has-text-align-left\" data-align=\"left\"><\/td><\/tr><\/tbody><\/table><\/figure>\n<\/div>\n\n\n\n<div class=\"wp-block-column is-layout-flow wp-block-column-is-layout-flow\"><\/div>\n<\/div>\n\n\n\n<div class=\"wp-block-group is-layout-constrained wp-block-group-is-layout-constrained\"><\/div>\n","protected":false},"excerpt":{"rendered":"<p>F\u00f6reningens styrelse best\u00e5r av f\u00f6ljande personer Namn Roll Jan Lindel\u00f6f Ordf\u00f6rande Martin Bengtsson Vice ordf\u00f6rande Viktor Persson Sekreterare Bo Olsson&hellip;<\/p>\n","protected":false},"author":50,"featured_media":0,"parent":0,"menu_order":0,"comment_status":"closed","ping_status":"closed","template":"templates\/template-sub.php","meta":{"_acf_changed":false,"footnotes":"","_links_to":"","_links_to_target":""},"class_list":["post-311","page","type-page","status-publish","hentry"],"acf":[],"_links":{"self":[{"href":"https:\/\/fn.se\/kristianstad\/wp-json\/wp\/v2\/pages\/311","targetHints":{"allow":["GET"]}}],"collection":[{"href":"https:\/\/fn.se\/kristianstad\/wp-json\/wp\/v2\/pages"}],"about":[{"href":"https:\/\/fn.se\/kristianstad\/wp-json\/wp\/v2\/types\/page"}],"author":[{"embeddable":true,"href":"https:\/\/fn.se\/kristianstad\/wp-json\/wp\/v2\/users\/50"}],"replies":[{"embeddable":true,"href":"https:\/\/fn.se\/kristianstad\/wp-json\/wp\/v2\/comments?post=311"}],"version-history":[{"count":11,"href":"https:\/\/fn.se\/kristianstad\/wp-json\/wp\/v2\/pages\/311\/revisions"}],"predecessor-version":[{"id":1714,"href":"https:\/\/fn.se\/kristianstad\/wp-json\/wp\/v2\/pages\/311\/revisions\/1714"}],"wp:attachment":[{"href":"https:\/\/fn.se\/kristianstad\/wp-json\/wp\/v2\/media?parent=311"}],"curies":[{"name":"wp","href":"https:\/\/api.w.org\/{rel}","templated":true}]}}