{"id":2,"date":"2016-02-17T11:57:18","date_gmt":"2016-02-17T11:57:18","guid":{"rendered":"http:\/\/fn.se\/kristianstad\/?page_id=2"},"modified":"2026-04-03T12:30:01","modified_gmt":"2026-04-03T12:30:01","slug":"kristianstads-fn-forening","status":"publish","type":"page","link":"https:\/\/fn.se\/kristianstad\/","title":{"rendered":"Kristianstads FN-f\u00f6rening"},"content":{"rendered":"\n<h1 class=\"wp-block-heading\" id=\"valkommen-till-kristianstads-fn-forening\">V\u00e4lkommen till Kristianstads FN-f\u00f6rening!<img loading=\"lazy\" decoding=\"async\" class=\"size-full wp-image-14 alignright\" src=\"https:\/\/fn.se\/kristianstad\/wp-content\/uploads\/sites\/30\/2016\/02\/SFN_F\u00d6RENING_Kristianstads.jpg\" alt=\"sfn_logopayoff_pos_right\" width=\"117\" height=\"291\"><\/h1>\n\n\n\n<div class=\"wp-block-group is-layout-constrained wp-block-group-is-layout-constrained\">\n<figure class=\"wp-block-image alignleft size-full is-resized\"><img loading=\"lazy\" decoding=\"async\" width=\"833\" height=\"625\" src=\"https:\/\/fn.se\/kristianstad\/wp-content\/uploads\/sites\/30\/2019\/06\/FN-p\u00e5-\u00d6ster\u00e4ng.jpg\" alt=\"\" class=\"wp-image-197\" style=\"width:386px;height:auto\" srcset=\"https:\/\/fn.se\/kristianstad\/wp-content\/uploads\/sites\/30\/2019\/06\/FN-p\u00e5-\u00d6ster\u00e4ng.jpg 833w, https:\/\/fn.se\/kristianstad\/wp-content\/uploads\/sites\/30\/2019\/06\/FN-p\u00e5-\u00d6ster\u00e4ng-300x225.jpg 300w, https:\/\/fn.se\/kristianstad\/wp-content\/uploads\/sites\/30\/2019\/06\/FN-p\u00e5-\u00d6ster\u00e4ng-768x576.jpg 768w, https:\/\/fn.se\/kristianstad\/wp-content\/uploads\/sites\/30\/2019\/06\/FN-p\u00e5-\u00d6ster\u00e4ng-650x488.jpg 650w\" sizes=\"auto, (max-width: 833px) 100vw, 833px\" \/><\/figure>\n\n\n\n<p class=\"intro\">Kristianstads FN-f\u00f6rening \u00e4r en del av den svenska FN-r\u00f6relsen och knuten till Svenska FN-f\u00f6rbundet. F\u00f6reningen \u00e4r partipolitiskt och religi\u00f6st obunden. All&nbsp;verksamhet bygger p\u00e5 lokala och n\u00e4ra krafter, vi t\u00e4nker globalt men handlar n\u00e4ra och lokalt. I v\u00e5r r\u00f6relse levandeg\u00f6rs visioner. Id\u00e9er formas om hur internationellt samarbete kan fr\u00e4mjas. Det \u00e4r berikande p\u00e5 m\u00e5nga s\u00e4tt.<\/p>\n\n\n\n<p>Kristianstads FN-f\u00f6rening har medlemmar i hela nord\u00f6stra Sk\u00e5ne och i v\u00e4stra Blekinge. H\u00e4r f\u00e5r du m\u00f6jlighet att m\u00f6ta nya m\u00e4nniskor, l\u00e4ra dig mer om FN och internationella fr\u00e5gor, arbeta med insamlingsprojekt, p\u00e5verka och framf\u00f6r allt bidra till det viktiga arbetet f\u00f6r en b\u00e4ttre v\u00e4rld.<\/p>\n<\/div>\n\n\n\n<p>Diplom fr\u00e5n Sverige f\u00f6r UNHCR<br><a href=\"https:\/\/drive.google.com\/file\/d\/1UmwSX7fnZhZ5pk7wXonilB7z5pXkPQPJ\/view?usp=sharing\">https:\/\/drive.google.com\/file\/d\/1UmwSX7fnZhZ5pk7wXonilB7z5pXkPQPJ\/view?usp=sharing<\/a><\/p>\n\n\n\n<p><strong>L\u00f6rdag 25 april 12.00 utanf\u00f6r M\u00f6tesplats Ukraina, \u00d6. Boul.48<br>Ryssland ut ur Ukraina!<\/strong><br>Manifestation till st\u00f6d f\u00f6r Ukrainas folk.<br>\u00d6ppet med fika i M\u00f6tesplats Ukraina efter\u00e5t.<\/p>\n\n\n\n<p><strong>L\u00f6rdag 25 april 14.00 i Regionmuseets h\u00f6rsal<\/strong><br><strong>1920-talet \u2013 en spegel f\u00f6r v\u00e5r tid<\/strong><br>V\u00e4lkommen att lyssna till ett samtal mellan professorerna Klas-G\u00f6ran Karlsson och Kim Salomon.<br>Ett samarrangemang med Gustaf Hellstr\u00f6m-s\u00e4llskapet. Fri entr\u00e9.<\/p>\n\n\n\n<p><\/p>\n\n\n\n<p><\/p>\n\n\n\n<p><\/p>\n\n\n\n<p><strong>TACK!<\/strong><br>P\u00e5 FN-dagen den 24 oktober 2025 h\u00f6lls en konsert d\u00e4r <br>\u00f6verskottet p\u00e5 8500 kr gick till UNHCR Sverige.<br><strong>Varmt tack till Grisen &amp; Draken, Hjelle och Kompakt Disk.<\/strong><\/p>\n\n\n\n<p><\/p>\n\n\n\n<p><br><\/p>\n\n\n\n<p><br><\/p>\n\n\n\n<p><strong>V\u00e4lkommen att kontakta Jan Lindel\u00f6f 0727-124513 eller kristianstad.fn@gmail.com.<\/strong><\/p>\n\n\n\n\n\n<p><strong>Vi beh\u00f6ver FN! FN beh\u00f6ver dig!<\/strong><\/p>\n\n\n\n<p>V\u00e4lkommen som medlem i v\u00e5r f\u00f6rening!<\/p>\n\n\n\n<p><a class=\"new-window\" href=\"https:\/\/www.facebook.com\/pages\/Kristianstads-FN-f%C3%B6rening\/115947801825415\" target=\"_blank\" rel=\"noopener noreferrer\">F\u00f6lj oss p\u00e5 Facebook!<\/a><\/p>\n\n\n\n<p class=\"intro\">Tveka inte att kontakta oss om du har fr\u00e5gor om v\u00e5r f\u00f6rening.<\/p>\n\n\n\n<p class=\"intro\"><a href=\"mailto:jan.lindelof@telia.com\">Jan Lindel\u00f6f<\/a>, ordf\u00f6rande<br>tel. 0727-124513<\/p>\n\n\n\n<p><\/p>\n\n\n\n<p class=\"intro\"><a title=\"Kristianstads FN-f\u00f6rening\" href=\"mailto:kristianstad.fn@gmail.com\">Kristianstads FN-f\u00f6rening<\/a><\/p>\n\n\n\n<p><\/p>\n","protected":false},"excerpt":{"rendered":"<p>V\u00e4lkommen till Kristianstads FN-f\u00f6rening! Kristianstads FN-f\u00f6rening \u00e4r en del av den svenska FN-r\u00f6relsen och knuten till Svenska FN-f\u00f6rbundet. F\u00f6reningen \u00e4r&hellip;<\/p>\n","protected":false},"author":50,"featured_media":0,"parent":0,"menu_order":0,"comment_status":"closed","ping_status":"closed","template":"templates\/template-sub.php","meta":{"_acf_changed":false,"footnotes":"","_links_to":"","_links_to_target":""},"class_list":["post-2","page","type-page","status-publish","hentry"],"acf":[],"_links":{"self":[{"href":"https:\/\/fn.se\/kristianstad\/wp-json\/wp\/v2\/pages\/2","targetHints":{"allow":["GET"]}}],"collection":[{"href":"https:\/\/fn.se\/kristianstad\/wp-json\/wp\/v2\/pages"}],"about":[{"href":"https:\/\/fn.se\/kristianstad\/wp-json\/wp\/v2\/types\/page"}],"author":[{"embeddable":true,"href":"https:\/\/fn.se\/kristianstad\/wp-json\/wp\/v2\/users\/50"}],"replies":[{"embeddable":true,"href":"https:\/\/fn.se\/kristianstad\/wp-json\/wp\/v2\/comments?post=2"}],"version-history":[{"count":242,"href":"https:\/\/fn.se\/kristianstad\/wp-json\/wp\/v2\/pages\/2\/revisions"}],"predecessor-version":[{"id":1713,"href":"https:\/\/fn.se\/kristianstad\/wp-json\/wp\/v2\/pages\/2\/revisions\/1713"}],"wp:attachment":[{"href":"https:\/\/fn.se\/kristianstad\/wp-json\/wp\/v2\/media?parent=2"}],"curies":[{"name":"wp","href":"https:\/\/api.w.org\/{rel}","templated":true}]}}