{"id":34,"date":"2016-10-13T08:55:21","date_gmt":"2016-10-13T08:55:21","guid":{"rendered":"http:\/\/fn.se\/karlstad\/?page_id=34"},"modified":"2023-03-29T23:03:38","modified_gmt":"2023-03-29T23:03:38","slug":"styrelse","status":"publish","type":"page","link":"https:\/\/fn.se\/karlstad\/styrelse\/","title":{"rendered":"Styrelse"},"content":{"rendered":"<h2>Styrelsen 2023<\/h2>\n<h4>Ordf\u00f6rande<\/h4>\n<p>Christer Gustavsson<\/p>\n<p>Mail: christer.gustavsson4@gmail.com<\/p>\n<p>Tele: 0708 62 47 75<\/p>\n<hr \/>\n<h4>Kass\u00f6r<\/h4>\n<p>Anders Daleskog<\/p>\n<hr \/>\n<h4>\u00d6vriga styrelsemedlemmar<\/h4>\n<p>Kajsa Fougner<\/p>\n<p>Camilla Kylin<\/p>\n<p>Moa Alm<\/p>\n<p>Sten-\u00c5ke Mollmyr<\/p>\n<hr \/>\n<h4>Valberedning<\/h4>\n<p>Kristina Hornsten<\/p>\n<p>Jesper Norqvist<\/p>\n","protected":false},"excerpt":{"rendered":"<p>Styrelsen 2023 Ordf\u00f6rande Christer Gustavsson Mail: christer.gustavsson4@gmail.com Tele: 0708 62 47 75 Kass\u00f6r Anders Daleskog \u00d6vriga styrelsemedlemmar Kajsa Fougner Camilla&hellip;<\/p>\n","protected":false},"author":1,"featured_media":0,"parent":0,"menu_order":0,"comment_status":"closed","ping_status":"closed","template":"templates\/template-sub.php","meta":{"_acf_changed":false,"footnotes":"","_links_to":"","_links_to_target":""},"class_list":["post-34","page","type-page","status-publish","hentry"],"acf":[],"_links":{"self":[{"href":"https:\/\/fn.se\/karlstad\/wp-json\/wp\/v2\/pages\/34","targetHints":{"allow":["GET"]}}],"collection":[{"href":"https:\/\/fn.se\/karlstad\/wp-json\/wp\/v2\/pages"}],"about":[{"href":"https:\/\/fn.se\/karlstad\/wp-json\/wp\/v2\/types\/page"}],"author":[{"embeddable":true,"href":"https:\/\/fn.se\/karlstad\/wp-json\/wp\/v2\/users\/1"}],"replies":[{"embeddable":true,"href":"https:\/\/fn.se\/karlstad\/wp-json\/wp\/v2\/comments?post=34"}],"version-history":[{"count":11,"href":"https:\/\/fn.se\/karlstad\/wp-json\/wp\/v2\/pages\/34\/revisions"}],"predecessor-version":[{"id":134,"href":"https:\/\/fn.se\/karlstad\/wp-json\/wp\/v2\/pages\/34\/revisions\/134"}],"wp:attachment":[{"href":"https:\/\/fn.se\/karlstad\/wp-json\/wp\/v2\/media?parent=34"}],"curies":[{"name":"wp","href":"https:\/\/api.w.org\/{rel}","templated":true}]}}