{"id":28,"date":"2016-10-12T13:09:11","date_gmt":"2016-10-12T13:09:11","guid":{"rendered":"http:\/\/fn.se\/karlstad\/?page_id=28"},"modified":"2023-03-29T22:58:22","modified_gmt":"2023-03-29T22:58:22","slug":"kontakt","status":"publish","type":"page","link":"https:\/\/fn.se\/karlstad\/kontakt\/","title":{"rendered":"Kontakt"},"content":{"rendered":"<h2>Kontakt<\/h2>\n<p>Kontakta n\u00e5gon av v\u00e5ra&nbsp; kontaktpersoner om du vill veta mer om v\u00e5r f\u00f6rening!<\/p>\n<p><strong>Christer Gustavsson<\/strong><\/p>\n<p>Ordf\u00f6rande<\/p>\n<p><strong>Adress:<\/strong><\/p>\n<p>Horsensgatan 36, lgh 1101<\/p>\n<p>654 67 Karlstad<\/p>\n<p><strong>E-post:<\/strong> christer.gustavsson4@gmail.com<\/p>\n<p><strong>Telefon:<\/strong> 0708 62 47 75<\/p>\n<hr>\n<p><strong>Anders Daleskog<\/strong><\/p>\n<p>Kass\u00f6r<\/p>\n<p><strong>Adress:<\/strong><\/p>\n<p>P\u00e4ronv\u00e4gen 2<\/p>\n<p>653 51 Karlstad<\/p>\n<p><strong>E-post: <\/strong>anders@daleskog.se<\/p>\n<p><strong>Telefon<\/strong>: 070 238 82 99<\/p>\n<hr>\n","protected":false},"excerpt":{"rendered":"<p>Kontakt Kontakta n\u00e5gon av v\u00e5ra&nbsp; kontaktpersoner om du vill veta mer om v\u00e5r f\u00f6rening! Christer Gustavsson Ordf\u00f6rande Adress: Horsensgatan 36,&hellip;<\/p>\n","protected":false},"author":1,"featured_media":0,"parent":0,"menu_order":0,"comment_status":"closed","ping_status":"closed","template":"templates\/template-sub.php","meta":{"_acf_changed":false,"footnotes":"","_links_to":"","_links_to_target":""},"class_list":["post-28","page","type-page","status-publish","hentry"],"acf":[],"_links":{"self":[{"href":"https:\/\/fn.se\/karlstad\/wp-json\/wp\/v2\/pages\/28","targetHints":{"allow":["GET"]}}],"collection":[{"href":"https:\/\/fn.se\/karlstad\/wp-json\/wp\/v2\/pages"}],"about":[{"href":"https:\/\/fn.se\/karlstad\/wp-json\/wp\/v2\/types\/page"}],"author":[{"embeddable":true,"href":"https:\/\/fn.se\/karlstad\/wp-json\/wp\/v2\/users\/1"}],"replies":[{"embeddable":true,"href":"https:\/\/fn.se\/karlstad\/wp-json\/wp\/v2\/comments?post=28"}],"version-history":[{"count":15,"href":"https:\/\/fn.se\/karlstad\/wp-json\/wp\/v2\/pages\/28\/revisions"}],"predecessor-version":[{"id":132,"href":"https:\/\/fn.se\/karlstad\/wp-json\/wp\/v2\/pages\/28\/revisions\/132"}],"wp:attachment":[{"href":"https:\/\/fn.se\/karlstad\/wp-json\/wp\/v2\/media?parent=28"}],"curies":[{"name":"wp","href":"https:\/\/api.w.org\/{rel}","templated":true}]}}