{"id":14,"date":"2016-10-12T13:00:52","date_gmt":"2016-10-12T13:00:52","guid":{"rendered":"http:\/\/fn.se\/karlstad\/?page_id=14"},"modified":"2023-05-15T10:57:57","modified_gmt":"2023-05-15T10:57:57","slug":"verksamhet","status":"publish","type":"page","link":"https:\/\/fn.se\/karlstad\/verksamhet\/","title":{"rendered":"Verksamhet"},"content":{"rendered":"<h1>Tipspromenad p\u00e5 skutberget p\u00e5 mors dag<\/h1>\n<p>S\u00f6ndag den 28:e maj ( \u00e5r 2023 ) mellan 13:00 &#8211; 16:00 s\u00e5 arrangerar vi i FN-f\u00f6reningen en tipspromenad p\u00e5 Skutberget i Karlstad, tillsammans med Friluftsfr\u00e4mjandet och V\u00e4rlden i V\u00e4rmland. Start och m\u00e5l sker vid Friluftsfr\u00e4mjandets stuga, mellan den stora parkeringen och stranden. Fr\u00e5gorna har temat h\u00e5llbar utveckling, demokrati och m\u00e4nskliga r\u00e4ttigheter och priset f\u00f6r deltagande \u00e4r 30kr och d\u00e5 \u00e4r kaffe\/saft och kaka inkluderat. Alla barn g\u00e5r gratis och det finns \u00e4ven specifika barnfr\u00e5gor vid varje station. Beh\u00e5llningen fr\u00e5n tipspromenaden g\u00e5r till FN-f\u00f6rbundets &#8221;Projekt Flicka&#8221;<\/p>\n<p>Varmt v\u00e4lkomna!<\/p>\n<p>H\u00e4lsningar,<\/p>\n<p>Styrelsen<\/p>\n<h1><\/h1>\n<h1>Verksamhet<\/h1>\n<p>H\u00e4r kan du l\u00e4sa mer om v\u00e5r kommande och tidigare verksamhet. Mer information om enskilda aktiviteter kan du hitta i <a href=\"https:\/\/fn.se\/engagera-dig\/kalender\/\">Svenska FN-f\u00f6rbundets kalender<\/a> eller p\u00e5 Karlstad FN-f\u00f6renings <a href=\"https:\/\/www.facebook.com\/profile.php?id=100083146484257\">Facebooksida.<\/a><\/p>\n","protected":false},"excerpt":{"rendered":"<p>Tipspromenad p\u00e5 skutberget p\u00e5 mors dag S\u00f6ndag den 28:e maj ( \u00e5r 2023 ) mellan 13:00 &#8211; 16:00 s\u00e5 arrangerar&hellip;<\/p>\n","protected":false},"author":1,"featured_media":0,"parent":0,"menu_order":0,"comment_status":"closed","ping_status":"closed","template":"templates\/template-sub.php","meta":{"_acf_changed":false,"footnotes":"","_links_to":"","_links_to_target":""},"class_list":["post-14","page","type-page","status-publish","hentry"],"acf":[],"_links":{"self":[{"href":"https:\/\/fn.se\/karlstad\/wp-json\/wp\/v2\/pages\/14","targetHints":{"allow":["GET"]}}],"collection":[{"href":"https:\/\/fn.se\/karlstad\/wp-json\/wp\/v2\/pages"}],"about":[{"href":"https:\/\/fn.se\/karlstad\/wp-json\/wp\/v2\/types\/page"}],"author":[{"embeddable":true,"href":"https:\/\/fn.se\/karlstad\/wp-json\/wp\/v2\/users\/1"}],"replies":[{"embeddable":true,"href":"https:\/\/fn.se\/karlstad\/wp-json\/wp\/v2\/comments?post=14"}],"version-history":[{"count":17,"href":"https:\/\/fn.se\/karlstad\/wp-json\/wp\/v2\/pages\/14\/revisions"}],"predecessor-version":[{"id":143,"href":"https:\/\/fn.se\/karlstad\/wp-json\/wp\/v2\/pages\/14\/revisions\/143"}],"wp:attachment":[{"href":"https:\/\/fn.se\/karlstad\/wp-json\/wp\/v2\/media?parent=14"}],"curies":[{"name":"wp","href":"https:\/\/api.w.org\/{rel}","templated":true}]}}