{"id":2,"date":"2016-02-17T11:55:54","date_gmt":"2016-02-17T11:55:54","guid":{"rendered":"http:\/\/fn.se\/karlskoga-degerfors\/?page_id=2"},"modified":"2026-04-24T13:29:48","modified_gmt":"2026-04-24T13:29:48","slug":"sample-page","status":"publish","type":"page","link":"https:\/\/fn.se\/karlskoga-degerfors\/","title":{"rendered":"Hem"},"content":{"rendered":"<h1>V\u00e4lkommen till Karlskoga-Degerfors-Lax\u00e5 FN-f\u00f6rening!<img loading=\"lazy\" decoding=\"async\" class=\"size-full wp-image-9 alignright\" src=\"https:\/\/fn.se\/karlskoga-degerfors\/wp-content\/uploads\/sites\/26\/2016\/02\/SFN_F\u00d6RENING_Karlskoga_Degerfors.jpg\" alt=\"sfn_logopayoff_pos_right\" width=\"117\" height=\"291\" \/><\/h1>\n<p class=\"intro\">Karlskoga\/Degerfors\/Lax\u00e5 FN-f\u00f6rening \u00e4r en del av den svenska FN-r\u00f6relsen och knuten till Svenska FN-f\u00f6rbundet. F\u00f6reningen \u00e4r partipolitiskt och religi\u00f6st obunden. All verksamhet bygger p\u00e5 lokala och n\u00e4ra krafter, vi t\u00e4nker globalt men handlar n\u00e4ra och lokalt. I v\u00e5r r\u00f6relse levandeg\u00f6rs visioner. Id\u00e9er formas om hur internationellt samarbete kan fr\u00e4mjas. Det \u00e4r berikande p\u00e5 m\u00e5nga s\u00e4tt.<\/p>\n<h4>Medlemmar<\/h4>\n<p>H\u00e4r f\u00e5r du m\u00f6jlighet att m\u00f6ta nya m\u00e4nniskor, l\u00e4ra dig mer om FN och internationella fr\u00e5gor, arbeta med insamlingsprojekt, p\u00e5verka och framf\u00f6r allt bidra till det viktiga arbetet f\u00f6r en b\u00e4ttre v\u00e4rld.<br \/>\nKarlskoga\/Degerfors\/Lax\u00e5 FN-f\u00f6rening \u00e4r \u00f6ppen f\u00f6r alla! <a class=\"new-window\" title=\"Vill du bli medlem?\" href=\"https:\/\/betalning.fn.se\/pfs\/memberregistration\/\" target=\"_blank\" rel=\"noopener\">Vill du bli medlem?<\/a><\/p>\n<div>\n<h4>Ungdomssektionen<\/h4>\n<p>\u00c4r du under 26 \u00e5r? Intresserad av internationella relationer, fred, s\u00e4kerhet eller m\u00e4nskliga r\u00e4ttigheter?<br \/>\nOm ditt svar \u00e4r ja, rekomenderar vi skarkt att du g\u00e5r med. <a href=\"https:\/\/betalning.fn.se\/pfs\/memberregistration\/\" target=\"_blank\" rel=\"noopener\">Bli medlem!<\/a><\/p>\n<p><a class=\"new-window\" title=\"Kolla g\u00e4rna in v\u00e5r sida p\u00e5 Facebook som vi uppdaterar ofta!\" href=\"https:\/\/www.facebook.com\/KarlskogaDegerforsFNforening\/\" target=\"_blank\" rel=\"noopener\">Kolla in v\u00e5r sida p\u00e5 Facebook!<\/a><\/p>\n<h4>Kontakt<\/h4>\n<p>Fred Kiberu Mpiso<br \/>\n076-947 88 54<br \/>\n<a href=\"mailto:fred_kiberu@hotmail.com\">fred_kiberu@hotmail.com<\/a><\/p>\n<\/div>\n","protected":false},"excerpt":{"rendered":"<p>V\u00e4lkommen till Karlskoga-Degerfors-Lax\u00e5 FN-f\u00f6rening! Karlskoga\/Degerfors\/Lax\u00e5 FN-f\u00f6rening \u00e4r en del av den svenska FN-r\u00f6relsen och knuten till Svenska FN-f\u00f6rbundet. F\u00f6reningen \u00e4r&hellip;<\/p>\n","protected":false},"author":1,"featured_media":10,"parent":0,"menu_order":0,"comment_status":"closed","ping_status":"open","template":"templates\/template-sub.php","meta":{"_acf_changed":false,"footnotes":"","_links_to":"","_links_to_target":""},"class_list":["post-2","page","type-page","status-publish","has-post-thumbnail","hentry"],"acf":[],"_links":{"self":[{"href":"https:\/\/fn.se\/karlskoga-degerfors\/wp-json\/wp\/v2\/pages\/2","targetHints":{"allow":["GET"]}}],"collection":[{"href":"https:\/\/fn.se\/karlskoga-degerfors\/wp-json\/wp\/v2\/pages"}],"about":[{"href":"https:\/\/fn.se\/karlskoga-degerfors\/wp-json\/wp\/v2\/types\/page"}],"author":[{"embeddable":true,"href":"https:\/\/fn.se\/karlskoga-degerfors\/wp-json\/wp\/v2\/users\/1"}],"replies":[{"embeddable":true,"href":"https:\/\/fn.se\/karlskoga-degerfors\/wp-json\/wp\/v2\/comments?post=2"}],"version-history":[{"count":8,"href":"https:\/\/fn.se\/karlskoga-degerfors\/wp-json\/wp\/v2\/pages\/2\/revisions"}],"predecessor-version":[{"id":26,"href":"https:\/\/fn.se\/karlskoga-degerfors\/wp-json\/wp\/v2\/pages\/2\/revisions\/26"}],"wp:featuredmedia":[{"embeddable":true,"href":"https:\/\/fn.se\/karlskoga-degerfors\/wp-json\/wp\/v2\/media\/10"}],"wp:attachment":[{"href":"https:\/\/fn.se\/karlskoga-degerfors\/wp-json\/wp\/v2\/media?parent=2"}],"curies":[{"name":"wp","href":"https:\/\/api.w.org\/{rel}","templated":true}]}}