{"id":38,"date":"2016-10-12T12:11:09","date_gmt":"2016-10-12T12:11:09","guid":{"rendered":"http:\/\/fn.se\/kalmar-oland\/?page_id=38"},"modified":"2024-03-14T08:32:38","modified_gmt":"2024-03-14T08:32:38","slug":"verksamhet","status":"publish","type":"page","link":"https:\/\/fn.se\/kalmar-oland\/verksamhet\/","title":{"rendered":"Verksamhet"},"content":{"rendered":"<h2>Verksamhet<\/h2>\n<p>Vill du vara med och g\u00f6ra skillnad? Vill du veta mer om, eller engagera dig f\u00f6r, ett eller flera av Svenska FN-f\u00f6rbundets verksamhetsm\u00e5l? Tillsammans skapar vi en b\u00e4ttre v\u00e4rld genom att varje dag arbeta f\u00f6r fred, utveckling och m\u00e4nskliga r\u00e4ttigheter.<\/p>\n<p>Vi driver projekt om bland annat flickors r\u00e4ttigheter genom <a href=\"https:\/\/fn.se\/vi-gor\/vi-stodjer-viktiga-fn-projekt-i-varlden\/flicka\/\">projektet Flicka<\/a> och sprider kunskap om minor och dess effekter genom <a href=\"https:\/\/fn.se\/vi-gor\/vi-stodjer-viktiga-fn-projekt-i-varlden\/minor\/\">projektet Minor<\/a>.\u00a0 Vi arbetar \u00e4ven med kunskap om <a href=\"https:\/\/fn.se\/vi-gor\/fred-sakerhet-nedrustning\/karnvapen\/\">k\u00e4rnvapen och verkar f\u00f6r nedrustning<\/a>. F\u00f6r oss \u00e4r ocks\u00e5 lokalt \u00e4garskap f\u00f6r Agenda 2030 genom kommunikations- och p\u00e5verkansarbete gentemot lokala politiker, ungdomar, elever, studenter, f\u00f6retag, nuvarande och potentiella mycket viktigt. Vi \u00e4r starkt engagerade mot hatbrott och rasism och arbetar f\u00f6r integration.<\/p>\n<p>P\u00e5 v\u00e5r <a href=\"https:\/\/www.youtube.com\/@kalmarolandsfn-forening6114\">Youtubekanal<\/a> hittar du tidigare seminarier och projekt. F\u00f6lj oss g\u00e4rna p\u00e5 <a href=\"https:\/\/www.facebook.com\/FNKalmar\/\">Facebook.<\/a><\/p>\n<p>Kontakta oss via e-post: <a href=\"mailto:kalmarolandfnforening@yahoo.com\">kalmarolandfnforening@yahoo.com<\/a><\/p>\n<p>V\u00e4lkommen!<\/p>\n<p>Emma Bernard Stenmalm, ordf\u00f6rande<\/p>\n","protected":false},"excerpt":{"rendered":"<p>Verksamhet Vill du vara med och g\u00f6ra skillnad? Vill du veta mer om, eller engagera dig f\u00f6r, ett eller flera&hellip;<\/p>\n","protected":false},"author":1,"featured_media":0,"parent":0,"menu_order":0,"comment_status":"closed","ping_status":"closed","template":"templates\/template-sub.php","meta":{"_acf_changed":false,"footnotes":"","_links_to":"","_links_to_target":""},"class_list":["post-38","page","type-page","status-publish","hentry"],"acf":[],"_links":{"self":[{"href":"https:\/\/fn.se\/kalmar-oland\/wp-json\/wp\/v2\/pages\/38","targetHints":{"allow":["GET"]}}],"collection":[{"href":"https:\/\/fn.se\/kalmar-oland\/wp-json\/wp\/v2\/pages"}],"about":[{"href":"https:\/\/fn.se\/kalmar-oland\/wp-json\/wp\/v2\/types\/page"}],"author":[{"embeddable":true,"href":"https:\/\/fn.se\/kalmar-oland\/wp-json\/wp\/v2\/users\/1"}],"replies":[{"embeddable":true,"href":"https:\/\/fn.se\/kalmar-oland\/wp-json\/wp\/v2\/comments?post=38"}],"version-history":[{"count":10,"href":"https:\/\/fn.se\/kalmar-oland\/wp-json\/wp\/v2\/pages\/38\/revisions"}],"predecessor-version":[{"id":262,"href":"https:\/\/fn.se\/kalmar-oland\/wp-json\/wp\/v2\/pages\/38\/revisions\/262"}],"wp:attachment":[{"href":"https:\/\/fn.se\/kalmar-oland\/wp-json\/wp\/v2\/media?parent=38"}],"curies":[{"name":"wp","href":"https:\/\/api.w.org\/{rel}","templated":true}]}}