{"id":2,"date":"2016-02-17T11:55:28","date_gmt":"2016-02-17T11:55:28","guid":{"rendered":"http:\/\/fn.se\/kalmar-oland\/?page_id=2"},"modified":"2019-03-18T13:38:18","modified_gmt":"2019-03-18T13:38:18","slug":"sample-page","status":"publish","type":"page","link":"https:\/\/fn.se\/kalmar-oland\/","title":{"rendered":"Sample Page"},"content":{"rendered":"<h1>V\u00e4lkommen till Kalmar-\u00d6lands FN-f\u00f6rening!<img loading=\"lazy\" decoding=\"async\" class=\"size-full wp-image-8 alignright\" src=\"https:\/\/fn.se\/kalmar-oland\/wp-content\/uploads\/sites\/25\/2016\/02\/SFN_F\u00d6RENING_Kalmar_\u00d6lands.jpg\" alt=\"sfn_logopayoff_pos_right\" width=\"117\" height=\"291\" \/><\/h1>\n<p>Kalmar\/\u00d6lands FN-f\u00f6rening \u00e4r en del av den svenska FN-r\u00f6relsen och knuten till Svenska FN-f\u00f6rbundet. F\u00f6reningen \u00e4r partipolitiskt och religi\u00f6st obunden. All verksamhet bygger p\u00e5 lokala och n\u00e4ra krafter, vi t\u00e4nker globalt men handlar n\u00e4ra och lokalt. I v\u00e5r r\u00f6relse levandeg\u00f6rs visioner. Id\u00e9er formas om hur internationellt samarbete kan fr\u00e4mjas. Det \u00e4r berikande p\u00e5 m\u00e5nga s\u00e4tt.<\/p>\n<p>H\u00e4r f\u00e5r du m\u00f6jlighet att m\u00f6ta nya m\u00e4nniskor, l\u00e4ra dig mer om FN och internationella fr\u00e5gor, arbeta med insamlingsprojekt, p\u00e5verka och framf\u00f6r allt bidra till det viktiga arbetet f\u00f6r en b\u00e4ttre v\u00e4rld.\u00a0<a class=\"new-window\" href=\"http:\/\/facebook.com\/FNkalmar\" target=\"_blank\" rel=\"noopener\">Kolla g\u00e4rna in v\u00e5r sida p\u00e5 Facebook som vi uppdaterar ofta!<\/a><\/p>\n<p>Vi beh\u00f6ver FN! FN beh\u00f6ver dig! <a href=\"https:\/\/betalning.fn.se\/pfs\/memberregistration\/\" target=\"_blank\" rel=\"noopener\">V\u00e4lkommen som medlem i v\u00e5r f\u00f6rening!<\/a><\/p>\n<p><a href=\"https:\/\/fn.se\/engagera-dig\/kalender\/\">Evenemangskalender fn.se\u00a0<\/a><\/p>\n","protected":false},"excerpt":{"rendered":"<p>V\u00e4lkommen till Kalmar-\u00d6lands FN-f\u00f6rening! Kalmar\/\u00d6lands FN-f\u00f6rening \u00e4r en del av den svenska FN-r\u00f6relsen och knuten till Svenska FN-f\u00f6rbundet. F\u00f6reningen \u00e4r&hellip;<\/p>\n","protected":false},"author":1,"featured_media":34,"parent":0,"menu_order":0,"comment_status":"closed","ping_status":"closed","template":"templates\/template-sub.php","meta":{"_acf_changed":false,"footnotes":"","_links_to":"","_links_to_target":""},"class_list":["post-2","page","type-page","status-publish","has-post-thumbnail","hentry"],"acf":[],"_links":{"self":[{"href":"https:\/\/fn.se\/kalmar-oland\/wp-json\/wp\/v2\/pages\/2","targetHints":{"allow":["GET"]}}],"collection":[{"href":"https:\/\/fn.se\/kalmar-oland\/wp-json\/wp\/v2\/pages"}],"about":[{"href":"https:\/\/fn.se\/kalmar-oland\/wp-json\/wp\/v2\/types\/page"}],"author":[{"embeddable":true,"href":"https:\/\/fn.se\/kalmar-oland\/wp-json\/wp\/v2\/users\/1"}],"replies":[{"embeddable":true,"href":"https:\/\/fn.se\/kalmar-oland\/wp-json\/wp\/v2\/comments?post=2"}],"version-history":[{"count":6,"href":"https:\/\/fn.se\/kalmar-oland\/wp-json\/wp\/v2\/pages\/2\/revisions"}],"predecessor-version":[{"id":92,"href":"https:\/\/fn.se\/kalmar-oland\/wp-json\/wp\/v2\/pages\/2\/revisions\/92"}],"wp:featuredmedia":[{"embeddable":true,"href":"https:\/\/fn.se\/kalmar-oland\/wp-json\/wp\/v2\/media\/34"}],"wp:attachment":[{"href":"https:\/\/fn.se\/kalmar-oland\/wp-json\/wp\/v2\/media?parent=2"}],"curies":[{"name":"wp","href":"https:\/\/api.w.org\/{rel}","templated":true}]}}