{"id":10,"date":"2016-09-15T11:53:10","date_gmt":"2016-09-15T11:53:10","guid":{"rendered":"http:\/\/fn.se\/kalmar-oland\/?page_id=10"},"modified":"2024-03-14T08:05:49","modified_gmt":"2024-03-14T08:05:49","slug":"styrelsen","status":"publish","type":"page","link":"https:\/\/fn.se\/kalmar-oland\/styrelsen\/","title":{"rendered":"Kontakt\/Styrelse"},"content":{"rendered":"<h1>Kontakta oss<\/h1>\n<p>H\u00e4r hittar du kontaktuppgifter till v\u00e5r styrelse och andra f\u00f6rtroendevalda i v\u00e5r f\u00f6rening.<\/p>\n<h4>Ordf\u00f6rande<\/h4>\n<p><strong>Emma Bernard Stenmalm<\/strong><br \/>\nTelefon:\u00a0076 06 23 181<br \/>\nE-post: <a href=\"mailto:emmabernardstenmalm@gmail.com\">Emma Bernard Stenmalm<\/a><\/p>\n<h4><strong>Vice ordf\u00f6rande<\/strong><\/h4>\n<p><b>Andreas Akhgar<\/b><\/p>\n<h4>Kass\u00f6r<\/h4>\n<p><strong>Karl Gustav Kyrk<\/strong>,<br \/>\nTelefon:\u00a0070 647 81 18<br \/>\nE-post:\u00a0<a href=\"mailto:karlgustav.kyrk@kristdemokraterna.se\">Karl Gustav Kyrk<\/a><\/p>\n<h4>Sekreterare<\/h4>\n<p><strong>Marie Johansson<\/strong><br \/>\nE-post: <a href=\"kalmarolandfnforening@yahoo.com\">Marie Johansson<\/a><\/p>\n<h4>LEDAMOT &amp; KOMMUNIKATIONSANSVARIG<\/h4>\n<p><strong>Alina Sales\u00a0 \u00a0 \u00a0 \u00a0 \u00a0 \u00a0 \u00a0 \u00a0 \u00a0 \u00a0 \u00a0 \u00a0 \u00a0 \u00a0 \u00a0 \u00a0 \u00a0 \u00a0 \u00a0 \u00a0 \u00a0 \u00a0 \u00a0 \u00a0 \u00a0 \u00a0 \u00a0 \u00a0 \u00a0 \u00a0 \u00a0 \u00a0 \u00a0 \u00a0 \u00a0 \u00a0 \u00a0 \u00a0 \u00a0 \u00a0 \u00a0 \u00a0 \u00a0 \u00a0 \u00a0 \u00a0 \u00a0 \u00a0 \u00a0 \u00a0 \u00a0 \u00a0 \u00a0 \u00a0 \u00a0 \u00a0 \u00a0 \u00a0 \u00a0 \u00a0 \u00a0 \u00a0 \u00a0 \u00a0 \u00a0 \u00a0 \u00a0 \u00a0 \u00a0 \u00a0 \u00a0 \u00a0 \u00a0 \u00a0 \u00a0 \u00a0 \u00a0 \u00a0 \u00a0 \u00a0 \u00a0 \u00a0 \u00a0 \u00a0 \u00a0 \u00a0 \u00a0 \u00a0 \u00a0 \u00a0 \u00a0 \u00a0 \u00a0 \u00a0 \u00a0 \u00a0 \u00a0<\/strong><\/p>\n<h4>ADJUNGERAD LEDAMOT<\/h4>\n<p><strong>Henning Koch<\/strong><\/p>\n<h4>Ungdomsansvarig styrelseledamot<\/h4>\n<h5>Vi s\u00f6ker ungdomsansvarig!<\/h5>\n<h4>Revisor<\/h4>\n<p><strong>Sonja Lindeman<\/strong><br \/>\nTelefon: 070 333 10 53<br \/>\nE-post: <a href=\"mailto:sonja.lindeman@telia.com\">Sonja Lindeman<\/a><\/p>\n<h4>Valberedning<\/h4>\n<p><strong>Helena Tinnert <\/strong><\/p>\n<h4>Allm\u00e4nna fr\u00e5gor<\/h4>\n<p><a href=\"mailto:kalmarolandfnforening@yahoo.com\">Kalmar \u00d6lands FN-f\u00f6rening<\/a><\/p>\n","protected":false},"excerpt":{"rendered":"<p>Kontakta oss H\u00e4r hittar du kontaktuppgifter till v\u00e5r styrelse och andra f\u00f6rtroendevalda i v\u00e5r f\u00f6rening. Ordf\u00f6rande Emma Bernard Stenmalm Telefon:\u00a0076&hellip;<\/p>\n","protected":false},"author":1,"featured_media":0,"parent":0,"menu_order":0,"comment_status":"closed","ping_status":"closed","template":"templates\/template-sub.php","meta":{"_acf_changed":false,"footnotes":"","_links_to":"","_links_to_target":""},"class_list":["post-10","page","type-page","status-publish","hentry"],"acf":[],"_links":{"self":[{"href":"https:\/\/fn.se\/kalmar-oland\/wp-json\/wp\/v2\/pages\/10","targetHints":{"allow":["GET"]}}],"collection":[{"href":"https:\/\/fn.se\/kalmar-oland\/wp-json\/wp\/v2\/pages"}],"about":[{"href":"https:\/\/fn.se\/kalmar-oland\/wp-json\/wp\/v2\/types\/page"}],"author":[{"embeddable":true,"href":"https:\/\/fn.se\/kalmar-oland\/wp-json\/wp\/v2\/users\/1"}],"replies":[{"embeddable":true,"href":"https:\/\/fn.se\/kalmar-oland\/wp-json\/wp\/v2\/comments?post=10"}],"version-history":[{"count":28,"href":"https:\/\/fn.se\/kalmar-oland\/wp-json\/wp\/v2\/pages\/10\/revisions"}],"predecessor-version":[{"id":260,"href":"https:\/\/fn.se\/kalmar-oland\/wp-json\/wp\/v2\/pages\/10\/revisions\/260"}],"wp:attachment":[{"href":"https:\/\/fn.se\/kalmar-oland\/wp-json\/wp\/v2\/media?parent=10"}],"curies":[{"name":"wp","href":"https:\/\/api.w.org\/{rel}","templated":true}]}}