{"id":42,"date":"2016-09-13T14:24:32","date_gmt":"2016-09-13T14:24:32","guid":{"rendered":"http:\/\/fn.se\/jonkoping\/?page_id=42"},"modified":"2026-02-15T11:44:58","modified_gmt":"2026-02-15T11:44:58","slug":"styrelsen","status":"publish","type":"page","link":"https:\/\/fn.se\/jonkoping\/styrelsen\/","title":{"rendered":"Styrelsen"},"content":{"rendered":"<h2><strong>Styrelsen 2026<\/strong><\/h2>\n<p>\u00a0<\/p>\n<p><strong>Ordf\u00f6rande<br \/><\/strong>Adam Urb\u00e1n<\/p>\n<p><strong>Vice ordf\u00f6rande<\/strong><br \/>Castiel Abakarov<\/p>\n<p><strong>Sekreterare<\/strong><br \/>Jakob Lundqvist<\/p>\n<p><strong>Kass\u00f6r<\/strong><br \/>Sandra Kvist<\/p>\n<p><strong>Agenda 2030-ansvarig<\/strong><br \/>Francesca Jabar<\/p>\n<p><strong>Sociala medier-ansvarig<br \/><\/strong>Elin Moberg<\/p>\n<p><span style=\"font-size: revert\"><strong>Ungdomsansvarig<\/strong><br \/>Sarah Fors\u00e9n<\/span><\/p>\n<p><strong><span style=\"font-size: revert\">\u00d6vriga styrelseledam\u00f6ter<\/span><span style=\"font-size: revert\"><br \/><\/span><\/strong><span style=\"font-size: revert\">Jennifer Zalem<br \/><\/span><\/p>\n<p><span style=\"font-size: revert\"><strong>Styrelsesuppleanter<br \/><\/strong><\/span><span style=\"font-weight: 400\">Neva Nur Durmaz \u00c7eren\u00e7e<\/span><\/p>\n\n\n<p><\/p>\n","protected":false},"excerpt":{"rendered":"<p>Styrelsen 2026 \u00a0 Ordf\u00f6randeAdam Urb\u00e1n Vice ordf\u00f6randeCastiel Abakarov SekreterareJakob Lundqvist Kass\u00f6rSandra Kvist Agenda 2030-ansvarigFrancesca Jabar Sociala medier-ansvarigElin Moberg UngdomsansvarigSarah Fors\u00e9n&hellip;<\/p>\n","protected":false},"author":1,"featured_media":0,"parent":0,"menu_order":0,"comment_status":"closed","ping_status":"closed","template":"","meta":{"_acf_changed":false,"footnotes":"","_links_to":"","_links_to_target":""},"class_list":["post-42","page","type-page","status-publish","hentry"],"acf":[],"_links":{"self":[{"href":"https:\/\/fn.se\/jonkoping\/wp-json\/wp\/v2\/pages\/42","targetHints":{"allow":["GET"]}}],"collection":[{"href":"https:\/\/fn.se\/jonkoping\/wp-json\/wp\/v2\/pages"}],"about":[{"href":"https:\/\/fn.se\/jonkoping\/wp-json\/wp\/v2\/types\/page"}],"author":[{"embeddable":true,"href":"https:\/\/fn.se\/jonkoping\/wp-json\/wp\/v2\/users\/1"}],"replies":[{"embeddable":true,"href":"https:\/\/fn.se\/jonkoping\/wp-json\/wp\/v2\/comments?post=42"}],"version-history":[{"count":32,"href":"https:\/\/fn.se\/jonkoping\/wp-json\/wp\/v2\/pages\/42\/revisions"}],"predecessor-version":[{"id":286,"href":"https:\/\/fn.se\/jonkoping\/wp-json\/wp\/v2\/pages\/42\/revisions\/286"}],"wp:attachment":[{"href":"https:\/\/fn.se\/jonkoping\/wp-json\/wp\/v2\/media?parent=42"}],"curies":[{"name":"wp","href":"https:\/\/api.w.org\/{rel}","templated":true}]}}