{"id":258,"date":"2025-10-19T12:57:11","date_gmt":"2025-10-19T12:57:11","guid":{"rendered":"https:\/\/fn.se\/jonkoping\/?page_id=258"},"modified":"2025-10-19T13:00:02","modified_gmt":"2025-10-19T13:00:02","slug":"arkiv","status":"publish","type":"page","link":"https:\/\/fn.se\/jonkoping\/arkiv\/","title":{"rendered":"Arkiv"},"content":{"rendered":"<h2>Akriv: f\u00f6r \u00f6ppenhet och insyn i v\u00e5rt arbete<\/h2>\n<p><em>H\u00e4r samlas tidigare verksamhetsber\u00e4ttelser, som visar J\u00f6nk\u00f6pings FN-f\u00f6renings arbete f\u00f6r fred, utveckling och m\u00e4nskliga r\u00e4ttigheter p\u00e5 lokal niv\u00e5.<\/em><\/p>\n<h4>2024<\/h4>\n<p><a href=\"https:\/\/fn.se\/jonkoping\/wp-content\/uploads\/sites\/23\/2025\/10\/Verksamhetsberattelse-2024.pdf\">Verksamhetsber\u00e4ttelse 2024<\/a><\/p>\n<h4>2023<\/h4>\n<p><a href=\"https:\/\/fn.se\/jonkoping\/wp-content\/uploads\/sites\/23\/2025\/10\/Verksamhetsberattelse-2023.pdf\">Verksamhetsber\u00e4ttelse 2023<\/a><\/p>\n<h4>2022<\/h4>\n<p><a href=\"https:\/\/fn.se\/jonkoping\/wp-content\/uploads\/sites\/23\/2025\/10\/Verksamhetsberattelse-2022.pdf\">Verksamhetsbera\u0308ttelse 2022<\/a><\/p>\n<h4>2021<\/h4>\n<p><a href=\"https:\/\/fn.se\/jonkoping\/wp-content\/uploads\/sites\/23\/2025\/10\/Verksamhetsberattelse-2021.pdf\">Verksamhetsbera\u0308ttelse 2021<\/a><\/p>\n<h4>2020<\/h4>\n<p><a href=\"https:\/\/fn.se\/jonkoping\/wp-content\/uploads\/sites\/23\/2025\/10\/Verksamhetsberattelse-2020.pdf\">Verksamhetsber\u00e4ttelse 2020<\/a><\/p>\n<h4>2019<\/h4>\n<p><a href=\"https:\/\/fn.se\/jonkoping\/wp-content\/uploads\/sites\/23\/2025\/10\/Verksamhetsberattelse-2019.pdf\">Verksamhetsber\u00e4ttelse 2019<\/a><\/p>\n","protected":false},"excerpt":{"rendered":"<p>Akriv: f\u00f6r \u00f6ppenhet och insyn i v\u00e5rt arbete H\u00e4r samlas tidigare verksamhetsber\u00e4ttelser, som visar J\u00f6nk\u00f6pings FN-f\u00f6renings arbete f\u00f6r fred, utveckling&hellip;<\/p>\n","protected":false},"author":43,"featured_media":0,"parent":0,"menu_order":0,"comment_status":"closed","ping_status":"closed","template":"","meta":{"_acf_changed":false,"footnotes":"","_links_to":"","_links_to_target":""},"class_list":["post-258","page","type-page","status-publish","hentry"],"acf":[],"_links":{"self":[{"href":"https:\/\/fn.se\/jonkoping\/wp-json\/wp\/v2\/pages\/258","targetHints":{"allow":["GET"]}}],"collection":[{"href":"https:\/\/fn.se\/jonkoping\/wp-json\/wp\/v2\/pages"}],"about":[{"href":"https:\/\/fn.se\/jonkoping\/wp-json\/wp\/v2\/types\/page"}],"author":[{"embeddable":true,"href":"https:\/\/fn.se\/jonkoping\/wp-json\/wp\/v2\/users\/43"}],"replies":[{"embeddable":true,"href":"https:\/\/fn.se\/jonkoping\/wp-json\/wp\/v2\/comments?post=258"}],"version-history":[{"count":3,"href":"https:\/\/fn.se\/jonkoping\/wp-json\/wp\/v2\/pages\/258\/revisions"}],"predecessor-version":[{"id":269,"href":"https:\/\/fn.se\/jonkoping\/wp-json\/wp\/v2\/pages\/258\/revisions\/269"}],"wp:attachment":[{"href":"https:\/\/fn.se\/jonkoping\/wp-json\/wp\/v2\/media?parent=258"}],"curies":[{"name":"wp","href":"https:\/\/api.w.org\/{rel}","templated":true}]}}