{"id":234,"date":"2025-02-13T23:35:45","date_gmt":"2025-02-13T23:35:45","guid":{"rendered":"https:\/\/fn.se\/jonkoping\/?page_id=234"},"modified":"2025-02-13T23:35:46","modified_gmt":"2025-02-13T23:35:46","slug":"kontakt","status":"publish","type":"page","link":"https:\/\/fn.se\/jonkoping\/kontakt\/","title":{"rendered":"Kontakt"},"content":{"rendered":"<h2>Kontakt<\/h2>\n<p>Adress: J\u00f6nk\u00f6pings FN-f\u00f6rening<br \/>V\u00e4stra Storgatan 12, 553 15 J\u00f6nk\u00f6ping. I ABF J\u00f6nk\u00f6pings L\u00e4ns lokaler<br \/>E-postadress:\u00a0<a href=\"mailto:jonkopingsfnforening@gmail.com\">jonkopingsfnforening@gmail.com<\/a><br \/><br \/>H\u00f6r g\u00e4rna av dig om du har n\u00e5gra fr\u00e5gor om v\u00e5r f\u00f6rening, s\u00e5 \u00e5terkopplar vi \u00f6ver mail s\u00e5 snart vi kan.<\/p>\n\n\n<p><\/p>\n","protected":false},"excerpt":{"rendered":"<p>Kontakt Adress: J\u00f6nk\u00f6pings FN-f\u00f6reningV\u00e4stra Storgatan 12, 553 15 J\u00f6nk\u00f6ping. I ABF J\u00f6nk\u00f6pings L\u00e4ns lokalerE-postadress:\u00a0jonkopingsfnforening@gmail.com H\u00f6r g\u00e4rna av dig om du&hellip;<\/p>\n","protected":false},"author":43,"featured_media":0,"parent":0,"menu_order":0,"comment_status":"closed","ping_status":"closed","template":"","meta":{"_acf_changed":false,"footnotes":"","_links_to":"","_links_to_target":""},"class_list":["post-234","page","type-page","status-publish","hentry"],"acf":[],"_links":{"self":[{"href":"https:\/\/fn.se\/jonkoping\/wp-json\/wp\/v2\/pages\/234","targetHints":{"allow":["GET"]}}],"collection":[{"href":"https:\/\/fn.se\/jonkoping\/wp-json\/wp\/v2\/pages"}],"about":[{"href":"https:\/\/fn.se\/jonkoping\/wp-json\/wp\/v2\/types\/page"}],"author":[{"embeddable":true,"href":"https:\/\/fn.se\/jonkoping\/wp-json\/wp\/v2\/users\/43"}],"replies":[{"embeddable":true,"href":"https:\/\/fn.se\/jonkoping\/wp-json\/wp\/v2\/comments?post=234"}],"version-history":[{"count":2,"href":"https:\/\/fn.se\/jonkoping\/wp-json\/wp\/v2\/pages\/234\/revisions"}],"predecessor-version":[{"id":237,"href":"https:\/\/fn.se\/jonkoping\/wp-json\/wp\/v2\/pages\/234\/revisions\/237"}],"wp:attachment":[{"href":"https:\/\/fn.se\/jonkoping\/wp-json\/wp\/v2\/media?parent=234"}],"curies":[{"name":"wp","href":"https:\/\/api.w.org\/{rel}","templated":true}]}}