{"id":227,"date":"2025-02-13T23:16:14","date_gmt":"2025-02-13T23:16:14","guid":{"rendered":"https:\/\/fn.se\/jonkoping\/?page_id=227"},"modified":"2025-11-16T12:17:34","modified_gmt":"2025-11-16T12:17:34","slug":"lediga-tjanster","status":"publish","type":"page","link":"https:\/\/fn.se\/jonkoping\/lediga-tjanster\/","title":{"rendered":"Ans\u00f6k till styrelsen"},"content":{"rendered":"<h1>Ans\u00f6k till styrelsen<\/h1>\n\n\n<p><strong>F\u00e5r \u00e4mnen som m\u00e4nskliga r\u00e4ttigheter, j\u00e4mst\u00e4lldhet &amp; h\u00e5llbar utveckling ditt hj\u00e4rta att sl\u00e5 lite extra? D\u00e5 \u00e4r detta uppdraget f\u00f6r dig! Inf\u00f6r \u00e5r 2026 v\u00e4lkomnar vi eldsj\u00e4lar som \u00e4r redo att engagera sig.<\/strong><\/p>\n\n\n\n<p>Inf\u00f6r varje verksamhets\u00e5r fastst\u00e4lls en ny styrelse f\u00f6r J\u00f6nk\u00f6pings FN-f\u00f6rening. <\/p>\n\n\n\n<p>Genom ideella seminarier, f\u00f6rel\u00e4sningar, evenemang och insamlingsaktiviteter skapar vi medvetenhet och st\u00f6d f\u00f6r FN:s globala initiativ. Vi samarbetar med skolor och organisationer f\u00f6r att arrangera lokala aktiviteter och uppm\u00e4rksamma internationella FN-dagar. <\/p>\n\n\n\n<p>Vi tills\u00e4tter f\u00f6ljande poster: <\/p>\n\n\n\n<p>&#8211; Ordf\u00f6rande (vi s\u00f6ker s\u00e4rskilt dig med god ledarskapsf\u00f6rm\u00e5ga) <\/p>\n\n\n\n<p>&#8211; Vice ordf\u00f6rande<\/p>\n\n\n\n<p>&#8211; Kass\u00f6r <\/p>\n\n\n\n<p>&#8211; Sekreterare<\/p>\n\n\n\n<p>&#8211; Agenda 2030-ansvarig <\/p>\n\n\n\n<p>&#8211; Kommunikat\u00f6r, sociala medier <\/p>\n\n\n\n<p>Vi v\u00e4lkomnar personer i alla \u00e5ldrar och med alla bakgrunder. Erfarenhet av globala fr\u00e5gor \u00e4r meriterande men inget krav, ditt engagemang \u00e4r det allra viktigaste. <\/p>\n\n\n\n<p>Styrelsem\u00f6ten h\u00e5lls vanligtvis en g\u00e5ng i m\u00e5naden, med planering och deltagande i evenemang ber\u00e4knas uppdraget ta 3\u201310 timmar per m\u00e5nad. <\/p>\n\n\n\n<p><strong>S\u00e5 ans\u00f6ker du<\/strong>: Skicka ett mail till <strong>jonkopingsfnforening@gmail.com<\/strong> och meddela vilken roll du \u00e4r mest intresserad av. Ett formellt CV beh\u00f6vs inte, men vi ser g\u00e4rna att du kort beskriver dina erfarenheter och vad du kan bidra med till f\u00f6reningen.<\/p>\n\n\n\n<p>Genom ditt engagemang f\u00e5r du \u00e4ven ett intyg som verifierar din kompetens och ditt uppdrag hos oss. <\/p>\n\n\n\n<p>Tillsammans kan vi g\u00f6ra J\u00f6nk\u00f6ping till en stark r\u00f6st f\u00f6r m\u00e4nskliga r\u00e4ttigheter och internationell fred.<\/p>\n","protected":false},"excerpt":{"rendered":"<p>Ans\u00f6k till styrelsen F\u00e5r \u00e4mnen som m\u00e4nskliga r\u00e4ttigheter, j\u00e4mst\u00e4lldhet &amp; h\u00e5llbar utveckling ditt hj\u00e4rta att sl\u00e5 lite extra? D\u00e5 \u00e4r&hellip;<\/p>\n","protected":false},"author":43,"featured_media":0,"parent":0,"menu_order":0,"comment_status":"closed","ping_status":"closed","template":"","meta":{"_acf_changed":false,"footnotes":"","_links_to":"","_links_to_target":""},"class_list":["post-227","page","type-page","status-publish","hentry"],"acf":[],"_links":{"self":[{"href":"https:\/\/fn.se\/jonkoping\/wp-json\/wp\/v2\/pages\/227","targetHints":{"allow":["GET"]}}],"collection":[{"href":"https:\/\/fn.se\/jonkoping\/wp-json\/wp\/v2\/pages"}],"about":[{"href":"https:\/\/fn.se\/jonkoping\/wp-json\/wp\/v2\/types\/page"}],"author":[{"embeddable":true,"href":"https:\/\/fn.se\/jonkoping\/wp-json\/wp\/v2\/users\/43"}],"replies":[{"embeddable":true,"href":"https:\/\/fn.se\/jonkoping\/wp-json\/wp\/v2\/comments?post=227"}],"version-history":[{"count":6,"href":"https:\/\/fn.se\/jonkoping\/wp-json\/wp\/v2\/pages\/227\/revisions"}],"predecessor-version":[{"id":274,"href":"https:\/\/fn.se\/jonkoping\/wp-json\/wp\/v2\/pages\/227\/revisions\/274"}],"wp:attachment":[{"href":"https:\/\/fn.se\/jonkoping\/wp-json\/wp\/v2\/media?parent=227"}],"curies":[{"name":"wp","href":"https:\/\/api.w.org\/{rel}","templated":true}]}}