{"id":12,"date":"2016-09-13T13:53:58","date_gmt":"2016-09-13T13:53:58","guid":{"rendered":"http:\/\/fn.se\/jonkoping\/?page_id=12"},"modified":"2025-11-16T12:46:34","modified_gmt":"2025-11-16T12:46:34","slug":"aktiviteter","status":"publish","type":"page","link":"https:\/\/fn.se\/jonkoping\/aktiviteter\/","title":{"rendered":"Aktiviteter"},"content":{"rendered":"<h1>Aktiviteter<\/h1>\n<h4>Vi uppm\u00e4rksammar internationella dagar!<\/h4>\n<p>Varje m\u00e5nad, n\u00e4stan varje dag, firas runt om i v\u00e4rlden internationella dagar. Initiativet kommer fr\u00e5n FN som tycker att vissa dagar borde uppm\u00e4rksammas extra mycket! Vi i f\u00f6reningen firar alla dagar, men vissa dagar v\u00e4ljer vi att uppm\u00e4rksamma extra mycket, med till exempel evenemang, informationsspridning, uppm\u00e4rksammande p\u00e5 sociala medier, deltagande i m\u00f6ten eller p\u00e5 seminarium.<\/p>\n<h4>FN-dagen den 24 oktober<\/h4>\n<p>FN-dagen \u00e4r v\u00e5r egna speciella dag! FN-dagen firas till minne av att FN-stadgan tr\u00e4dde i kraft, efter att de fem permanenta medlemsstaterna i FN:s s\u00e4kerhetsr\u00e5d och en majoritet av medlemsstaterna hade ratificerade FN-stadgan. H\u00f6gtidsdagen instiftades f\u00f6r att fr\u00e4mja syftena, m\u00e5ls\u00e4ttningarna och resultaten som FN st\u00e5r f\u00f6r internationellt. FN-dagen har firats sedan 1948.<\/p>\n<p>Under \u00e5rens g\u00e5ng har den uppm\u00e4rksammats av oss i f\u00f6reningen p\u00e5 olika s\u00e4tt, bland annat i samarbete med Dag Hammarskj\u00f6ldstiftelsen i J\u00f6nk\u00f6ping. Vi har tidigare firat FN-dagen genom f\u00f6rel\u00e4sningar p\u00e5 skolor, med att sprida FN-gl\u00e4dje p\u00e5 stan och uppm\u00e4rksammat v\u00e5ra olika kampanjer.<\/p>\n<h4>Marknader och p\u00e5 stan-evenemang<\/h4>\n<p>Ni kan se oss p\u00e5 marknader och andra evenemang runt om i J\u00f6nk\u00f6ping, d\u00e5 ett av v\u00e5ra m\u00e5l \u00e4r att synas s\u00e5 mycket som m\u00f6jligt och samtala med er J\u00f6nk\u00f6pingsbor. Kom g\u00e4rna fram och prata med oss om du har n\u00e5gra fr\u00e5gor!<\/p>\n<h4>Medlemsrekrytering<\/h4>\n<p>Att aktivt rekrytera medlemmar \u00e4r n\u00e5gonting som g\u00f6rs vid varje tillf\u00e4lle d\u00e5 vi \u00e4r ute p\u00e5 uppdrag. Styrelsen har som m\u00e5l att ha aktiva medlemmar och p\u00e5 s\u00e5 s\u00e4tt ha en stark och spritt intresse f\u00f6r FN:s olika verksamhetsomr\u00e5den.<\/p>\n<p><strong>Andra aktiviteter vi utf\u00f6r<\/strong> \u00e4r att vi samarbetar med skolor, bland annat med Per Brahegymnasiet som \u00e4r en FN-skola. Vi skramlar \u00e4ven b\u00f6ssa p\u00e5 stan f\u00f6r FN:s kampanjer, samverkar med lokala akt\u00f6rer och arrangerar olika typer av evenemang.<\/p>\n<p>Vill du l\u00e4sa v\u00e5r verksamhetsber\u00e4ttelse 2024 f\u00f6r att f\u00e5 en b\u00e4ttre inblick? Se: <a href=\"https:\/\/fn.se\/jonkoping\/wp-content\/uploads\/sites\/23\/2025\/02\/Verksamhetsberattelse-for-2024.pdf\">Verksamhetsbera\u0308ttelse fo\u0308r 2024<\/a><\/p>\n<h2>H\u00f6jdpunkter<\/h2>\n<p>\u00a0<\/p>\n\n\n<figure class=\"wp-block-image size-large is-resized\"><img loading=\"lazy\" decoding=\"async\" width=\"834\" height=\"1024\" src=\"https:\/\/fn.se\/jonkoping\/wp-content\/uploads\/sites\/23\/2025\/11\/IMG_6873-1-834x1024.jpeg\" alt=\"\" class=\"wp-image-275\" style=\"width:294px;height:auto\" srcset=\"https:\/\/fn.se\/jonkoping\/wp-content\/uploads\/sites\/23\/2025\/11\/IMG_6873-1-834x1024.jpeg 834w, https:\/\/fn.se\/jonkoping\/wp-content\/uploads\/sites\/23\/2025\/11\/IMG_6873-1-244x300.jpeg 244w, https:\/\/fn.se\/jonkoping\/wp-content\/uploads\/sites\/23\/2025\/11\/IMG_6873-1-768x942.jpeg 768w, https:\/\/fn.se\/jonkoping\/wp-content\/uploads\/sites\/23\/2025\/11\/IMG_6873-1-650x798.jpeg 650w, https:\/\/fn.se\/jonkoping\/wp-content\/uploads\/sites\/23\/2025\/11\/IMG_6873-1-1024x1257.jpeg 1024w, https:\/\/fn.se\/jonkoping\/wp-content\/uploads\/sites\/23\/2025\/11\/IMG_6873-1.jpeg 1206w\" sizes=\"auto, (max-width: 834px) 100vw, 834px\" \/><figcaption class=\"wp-element-caption\"><em>Ordf\u00f6rande Irene Remess och sekreterare Jakob Lundqvist p\u00e5 Per Brahegymnasiet (2025<\/em>).<\/figcaption><\/figure>\n\n\n\n<figure class=\"wp-block-image size-large is-resized\"><img loading=\"lazy\" decoding=\"async\" width=\"1018\" height=\"1024\" src=\"https:\/\/fn.se\/jonkoping\/wp-content\/uploads\/sites\/23\/2025\/11\/IMG_6871-1-1018x1024.jpeg\" alt=\"\" class=\"wp-image-276\" style=\"width:292px;height:auto\" srcset=\"https:\/\/fn.se\/jonkoping\/wp-content\/uploads\/sites\/23\/2025\/11\/IMG_6871-1-1018x1024.jpeg 1018w, https:\/\/fn.se\/jonkoping\/wp-content\/uploads\/sites\/23\/2025\/11\/IMG_6871-1-298x300.jpeg 298w, https:\/\/fn.se\/jonkoping\/wp-content\/uploads\/sites\/23\/2025\/11\/IMG_6871-1-150x150.jpeg 150w, https:\/\/fn.se\/jonkoping\/wp-content\/uploads\/sites\/23\/2025\/11\/IMG_6871-1-768x772.jpeg 768w, https:\/\/fn.se\/jonkoping\/wp-content\/uploads\/sites\/23\/2025\/11\/IMG_6871-1-650x654.jpeg 650w, https:\/\/fn.se\/jonkoping\/wp-content\/uploads\/sites\/23\/2025\/11\/IMG_6871-1-1024x1030.jpeg 1024w, https:\/\/fn.se\/jonkoping\/wp-content\/uploads\/sites\/23\/2025\/11\/IMG_6871-1.jpeg 1206w\" sizes=\"auto, (max-width: 1018px) 100vw, 1018px\" \/><figcaption class=\"wp-element-caption\"><em>Styrelsem\u00f6te med ledam\u00f6ter fr\u00e5n v\u00e4nster: Jennifer Zalem, Irene Remess, Jakob Lundqvist, Castiel Abakarov, Francesca Jabar, Elin Moberg (2025).<\/em><\/figcaption><\/figure>\n\n\n\n<figure class=\"wp-block-image size-large is-resized\"><img loading=\"lazy\" decoding=\"async\" width=\"928\" height=\"1342\" src=\"https:\/\/fn.se\/jonkoping\/wp-content\/uploads\/sites\/23\/2025\/11\/IMG_6878-1-edited.jpeg\" alt=\"\" class=\"wp-image-282\" style=\"width:285px;height:auto\" srcset=\"https:\/\/fn.se\/jonkoping\/wp-content\/uploads\/sites\/23\/2025\/11\/IMG_6878-1-edited.jpeg 928w, https:\/\/fn.se\/jonkoping\/wp-content\/uploads\/sites\/23\/2025\/11\/IMG_6878-1-edited-207x300.jpeg 207w, https:\/\/fn.se\/jonkoping\/wp-content\/uploads\/sites\/23\/2025\/11\/IMG_6878-1-edited-708x1024.jpeg 708w, https:\/\/fn.se\/jonkoping\/wp-content\/uploads\/sites\/23\/2025\/11\/IMG_6878-1-edited-768x1111.jpeg 768w, https:\/\/fn.se\/jonkoping\/wp-content\/uploads\/sites\/23\/2025\/11\/IMG_6878-1-edited-650x940.jpeg 650w\" sizes=\"auto, (max-width: 928px) 100vw, 928px\" \/><figcaption class=\"wp-element-caption\"><em>Styrelseledamot Jennifer Zalem och ordf\u00f6rande Irene Remess p\u00e5 GO J\u00f6nk\u00f6ping (2025).<\/em><\/figcaption><\/figure>\n\n\n\n<figure class=\"wp-block-image size-large is-resized\"><img loading=\"lazy\" decoding=\"async\" width=\"1024\" height=\"704\" src=\"https:\/\/fn.se\/jonkoping\/wp-content\/uploads\/sites\/23\/2025\/11\/IMG_6876-1024x704.jpeg\" alt=\"\" class=\"wp-image-277\" style=\"width:297px;height:auto\" srcset=\"https:\/\/fn.se\/jonkoping\/wp-content\/uploads\/sites\/23\/2025\/11\/IMG_6876-1024x704.jpeg 1024w, https:\/\/fn.se\/jonkoping\/wp-content\/uploads\/sites\/23\/2025\/11\/IMG_6876-300x206.jpeg 300w, https:\/\/fn.se\/jonkoping\/wp-content\/uploads\/sites\/23\/2025\/11\/IMG_6876-768x528.jpeg 768w, https:\/\/fn.se\/jonkoping\/wp-content\/uploads\/sites\/23\/2025\/11\/IMG_6876-650x447.jpeg 650w, https:\/\/fn.se\/jonkoping\/wp-content\/uploads\/sites\/23\/2025\/11\/IMG_6876.jpeg 1042w\" sizes=\"auto, (max-width: 1024px) 100vw, 1024px\" \/><figcaption class=\"wp-element-caption\"><em>Till h\u00f6ger: Kass\u00f6r Sandra Kvist g\u00e4star Radio K med f\u00f6rm\u00e5n till Musikhj\u00e4lpen f\u00f6r temat &#8221;Alla har r\u00e4tt att \u00f6verleva sin graviditet&#8221; (2024).<\/em><\/figcaption><\/figure>\n\n\n\n<figure class=\"wp-block-image size-large is-resized\"><img loading=\"lazy\" decoding=\"async\" width=\"848\" height=\"1024\" src=\"https:\/\/fn.se\/jonkoping\/wp-content\/uploads\/sites\/23\/2025\/11\/IMG_6874-848x1024.jpeg\" alt=\"\" class=\"wp-image-278\" style=\"width:298px;height:auto\" srcset=\"https:\/\/fn.se\/jonkoping\/wp-content\/uploads\/sites\/23\/2025\/11\/IMG_6874-848x1024.jpeg 848w, https:\/\/fn.se\/jonkoping\/wp-content\/uploads\/sites\/23\/2025\/11\/IMG_6874-248x300.jpeg 248w, https:\/\/fn.se\/jonkoping\/wp-content\/uploads\/sites\/23\/2025\/11\/IMG_6874-768x928.jpeg 768w, https:\/\/fn.se\/jonkoping\/wp-content\/uploads\/sites\/23\/2025\/11\/IMG_6874-650x785.jpeg 650w, https:\/\/fn.se\/jonkoping\/wp-content\/uploads\/sites\/23\/2025\/11\/IMG_6874-1024x1237.jpeg 1024w, https:\/\/fn.se\/jonkoping\/wp-content\/uploads\/sites\/23\/2025\/11\/IMG_6874.jpeg 1206w\" sizes=\"auto, (max-width: 848px) 100vw, 848px\" \/><\/figure>\n\n\n\n<p><em>Agenda 2030-ansvarig Fransesca Jabar, och styrelsesuppleant Neva Nur Durmaz \u00c7eren\u00e7e p\u00e5 Birkag\u00e5rden Folkets Hus firande av den internationella kvinnodagen (2025).<\/em><\/p>\n\n\n\n<figure class=\"wp-block-image size-large is-resized\"><img loading=\"lazy\" decoding=\"async\" width=\"911\" height=\"1024\" src=\"https:\/\/fn.se\/jonkoping\/wp-content\/uploads\/sites\/23\/2025\/11\/unnamed-1-911x1024.jpg\" alt=\"\" class=\"wp-image-279\" style=\"width:300px;height:auto\" srcset=\"https:\/\/fn.se\/jonkoping\/wp-content\/uploads\/sites\/23\/2025\/11\/unnamed-1-911x1024.jpg 911w, https:\/\/fn.se\/jonkoping\/wp-content\/uploads\/sites\/23\/2025\/11\/unnamed-1-267x300.jpg 267w, https:\/\/fn.se\/jonkoping\/wp-content\/uploads\/sites\/23\/2025\/11\/unnamed-1-768x864.jpg 768w, https:\/\/fn.se\/jonkoping\/wp-content\/uploads\/sites\/23\/2025\/11\/unnamed-1-650x731.jpg 650w, https:\/\/fn.se\/jonkoping\/wp-content\/uploads\/sites\/23\/2025\/11\/unnamed-1-1024x1151.jpg 1024w, https:\/\/fn.se\/jonkoping\/wp-content\/uploads\/sites\/23\/2025\/11\/unnamed-1.jpg 1206w\" sizes=\"auto, (max-width: 911px) 100vw, 911px\" \/><figcaption class=\"wp-element-caption\"><em>Sekreterare Jakob Lundqvist p\u00e5 \u00d6xnehagadagen (2025).<\/em><\/figcaption><\/figure>\n\n\n\n<p><\/p>\n","protected":false},"excerpt":{"rendered":"<p>Aktiviteter Vi uppm\u00e4rksammar internationella dagar! Varje m\u00e5nad, n\u00e4stan varje dag, firas runt om i v\u00e4rlden internationella dagar. Initiativet kommer fr\u00e5n&hellip;<\/p>\n","protected":false},"author":1,"featured_media":0,"parent":0,"menu_order":0,"comment_status":"closed","ping_status":"closed","template":"","meta":{"_acf_changed":false,"footnotes":"","_links_to":"","_links_to_target":""},"class_list":["post-12","page","type-page","status-publish","hentry"],"acf":[],"_links":{"self":[{"href":"https:\/\/fn.se\/jonkoping\/wp-json\/wp\/v2\/pages\/12","targetHints":{"allow":["GET"]}}],"collection":[{"href":"https:\/\/fn.se\/jonkoping\/wp-json\/wp\/v2\/pages"}],"about":[{"href":"https:\/\/fn.se\/jonkoping\/wp-json\/wp\/v2\/types\/page"}],"author":[{"embeddable":true,"href":"https:\/\/fn.se\/jonkoping\/wp-json\/wp\/v2\/users\/1"}],"replies":[{"embeddable":true,"href":"https:\/\/fn.se\/jonkoping\/wp-json\/wp\/v2\/comments?post=12"}],"version-history":[{"count":23,"href":"https:\/\/fn.se\/jonkoping\/wp-json\/wp\/v2\/pages\/12\/revisions"}],"predecessor-version":[{"id":284,"href":"https:\/\/fn.se\/jonkoping\/wp-json\/wp\/v2\/pages\/12\/revisions\/284"}],"wp:attachment":[{"href":"https:\/\/fn.se\/jonkoping\/wp-json\/wp\/v2\/media?parent=12"}],"curies":[{"name":"wp","href":"https:\/\/api.w.org\/{rel}","templated":true}]}}