{"id":103,"date":"2018-09-13T17:42:40","date_gmt":"2018-09-13T17:42:40","guid":{"rendered":"https:\/\/fn.se\/jonkoping\/?page_id=103"},"modified":"2025-10-19T12:19:30","modified_gmt":"2025-10-19T12:19:30","slug":"kommande-evenemang","status":"publish","type":"page","link":"https:\/\/fn.se\/jonkoping\/kommande-evenemang\/","title":{"rendered":"Aktuellt"},"content":{"rendered":"<h2>Evenemang 2025<\/h2>\n<h4>Februari<\/h4>\n<p><strong>9 februari: <\/strong>\u00c5rsm\u00f6te. Tid: 16:00. Plats: ABF J\u00f6nk\u00f6pings l\u00e4n, V\u00e4stra Storgatan 12 J\u00f6nk\u00f6ping.<\/p>\n<h4>Mars<\/h4>\n<p><strong>7 mars: <\/strong>Uppm\u00e4rksammande av internationella kvinnodagen p\u00e5 Birkag\u00e5rdens Folkets Hus. Tid: 18:00-20:30. Plats: Birkag\u00e5rdens Folkets Hus, \u00d6ster\u00e4ngen, Birkagatan 12B, 554 65 J\u00f6nk\u00f6ping.<\/p>\n<h4>Maj<\/h4>\n<p><strong>10 maj:<\/strong> F\u00f6reningen medverkar p\u00e5 Citydagen och bjuder in till samtal. Tid: 11:00-15:00. Plats: K\u00e5lg\u00e5rden, V\u00e4stra Holmgatan 14, 553 23 J\u00f6nk\u00f6ping.<\/p>\n<p><strong>17 maj: <\/strong>F\u00f6reningen medverkar p\u00e5 \u00d6xnehagadagen och bjuder in till samtal. Tid: 11:00-14:00. Plats: \u00d6xnehaga Centrum.<\/p>\n<p><strong>31 maj: <\/strong>F\u00f6reningen st\u00e4ller ut p\u00e5 GO J\u00f6nk\u00f6ping d\u00e4r ideella f\u00f6reningar, organisationer och andra sammanslutningar st\u00e5r i fokus. Tid: 10:00-16:00. Plats: R\u00e5dhusparken.<\/p>\n<h4>September<\/h4>\n<p><strong>20 september<\/strong>: F\u00f6reningen medarrangerar och deltar i manifestation f\u00f6r att visa solidaritet med befolkningen i Gaza. Tid: 13:00. Plats: Hoppets Torg.<\/p>\n<h4>Oktober<\/h4>\n<p><strong>22 oktober<\/strong>: F\u00f6reningen bjuder in medlemmar och allm\u00e4nhet till att medverkar p\u00e5 Dag Hammarskj\u00f6ldstiftelsens firande av FN-dagen. Tid: 18:00 Plats: J\u00f6nk\u00f6pings stadsbibliotek, Biograf Fokus. Adress: Dag Hammarskj\u00f6lds plats 1, 551 11, J\u00f6nk\u00f6ping.<\/p>\n\n\n<p><\/p>\n","protected":false},"excerpt":{"rendered":"<p>Evenemang 2025 Februari 9 februari: \u00c5rsm\u00f6te. Tid: 16:00. Plats: ABF J\u00f6nk\u00f6pings l\u00e4n, V\u00e4stra Storgatan 12 J\u00f6nk\u00f6ping. Mars 7 mars: Uppm\u00e4rksammande&hellip;<\/p>\n","protected":false},"author":43,"featured_media":0,"parent":0,"menu_order":0,"comment_status":"closed","ping_status":"closed","template":"","meta":{"_acf_changed":false,"footnotes":"","_links_to":"","_links_to_target":""},"class_list":["post-103","page","type-page","status-publish","hentry"],"acf":[],"_links":{"self":[{"href":"https:\/\/fn.se\/jonkoping\/wp-json\/wp\/v2\/pages\/103","targetHints":{"allow":["GET"]}}],"collection":[{"href":"https:\/\/fn.se\/jonkoping\/wp-json\/wp\/v2\/pages"}],"about":[{"href":"https:\/\/fn.se\/jonkoping\/wp-json\/wp\/v2\/types\/page"}],"author":[{"embeddable":true,"href":"https:\/\/fn.se\/jonkoping\/wp-json\/wp\/v2\/users\/43"}],"replies":[{"embeddable":true,"href":"https:\/\/fn.se\/jonkoping\/wp-json\/wp\/v2\/comments?post=103"}],"version-history":[{"count":26,"href":"https:\/\/fn.se\/jonkoping\/wp-json\/wp\/v2\/pages\/103\/revisions"}],"predecessor-version":[{"id":257,"href":"https:\/\/fn.se\/jonkoping\/wp-json\/wp\/v2\/pages\/103\/revisions\/257"}],"wp:attachment":[{"href":"https:\/\/fn.se\/jonkoping\/wp-json\/wp\/v2\/media?parent=103"}],"curies":[{"name":"wp","href":"https:\/\/api.w.org\/{rel}","templated":true}]}}