{"id":891,"date":"2020-10-09T06:43:28","date_gmt":"2020-10-09T06:43:28","guid":{"rendered":"https:\/\/fn.se\/intebarasnack\/?page_id=891"},"modified":"2021-01-22T08:46:28","modified_gmt":"2021-01-22T08:46:28","slug":"vara-intebarasnack-coacher","status":"publish","type":"page","link":"https:\/\/fn.se\/intebarasnack\/ny-startsida\/engagera-dig\/en-intebarasnack-coach-kontaktar-er\/vara-intebarasnack-coacher\/","title":{"rendered":"V\u00e5ra #intebarasnack-coacher"},"content":{"rendered":"\n<p>Vi \u00e4r stolta \u00f6ver att just de h\u00e4r personerna vill hj\u00e4lpa Sverige n\u00e5 Globala m\u00e5len. De utbildade av FN-f\u00f6rbundet speciellt f\u00f6r det h\u00e4r initiativet. De ska st\u00f6tta och hj\u00e4lpa de lokala team som genom sitt engagemang genomf\u00f6r v\u00e5r aktion #intebrasnack. N\u00e4r du gjort din <a href=\"https:\/\/fn.se\/intebarasnack\/ny-startsida\/kit-sida\/borja-med-att-anmala-er\/\" data-type=\"page\" data-id=\"875\">anm\u00e4lan<\/a> kommer en coach att kontakta dig. <\/p>\n\n\n\n<div class=\"wp-block-columns is-layout-flex wp-container-core-columns-is-layout-9d6595d7 wp-block-columns-is-layout-flex\">\n<div class=\"wp-block-column is-layout-flow wp-block-column-is-layout-flow\">\n<p><\/p>\n<\/div>\n<\/div>\n\n\n\n<figure class=\"wp-block-gallery columns-3 is-cropped\"><li class=\"blocks-gallery-item\"><figure><img decoding=\"async\" src=\"\/\/fn.se\/intebarasnack\/wp-content\/uploads\/sites\/130\/2020\/10\/Anita_Oberbasic-scaled.jpg\" alt=\"\" data-id=\"1151\" data-full-url=\"https:\/\/fn.se\/intebarasnack\/wp-content\/uploads\/sites\/130\/2020\/10\/Anita_Oberbasic-scaled.jpg\" data-link=\"https:\/\/fn.se\/intebarasnack\/vara-intebarasnack-coacher\/anita_oberbasic\/\" class=\"wp-image-1151\"><figcaption style=\"font-size: 10px\" class=\"blocks-gallery-item__caption\"><br><strong>Anita Omerbasic<\/strong> <br>Masterstudent p\u00e5 F\u00f6rsvarsh\u00f6gskolan i Statsvetenskap med inriktning krishantering och s\u00e4kerhet, Stockholm<\/figcaption><\/figure><\/li><li class=\"blocks-gallery-item\"><figure><img decoding=\"async\" src=\"https:\/\/fn.se\/intebarasnack\/wp-content\/uploads\/sites\/130\/2020\/10\/CarolinPersson.jpg\" alt=\"\" data-id=\"1152\" data-full-url=\"https:\/\/fn.se\/intebarasnack\/wp-content\/uploads\/sites\/130\/2020\/10\/CarolinPersson.jpg\" data-link=\"https:\/\/fn.se\/intebarasnack\/wp-content\/uploads\/sites\/130\/2020\/10\/CarolinPersson.jpg\" class=\"wp-image-1152\"><figcaption style=\"font-size: 10px\" class=\"blocks-gallery-item__caption\"><strong>Caroline Persson<\/strong><br>Studerar statsvetenskap p\u00e5 G\u00f6teborgs universitet och franska, Kung\u00e4lv<\/figcaption><\/figure><\/li><li class=\"blocks-gallery-item\"><figure><img decoding=\"async\" src=\"https:\/\/fn.se\/intebarasnack\/wp-content\/uploads\/sites\/130\/2020\/10\/CharlottaJohansson.jpg\" alt=\"\" data-id=\"1153\" data-full-url=\"https:\/\/fn.se\/intebarasnack\/wp-content\/uploads\/sites\/130\/2020\/10\/CharlottaJohansson.jpg\" data-link=\"https:\/\/fn.se\/intebarasnack\/wp-content\/uploads\/sites\/130\/2020\/10\/CharlottaJohansson.jpg\" class=\"wp-image-1153\"><figcaption style=\"font-size: 10px\" class=\"blocks-gallery-item__caption\"><strong>Charlotta Johansson<\/strong><br>Studerar Freds- och konfliktvetenskap, Lund \n<br><\/figcaption><\/figure><\/li><li class=\"blocks-gallery-item\"><figure><img decoding=\"async\" src=\"https:\/\/fn.se\/intebarasnack\/wp-content\/uploads\/sites\/130\/2020\/10\/ClaraFroman-scaled.jpg\" alt=\"\" data-id=\"1155\" data-full-url=\"https:\/\/fn.se\/intebarasnack\/wp-content\/uploads\/sites\/130\/2020\/10\/ClaraFroman-scaled.jpg\" data-link=\"https:\/\/fn.se\/intebarasnack\/vara-intebarasnack-coacher\/6271241c-7093-4120-bfe8-45b612866c7d\/\" class=\"wp-image-1155\"><figcaption style=\"font-size: 10px\" class=\"blocks-gallery-item__caption\"><strong>Clara Fr\u00f6man<\/strong><br>Studerar Sociologiprogrammet, Lund. <\/figcaption><\/figure><\/li><li class=\"blocks-gallery-item\"><figure><img decoding=\"async\" src=\"https:\/\/fn.se\/intebarasnack\/wp-content\/uploads\/sites\/130\/2020\/10\/FeliciaSandin.jpg\" alt=\"\" data-id=\"1156\" data-full-url=\"https:\/\/fn.se\/intebarasnack\/wp-content\/uploads\/sites\/130\/2020\/10\/FeliciaSandin.jpg\" data-link=\"https:\/\/fn.se\/intebarasnack\/wp-content\/uploads\/sites\/130\/2020\/10\/FeliciaSandin.jpg\" class=\"wp-image-1156\"><figcaption style=\"font-size: 10px\" class=\"blocks-gallery-item__caption\"><strong>Felicia Sandin<\/strong><br>Tar en kandidat i statsvetenskap, Ume\u00e5.<\/figcaption><\/figure><\/li><li class=\"blocks-gallery-item\">\n\t\t\n\t\t<figure><img loading=\"lazy\" decoding=\"async\" width=\"768\" height=\"1024\" src=\"https:\/\/fn.se\/intebarasnack\/wp-content\/uploads\/sites\/130\/2020\/10\/Ska\u0308rmavbild-2020-10-19-kl.-15.00.04-768x1024.png\" alt=\"\" data-id=\"1158\" data-full-url=\"https:\/\/fn.se\/intebarasnack\/wp-content\/uploads\/sites\/130\/2020\/10\/Ska\u0308rmavbild-2020-10-19-kl.-15.00.04.png\" data-link=\"https:\/\/fn.se\/intebarasnack\/vara-intebarasnack-coacher\/ska%cc%88rmavbild-2020-10-19-kl-15-00-04\/\" class=\"wp-image-1158\" srcset=\"https:\/\/fn.se\/intebarasnack\/wp-content\/uploads\/sites\/130\/2020\/10\/Ska\u0308rmavbild-2020-10-19-kl.-15.00.04-768x1024.png 768w, https:\/\/fn.se\/intebarasnack\/wp-content\/uploads\/sites\/130\/2020\/10\/Ska\u0308rmavbild-2020-10-19-kl.-15.00.04-225x300.png 225w, https:\/\/fn.se\/intebarasnack\/wp-content\/uploads\/sites\/130\/2020\/10\/Ska\u0308rmavbild-2020-10-19-kl.-15.00.04.png 1090w\" sizes=\"auto, (max-width: 768px) 100vw, 768px\" \/><figcaption style=\"font-size: 10px\" class=\"blocks-gallery-item__caption\">\n\t\t\n\t\t<strong>Felicia Schillstr\u00f6m<\/strong><br>Nyexaminerad i Statsvetenskap och Internationella Relationer, Stockholm<\/figcaption><\/figure><\/li>\n\n<li class=\"blocks-gallery-item\"><figure><img decoding=\"async\" src=\"https:\/\/fn.se\/intebarasnack\/wp-content\/uploads\/sites\/130\/2020\/10\/HamzaAAbdi.jpg\" alt=\"\" data-id=\"1176\" data-full-url=\"https:\/\/fn.se\/intebarasnack\/wp-content\/uploads\/sites\/130\/2020\/10\/HamzaAAbdi.jpg\" data-link=\"https:\/\/fn.se\/intebarasnack\/wp-content\/uploads\/sites\/130\/2020\/10\/HamzaAAbdi.jpg\" class=\"wp-image-1176\"><figcaption style=\"font-size: 10px\" class=\"blocks-gallery-item__caption\"><strong>Hamza A, Abdi<\/strong> <br>Nyligen tagit studenten, Uddevalla.\n\t\t\t\n\t\t\t<\/figcaption><\/figure><\/li>\n\t\t\n\t\t<li class=\"blocks-gallery-item\"><figure><img decoding=\"async\" src=\"https:\/\/fn.se\/intebarasnack\/wp-content\/uploads\/sites\/130\/2020\/10\/Jessica-Brunnberg-1.jpg\" alt=\"\" data-id=\"1176\" data-full-url=\"https:\/\/fn.se\/intebarasnack\/wp-content\/uploads\/sites\/130\/2020\/10\/Jessica-Brunnberg-1.jpg\" data-link=\"https:\/\/fn.se\/intebarasnack\/wp-content\/uploads\/sites\/130\/2020\/10\/Jessica-Brunnberg-1.jpg\" class=\"wp-image-1176\"><figcaption style=\"font-size: 10px\" class=\"blocks-gallery-item__caption\"><strong>Jessica Brunnberg<\/strong> <br>Studerar masterprogram i environmental social science, Stockholm.\n\t\t\t\n\t\t\t<\/figcaption><\/figure><\/li>\n\t\t\n\t\t<li class=\"blocks-gallery-item\"><figure><img decoding=\"async\" src=\"https:\/\/fn.se\/intebarasnack\/wp-content\/uploads\/sites\/130\/2020\/10\/JuliaLandin-scaled.jpg\" alt=\"\" data-id=\"1177\" data-full-url=\"https:\/\/fn.se\/intebarasnack\/wp-content\/uploads\/sites\/130\/2020\/10\/JuliaLandin-scaled.jpg\" data-link=\"https:\/\/fn.se\/intebarasnack\/wp-content\/uploads\/sites\/130\/2020\/10\/JuliaLandin-scaled.jpg\" class=\"wp-image-1177\"><figcaption style=\"font-size: 10px\" class=\"blocks-gallery-item__caption\"><strong>Julia Lundin <\/strong><br>N\u00e4mndsekreterare och studerar en master i m\u00e4nskliga r\u00e4ttigheter, Uppsala<\/figcaption><\/figure><\/li><li class=\"blocks-gallery-item\"><figure><img decoding=\"async\" src=\"https:\/\/fn.se\/intebarasnack\/wp-content\/uploads\/sites\/130\/2020\/10\/KarolinKuhn-scaled.jpg\" alt=\"\" data-id=\"1179\" data-full-url=\"https:\/\/fn.se\/intebarasnack\/wp-content\/uploads\/sites\/130\/2020\/10\/KarolinKuhn-scaled.jpg\" data-link=\"https:\/\/fn.se\/intebarasnack\/wp-content\/uploads\/sites\/130\/2020\/10\/KarolinKuhn-scaled.jpg\" class=\"wp-image-1179\"><figcaption style=\"font-size: 10px\" class=\"blocks-gallery-item__caption\"><br><strong>Karolin K\u00fchn<\/strong><br>Jurist p\u00e5 Konsumentverket, Karlstad<\/figcaption><\/figure><\/li><li class=\"blocks-gallery-item\"><figure><img decoding=\"async\" src=\"https:\/\/fn.se\/intebarasnack\/wp-content\/uploads\/sites\/130\/2020\/10\/LeijaBasic.jpg\" alt=\"\" data-id=\"1181\" data-full-url=\"https:\/\/fn.se\/intebarasnack\/wp-content\/uploads\/sites\/130\/2020\/10\/LeijaBasic.jpg\" data-link=\"https:\/\/fn.se\/intebarasnack\/wp-content\/uploads\/sites\/130\/2020\/10\/LeijaBasic.jpg\" class=\"wp-image-1181\"><figcaption style=\"font-size: 10px\" class=\"blocks-gallery-item__caption\">Lejla Basic<br>Gymnasiel\u00e4rare i engelska, religion och psykologi. G\u00e4vle. <\/figcaption><\/figure><\/li><li class=\"blocks-gallery-item\"><figure><img decoding=\"async\" src=\"https:\/\/fn.se\/intebarasnack\/wp-content\/uploads\/sites\/130\/2020\/10\/MadeleineSkoglosa.jpg\" alt=\"\" data-id=\"1182\" data-full-url=\"https:\/\/fn.se\/intebarasnack\/wp-content\/uploads\/sites\/130\/2020\/10\/MadeleineSkoglosa.jpg\" data-link=\"https:\/\/fn.se\/intebarasnack\/vara-intebarasnack-coacher\/img_0349\/\" class=\"wp-image-1182\"><figcaption style=\"font-size: 10px\" class=\"blocks-gallery-item__caption\"><br><strong>Madeleine Skogl\u00f6sa<\/strong><br>Studerar internationella relationer. G\u00f6teborg.<\/figcaption><\/figure><\/li><li class=\"blocks-gallery-item\"><figure><img decoding=\"async\" src=\"https:\/\/fn.se\/intebarasnack\/wp-content\/uploads\/sites\/130\/2020\/10\/MariaMalki.jpeg\" alt=\"\" data-id=\"1183\" data-full-url=\"https:\/\/fn.se\/intebarasnack\/wp-content\/uploads\/sites\/130\/2020\/10\/MariaMalki.jpeg\" data-link=\"https:\/\/fn.se\/intebarasnack\/vara-intebarasnack-coacher\/mariamalki\/\" class=\"wp-image-1183\"><figcaption style=\"font-size: 10px\" class=\"blocks-gallery-item__caption\"><br> <strong>Maria Malki<\/strong><br>Studerar arbetsintegrerade politiska studier, G\u00f6teborg <\/figcaption><\/figure><\/li><li class=\"blocks-gallery-item\"><figure><img decoding=\"async\" src=\"https:\/\/fn.se\/intebarasnack\/wp-content\/uploads\/sites\/130\/2020\/10\/MarkusKarlen.jpg\" alt=\"\" data-id=\"1184\" data-full-url=\"https:\/\/fn.se\/intebarasnack\/wp-content\/uploads\/sites\/130\/2020\/10\/MarkusKarlen.jpg\" data-link=\"https:\/\/fn.se\/intebarasnack\/vara-intebarasnack-coacher\/profilbildexpen\/\" class=\"wp-image-1184\"><figcaption style=\"font-size: 10px\" class=\"blocks-gallery-item__caption\"><strong>Marcus Karl\u00e9n<\/strong><br>Studerar masterprogrammet i m\u00e4nskliga r\u00e4ttigheter, Uppsala. <\/figcaption><\/figure><\/li><li class=\"blocks-gallery-item\"><figure><img decoding=\"async\" src=\"https:\/\/fn.se\/intebarasnack\/wp-content\/uploads\/sites\/130\/2020\/10\/Nadia.png\" alt=\"\" data-id=\"1185\" data-full-url=\"https:\/\/fn.se\/intebarasnack\/wp-content\/uploads\/sites\/130\/2020\/10\/Nadia.png\" data-link=\"https:\/\/fn.se\/intebarasnack\/wp-content\/uploads\/sites\/130\/2020\/10\/Nadia.png\" class=\"wp-image-1185\"><figcaption style=\"font-size: 10px\" class=\"blocks-gallery-item__caption\"><strong>Nadia Hellgren<\/strong><br>Kundr\u00e5dgivare p\u00e5 bank, Pite\u00e5<\/figcaption><\/figure><\/li><li class=\"blocks-gallery-item\"><figure><img loading=\"lazy\" decoding=\"async\" width=\"560\" height=\"630\" src=\"https:\/\/fn.se\/intebarasnack\/wp-content\/uploads\/sites\/130\/2020\/10\/Oscar.png\" alt=\"\" data-id=\"1187\" data-full-url=\"https:\/\/fn.se\/intebarasnack\/wp-content\/uploads\/sites\/130\/2020\/10\/Oscar.png\" data-link=\"https:\/\/fn.se\/intebarasnack\/vara-intebarasnack-coacher\/oscar\/\" class=\"wp-image-1187\" srcset=\"https:\/\/fn.se\/intebarasnack\/wp-content\/uploads\/sites\/130\/2020\/10\/Oscar.png 560w, https:\/\/fn.se\/intebarasnack\/wp-content\/uploads\/sites\/130\/2020\/10\/Oscar-267x300.png 267w\" sizes=\"auto, (max-width: 560px) 100vw, 560px\" \/><figcaption style=\"font-size: 10px\" class=\"blocks-gallery-item__caption\"><strong>Oscar Rosengren<\/strong><br>Studerar statsvetenskap, Stockholm<\/figcaption><\/figure><\/li><li class=\"blocks-gallery-item\"><figure><img decoding=\"async\" src=\"https:\/\/fn.se\/intebarasnack\/wp-content\/uploads\/sites\/130\/2020\/10\/PontusTegstrom.jpg\" alt=\"\" data-id=\"1188\" data-full-url=\"https:\/\/fn.se\/intebarasnack\/wp-content\/uploads\/sites\/130\/2020\/10\/PontusTegstrom.jpg\" data-link=\"https:\/\/fn.se\/intebarasnack\/vara-intebarasnack-coacher\/bild1\/\" class=\"wp-image-1188\"><figcaption style=\"font-size: 10px\" class=\"blocks-gallery-item__caption\"><strong>Pontus Tegstr\u00f6m<\/strong><br>\u00c5re riksidrottsgymnasium, kombinerat med en alpin elitsatsning. \u00c5re<\/figcaption><\/figure><\/li><li class=\"blocks-gallery-item\"><figure><img decoding=\"async\" src=\"https:\/\/fn.se\/intebarasnack\/wp-content\/uploads\/sites\/130\/2020\/10\/SamuelMolin.jpg\" alt=\"\" data-id=\"1189\" data-full-url=\"https:\/\/fn.se\/intebarasnack\/wp-content\/uploads\/sites\/130\/2020\/10\/SamuelMolin.jpg\" data-link=\"https:\/\/fn.se\/intebarasnack\/vara-intebarasnack-coacher\/samuelmolinbild\/\" class=\"wp-image-1189\"><figcaption style=\"font-size: 10px\" class=\"blocks-gallery-item__caption\"><strong>Samuel Molin<\/strong><br>Studerar till civilingenj\u00f6r i industriell teknik &amp; h\u00e5llbarhet. Stockholm<\/figcaption><\/figure><\/li>\n\n\n<li class=\"blocks-gallery-item\"><figure><img decoding=\"async\" src=\"https:\/\/fn.se\/intebarasnack\/wp-content\/uploads\/sites\/130\/2020\/10\/Sarah-Daleke.jpg\" alt=\"\" data-id=\"1190\" data-full-url=\"https:\/\/fn.se\/intebarasnack\/wp-content\/uploads\/sites\/130\/2020\/10\/Sarah-Daleke.jpg\" data-link=\"https:\/\/fn.se\/intebarasnack\/vara-intebarasnack-coacher\/sarah-daleke-fn-coach\/\" class=\"wp-image-1190\"><figcaption style=\"font-size: 10px\" class=\"blocks-gallery-item__caption\"><strong>Sarah Daleke<\/strong><br>F\u00f6rel\u00e4sare inom h\u00e5llbar utveckling och frilansjournalist. Karlstad<\/figcaption><\/figure><\/li>\n\n<li class=\"blocks-gallery-item\"><figure><img decoding=\"async\" src=\"https:\/\/fn.se\/intebarasnack\/wp-content\/uploads\/sites\/130\/2020\/10\/whitespace.jpg\" alt=\"\" data-id=\"1189\" data-full-url=\"https:\/\/fn.se\/intebarasnack\/wp-content\/uploads\/sites\/130\/2020\/10\/SamuelMolin.jpg\" data-link=\"https:\/\/fn.se\/intebarasnack\/vara-intebarasnack-coacher\/samuelmolinbild\/\" class=\"wp-image-1189\"><figcaption style=\"font-size: 10px;background:none\" class=\"blocks-gallery-item__caption\"><strong>Samuel Molin<\/strong><br>Studerar till civilingenj\u00f6r i industriell teknik &amp; h\u00e5llbarhet. Stockholm<\/figcaption><\/figure><\/li>\n\n\n<li class=\"blocks-gallery-item\"><figure><img decoding=\"async\" src=\"https:\/\/fn.se\/intebarasnack\/wp-content\/uploads\/sites\/130\/2020\/10\/whitespace.jpg\" alt=\"\" data-id=\"1189\" data-full-url=\"https:\/\/fn.se\/intebarasnack\/wp-content\/uploads\/sites\/130\/2020\/10\/SamuelMolin.jpg\" data-link=\"https:\/\/fn.se\/intebarasnack\/vara-intebarasnack-coacher\/samuelmolinbild\/\" class=\"wp-image-1189\"><figcaption style=\"font-size: 10px;background:none\" class=\"blocks-gallery-item__caption\"><strong>Samuel Molin<\/strong><br>Studerar till civilingenj\u00f6r i industriell teknik &amp; h\u00e5llbarhet. Stockholm<\/figcaption><\/figure><\/li>\n\n<\/figure>\n","protected":false},"excerpt":{"rendered":"<p>Vi \u00e4r stolta \u00f6ver att just de h\u00e4r personerna vill hj\u00e4lpa Sverige n\u00e5 Globala m\u00e5len. De utbildade av FN-f\u00f6rbundet speciellt f\u00f6r det h\u00e4r initiativet. De ska st\u00f6tta och hj\u00e4lpa de lokala team som genom sitt engagemang genomf\u00f6r v\u00e5r aktion #intebrasnack. N\u00e4r du gjort din anm\u00e4lan kommer en coach att kontakta dig. Anita Omerbasic Masterstudent p\u00e5 [&hellip;]<\/p>\n","protected":false},"author":224,"featured_media":0,"parent":877,"menu_order":0,"comment_status":"closed","ping_status":"closed","template":"","meta":{"_acf_changed":false,"footnotes":"","_links_to":"","_links_to_target":""},"class_list":["post-891","page","type-page","status-publish","hentry"],"acf":[],"_links":{"self":[{"href":"https:\/\/fn.se\/intebarasnack\/wp-json\/wp\/v2\/pages\/891","targetHints":{"allow":["GET"]}}],"collection":[{"href":"https:\/\/fn.se\/intebarasnack\/wp-json\/wp\/v2\/pages"}],"about":[{"href":"https:\/\/fn.se\/intebarasnack\/wp-json\/wp\/v2\/types\/page"}],"author":[{"embeddable":true,"href":"https:\/\/fn.se\/intebarasnack\/wp-json\/wp\/v2\/users\/224"}],"replies":[{"embeddable":true,"href":"https:\/\/fn.se\/intebarasnack\/wp-json\/wp\/v2\/comments?post=891"}],"version-history":[{"count":74,"href":"https:\/\/fn.se\/intebarasnack\/wp-json\/wp\/v2\/pages\/891\/revisions"}],"predecessor-version":[{"id":1308,"href":"https:\/\/fn.se\/intebarasnack\/wp-json\/wp\/v2\/pages\/891\/revisions\/1308"}],"up":[{"embeddable":true,"href":"https:\/\/fn.se\/intebarasnack\/wp-json\/wp\/v2\/pages\/877"}],"wp:attachment":[{"href":"https:\/\/fn.se\/intebarasnack\/wp-json\/wp\/v2\/media?parent=891"}],"curies":[{"name":"wp","href":"https:\/\/api.w.org\/{rel}","templated":true}]}}