{"id":879,"date":"2020-10-09T05:32:40","date_gmt":"2020-10-09T05:32:40","guid":{"rendered":"https:\/\/fn.se\/intebarasnack\/?page_id=879"},"modified":"2020-10-22T14:20:07","modified_gmt":"2020-10-22T14:20:07","slug":"satt-igang","status":"publish","type":"page","link":"https:\/\/fn.se\/intebarasnack\/ny-startsida\/engagera-dig\/satt-igang\/","title":{"rendered":"S\u00e4tt ig\u00e5ng"},"content":{"rendered":"\n<p>En bra b\u00f6rjan \u00e4r att samla gruppen och g\u00f6ra upp en plan och att-g\u00f6ra-lista. S\u00e5d\u00e4rja, ert f\u00f6rsta m\u00f6te och nu \u00e4r ni officiellt i g\u00e5ng. H\u00e4rligt!<\/p>\n\n\n\n<p>Er coach kan hj\u00e4lpa till att prioritera vad ni ska g\u00f6ra, s\u00e5 att ni hinner med skola, tr\u00e4ning, jobb och annat som tiden ska r\u00e4cka till. Hen kan ocks\u00e5 ge r\u00e5d om organisationer, personer och f\u00f6retag som kan hj\u00e4lpa er att genomf\u00f6ra ert initiativ.<\/p>\n\n\n\n<p>Se till att f\u00e5 med coachen p\u00e5 era f\u00f6rsta m\u00f6ten, s\u00e5 kommer ni lyckas b\u00e4ttre och snabbare!<\/p>\n\n\n\n<p><a href=\"https:\/\/fn.se\/intebarasnack\/faq\/\" data-type=\"page\" data-id=\"888\">H\u00e4r har vi samlat n\u00e5gra av de vanligaste fr\u00e5gorna och tips om resurser.<\/a><\/p>\n\n\n\n<p><\/p>\n\n\n\n<ol style=\"font-size:20px\"><li><a href=\"https:\/\/fn.se\/intebarasnack\/borja-med-att-anmala-er\/\" data-type=\"page\" data-id=\"875\">Anm\u00e4lan &gt; <\/a><a href=\"https:\/\/fn.se\/intebarasnack\/en-intebarasnack-coach-kontaktar-er\/\" data-type=\"page\" data-id=\"877\">2. N\u00e5gon av v\u00e5ra coacher kommer kontakta er<\/a> &gt; 3. Kom ig\u00e5ng med initiativet &gt; <a href=\"https:\/\/fn.se\/intebarasnack\/inspirera-andra-att-gora-som-ni\/\" data-type=\"page\" data-id=\"881\">4. Inspirera andra att f\u00f6lja efter <\/a><\/li><\/ol>\n","protected":false},"excerpt":{"rendered":"<p>En bra b\u00f6rjan \u00e4r att samla gruppen och g\u00f6ra upp en plan och att-g\u00f6ra-lista. S\u00e5d\u00e4rja, ert f\u00f6rsta m\u00f6te och nu \u00e4r ni officiellt i g\u00e5ng. H\u00e4rligt! Er coach kan hj\u00e4lpa till att prioritera vad ni ska g\u00f6ra, s\u00e5 att ni hinner med skola, tr\u00e4ning, jobb och annat som tiden ska r\u00e4cka till. Hen kan ocks\u00e5 [&hellip;]<\/p>\n","protected":false},"author":224,"featured_media":0,"parent":870,"menu_order":0,"comment_status":"closed","ping_status":"closed","template":"","meta":{"_acf_changed":false,"footnotes":"","_links_to":"","_links_to_target":""},"class_list":["post-879","page","type-page","status-publish","hentry"],"acf":[],"_links":{"self":[{"href":"https:\/\/fn.se\/intebarasnack\/wp-json\/wp\/v2\/pages\/879","targetHints":{"allow":["GET"]}}],"collection":[{"href":"https:\/\/fn.se\/intebarasnack\/wp-json\/wp\/v2\/pages"}],"about":[{"href":"https:\/\/fn.se\/intebarasnack\/wp-json\/wp\/v2\/types\/page"}],"author":[{"embeddable":true,"href":"https:\/\/fn.se\/intebarasnack\/wp-json\/wp\/v2\/users\/224"}],"replies":[{"embeddable":true,"href":"https:\/\/fn.se\/intebarasnack\/wp-json\/wp\/v2\/comments?post=879"}],"version-history":[{"count":6,"href":"https:\/\/fn.se\/intebarasnack\/wp-json\/wp\/v2\/pages\/879\/revisions"}],"predecessor-version":[{"id":998,"href":"https:\/\/fn.se\/intebarasnack\/wp-json\/wp\/v2\/pages\/879\/revisions\/998"}],"up":[{"embeddable":true,"href":"https:\/\/fn.se\/intebarasnack\/wp-json\/wp\/v2\/pages\/870"}],"wp:attachment":[{"href":"https:\/\/fn.se\/intebarasnack\/wp-json\/wp\/v2\/media?parent=879"}],"curies":[{"name":"wp","href":"https:\/\/api.w.org\/{rel}","templated":true}]}}